{"id":1180,"date":"2024-09-19T16:06:34","date_gmt":"2024-09-19T19:06:34","guid":{"rendered":"https:\/\/scientia.international\/?page_id=1180"},"modified":"2026-02-11T15:32:48","modified_gmt":"2026-02-11T18:32:48","slug":"tipos-de-publicaciones-aceptadas","status":"publish","type":"page","link":"https:\/\/scientia.international\/es\/publish\/types-of-publications-accepted\/","title":{"rendered":"Tipos de publicaciones aceptadas"},"content":{"rendered":"<div data-elementor-type=\"wp-page\" data-elementor-id=\"1180\" class=\"elementor elementor-1180\" data-elementor-post-type=\"page\">\n\t\t\t\t<div data-marvy_enable_drop_animation=\"false\" data-marvy_enable_fancy_rotate=\"false\" data-marvy_enable_flying_object=\"false\" data-marvy_enable_ripples_animation=\"false\" data-marvy_enable_waves_animation=\"false\" data-marvy_enable_rings_animation=\"false\" data-marvy_enable_topology_animation=\"false\" data-marvy_enable_gradient_animation=\"false\" data-marvy_enable_snow_animation=\"false\" data-marvy_enable_firework_animation=\"false\" data-marvy_enable_cloud_animation=\"false\" class=\"elementor-element elementor-element-1d5f345 e-flex e-con-boxed e-con e-parent\" data-id=\"1d5f345\" data-element_type=\"container\" data-e-type=\"container\">\n\t\t\t\t\t<div class=\"e-con-inner\">\n\t\t<div data-marvy_enable_drop_animation=\"false\" data-marvy_enable_fancy_rotate=\"false\" data-marvy_enable_flying_object=\"false\" data-marvy_enable_ripples_animation=\"false\" data-marvy_enable_waves_animation=\"false\" data-marvy_enable_rings_animation=\"false\" data-marvy_enable_topology_animation=\"false\" data-marvy_enable_gradient_animation=\"false\" data-marvy_enable_snow_animation=\"false\" data-marvy_enable_firework_animation=\"false\" data-marvy_enable_cloud_animation=\"false\" class=\"elementor-element elementor-element-4d8b07c e-con-full e-flex e-con e-child\" data-id=\"4d8b07c\" data-element_type=\"container\" data-e-type=\"container\">\n\t\t\t\t<div class=\"elementor-element elementor-element-46f64c7 elementor-widget elementor-widget-heading\" data-id=\"46f64c7\" data-element_type=\"widget\" data-e-type=\"widget\" data-widget_type=\"heading.default\">\n\t\t\t\t\t<h2 class=\"elementor-heading-title elementor-size-default\">Tipos de publicaciones aceptadas<\/h2>\t\t\t\t<\/div>\n\t\t\t\t<div class=\"elementor-element elementor-element-81924b6 elementor-widget-divider--view-line elementor-widget elementor-widget-divider\" data-id=\"81924b6\" data-element_type=\"widget\" data-e-type=\"widget\" data-widget_type=\"divider.default\">\n\t\t\t\t\t\t\t<div class=\"elementor-divider\">\n\t\t\t<span class=\"elementor-divider-separator\">\n\t\t\t\t\t\t<\/span>\n\t\t<\/div>\n\t\t\t\t\t\t<\/div>\n\t\t\t\t<\/div>\n\t\t\t\t\t<\/div>\n\t\t\t\t<\/div>\n\t\t<div data-marvy_enable_drop_animation=\"false\" data-marvy_enable_fancy_rotate=\"false\" data-marvy_enable_flying_object=\"false\" data-marvy_enable_ripples_animation=\"false\" data-marvy_enable_waves_animation=\"false\" data-marvy_enable_rings_animation=\"false\" data-marvy_enable_topology_animation=\"false\" data-marvy_enable_gradient_animation=\"false\" data-marvy_enable_snow_animation=\"false\" data-marvy_enable_firework_animation=\"false\" data-marvy_enable_cloud_animation=\"false\" class=\"elementor-element elementor-element-44b1765 e-flex e-con-boxed e-con e-parent\" data-id=\"44b1765\" data-element_type=\"container\" data-e-type=\"container\">\n\t\t\t\t\t<div class=\"e-con-inner\">\n\t\t<div data-marvy_enable_drop_animation=\"false\" data-marvy_enable_fancy_rotate=\"false\" data-marvy_enable_flying_object=\"false\" data-marvy_enable_ripples_animation=\"false\" data-marvy_enable_waves_animation=\"false\" data-marvy_enable_rings_animation=\"false\" data-marvy_enable_topology_animation=\"false\" data-marvy_enable_gradient_animation=\"false\" data-marvy_enable_snow_animation=\"false\" data-marvy_enable_firework_animation=\"false\" data-marvy_enable_cloud_animation=\"false\" class=\"elementor-element elementor-element-21d3bb6 e-con-full e-flex e-con e-child\" data-id=\"21d3bb6\" data-element_type=\"container\" data-e-type=\"container\" data-settings=\"{&quot;background_background&quot;:&quot;classic&quot;}\">\n\t\t\t\t<div class=\"elementor-element elementor-element-3f8fb4a elementor-nav-menu__align-justify elementor-nav-menu--stretch elementor-widget__width-initial elementor-nav-menu--dropdown-tablet elementor-nav-menu__text-align-aside elementor-nav-menu--toggle elementor-nav-menu--burger elementor-widget elementor-widget-nav-menu\" data-id=\"3f8fb4a\" data-element_type=\"widget\" data-e-type=\"widget\" data-settings=\"{&quot;layout&quot;:&quot;vertical&quot;,&quot;full_width&quot;:&quot;stretch&quot;,&quot;submenu_icon&quot;:{&quot;value&quot;:&quot;&lt;svg aria-hidden=\\&quot;true\\&quot; class=\\&quot;e-font-icon-svg e-fas-caret-down\\&quot; viewBox=\\&quot;0 0 320 512\\&quot; xmlns=\\&quot;http:\\\/\\\/www.w3.org\\\/2000\\\/svg\\&quot;&gt;&lt;path d=\\&quot;M31.3 192h257.3c17.8 0 26.7 21.5 14.1 34.1L174.1 354.8c-7.8 7.8-20.5 7.8-28.3 0L17.2 226.1C4.6 213.5 13.5 192 31.3 192z\\&quot;&gt;&lt;\\\/path&gt;&lt;\\\/svg&gt;&quot;,&quot;library&quot;:&quot;fa-solid&quot;},&quot;toggle&quot;:&quot;burger&quot;}\" data-widget_type=\"nav-menu.default\">\n\t\t\t\t\t\t\t\t<nav aria-label=\"Men\u00fa\" class=\"elementor-nav-menu--main elementor-nav-menu__container elementor-nav-menu--layout-vertical e--pointer-background e--animation-fade\">\n\t\t\t\t<ul id=\"menu-1-3f8fb4a\" class=\"elementor-nav-menu sm-vertical\"><li class=\"menu-item menu-item-type-post_type menu-item-object-page menu-item-1207\"><a href=\"https:\/\/scientia.international\/es\/publish\/\" class=\"elementor-item\">Proceso editorial<\/a><\/li>\n<li class=\"menu-item menu-item-type-post_type menu-item-object-page menu-item-1211\"><a href=\"https:\/\/scientia.international\/es\/publish\/types-of-publications-accepted\/\" class=\"elementor-item\">Tipos de publicaciones aceptadas<\/a><\/li>\n<li class=\"menu-item menu-item-type-post_type menu-item-object-page menu-item-1208\"><a href=\"https:\/\/scientia.international\/es\/publish\/apc\/\" class=\"elementor-item\">Tarifas de procesamiento de art\u00edculos (APC)<\/a><\/li>\n<li class=\"menu-item menu-item-type-post_type menu-item-object-page menu-item-1210\"><a href=\"https:\/\/scientia.international\/es\/publish\/open-peer-review\/\" class=\"elementor-item\">Revisi\u00f3n paritaria abierta<\/a><\/li>\n<li class=\"menu-item menu-item-type-post_type menu-item-object-page menu-item-1209\"><a href=\"https:\/\/scientia.international\/es\/publish\/open-access\/\" class=\"elementor-item\">Acceso abierto<\/a><\/li>\n<li class=\"menu-item menu-item-type-post_type menu-item-object-page menu-item-1217\"><a href=\"https:\/\/scientia.international\/es\/publish\/code-of-ethics\/\" class=\"elementor-item\">C\u00f3digo \u00e9tico<\/a><\/li>\n<\/ul>\t\t\t<\/nav>\n\t\t\t\t\t<div class=\"elementor-menu-toggle\" role=\"button\" tabindex=\"0\" aria-label=\"Alternar men\u00fa\" aria-expanded=\"false\">\n\t\t\t<svg aria-hidden=\"true\" role=\"presentation\" class=\"elementor-menu-toggle__icon--open e-font-icon-svg e-eicon-menu-bar\" viewbox=\"0 0 1000 1000\" xmlns=\"http:\/\/www.w3.org\/2000\/svg\"><path d=\"M104 333H896C929 333 958 304 958 271S929 208 896 208H104C71 208 42 237 42 271S71 333 104 333ZM104 583H896C929 583 958 554 958 521S929 458 896 458H104C71 458 42 487 42 521S71 583 104 583ZM104 833H896C929 833 958 804 958 771S929 708 896 708H104C71 708 42 737 42 771S71 833 104 833Z\"><\/path><\/svg><svg aria-hidden=\"true\" role=\"presentation\" class=\"elementor-menu-toggle__icon--close e-font-icon-svg e-eicon-close\" viewbox=\"0 0 1000 1000\" xmlns=\"http:\/\/www.w3.org\/2000\/svg\"><path d=\"M742 167L500 408 258 167C246 154 233 150 217 150 196 150 179 158 167 167 154 179 150 196 150 212 150 229 154 242 171 254L408 500 167 742C138 771 138 800 167 829 196 858 225 858 254 829L496 587 738 829C750 842 767 846 783 846 800 846 817 842 829 829 842 817 846 804 846 783 846 767 842 750 829 737L588 500 833 258C863 229 863 200 833 171 804 137 775 137 742 167Z\"><\/path><\/svg>\t\t<\/div>\n\t\t\t\t\t<nav class=\"elementor-nav-menu--dropdown elementor-nav-menu__container\" aria-hidden=\"true\">\n\t\t\t\t<ul id=\"menu-2-3f8fb4a\" class=\"elementor-nav-menu sm-vertical\"><li class=\"menu-item menu-item-type-post_type menu-item-object-page menu-item-1207\"><a href=\"https:\/\/scientia.international\/es\/publish\/\" class=\"elementor-item\" tabindex=\"-1\">Proceso editorial<\/a><\/li>\n<li class=\"menu-item menu-item-type-post_type menu-item-object-page menu-item-1211\"><a href=\"https:\/\/scientia.international\/es\/publish\/types-of-publications-accepted\/\" class=\"elementor-item\" tabindex=\"-1\">Tipos de publicaciones aceptadas<\/a><\/li>\n<li class=\"menu-item menu-item-type-post_type menu-item-object-page menu-item-1208\"><a href=\"https:\/\/scientia.international\/es\/publish\/apc\/\" class=\"elementor-item\" tabindex=\"-1\">Tarifas de procesamiento de art\u00edculos (APC)<\/a><\/li>\n<li class=\"menu-item menu-item-type-post_type menu-item-object-page menu-item-1210\"><a href=\"https:\/\/scientia.international\/es\/publish\/open-peer-review\/\" class=\"elementor-item\" tabindex=\"-1\">Revisi\u00f3n paritaria abierta<\/a><\/li>\n<li class=\"menu-item menu-item-type-post_type menu-item-object-page menu-item-1209\"><a href=\"https:\/\/scientia.international\/es\/publish\/open-access\/\" class=\"elementor-item\" tabindex=\"-1\">Acceso abierto<\/a><\/li>\n<li class=\"menu-item menu-item-type-post_type menu-item-object-page menu-item-1217\"><a href=\"https:\/\/scientia.international\/es\/publish\/code-of-ethics\/\" class=\"elementor-item\" tabindex=\"-1\">C\u00f3digo \u00e9tico<\/a><\/li>\n<\/ul>\t\t\t<\/nav>\n\t\t\t\t\t\t<\/div>\n\t\t\t\t<\/div>\n\t\t<div data-marvy_enable_drop_animation=\"false\" data-marvy_enable_fancy_rotate=\"false\" data-marvy_enable_flying_object=\"false\" data-marvy_enable_ripples_animation=\"false\" data-marvy_enable_waves_animation=\"false\" data-marvy_enable_rings_animation=\"false\" data-marvy_enable_topology_animation=\"false\" data-marvy_enable_gradient_animation=\"false\" data-marvy_enable_snow_animation=\"false\" data-marvy_enable_firework_animation=\"false\" data-marvy_enable_cloud_animation=\"false\" class=\"elementor-element elementor-element-eb90005 e-con-full e-flex e-con e-child\" data-id=\"eb90005\" data-element_type=\"container\" data-e-type=\"container\">\n\t\t\t\t<div class=\"elementor-element elementor-element-fc280fd elementor-widget elementor-widget-heading\" data-id=\"fc280fd\" data-element_type=\"widget\" data-e-type=\"widget\" data-widget_type=\"heading.default\">\n\t\t\t\t\t<h2 class=\"elementor-heading-title elementor-size-default\">Tipos de publicaciones aceptadas<\/h2>\t\t\t\t<\/div>\n\t\t\t\t<div class=\"elementor-element elementor-element-2d89bcd elementor-widget elementor-widget-text-editor\" data-id=\"2d89bcd\" data-element_type=\"widget\" data-e-type=\"widget\" data-widget_type=\"text-editor.default\">\n\t\t\t\t\t\t\t\t\t<p>Las revistas de Scientia International publican contribuciones acad\u00e9micas revisadas por pares en todas las \u00e1reas del conocimiento bajo un modelo de revisi\u00f3n abierta por pares y una pol\u00edtica de publicaci\u00f3n multiling\u00fce.<\/p><p>Todos los art\u00edculos aceptados se publican en ingl\u00e9s, espa\u00f1ol y portugu\u00e9s, y los metadatos est\u00e1n disponibles en seis idiomas. Se recomienda a los autores que consulten las directrices editoriales antes de enviar sus art\u00edculos.<\/p><p><br \/><strong>Formato de presentaci\u00f3n<\/strong><br \/>Los manuscritos pueden enviarse en formato DOC, DOCX o RTF. Existe una plantilla de formato a disposici\u00f3n de los autores que deseen utilizarla.<\/p><p>\u00a0<\/p><p><strong>Art\u00edculos de investigaci\u00f3n (RA)<\/strong><br \/>Investigaci\u00f3n emp\u00edrica o te\u00f3rica original que presente nuevos hallazgos con objetivos, metodolog\u00eda, resultados y discusi\u00f3n claramente definidos.<\/p><p>\u00a0<\/p><p><strong>Art\u00edculos de revisi\u00f3n (REV)<\/strong><br \/>An\u00e1lisis exhaustivos y cr\u00edticos de la bibliograf\u00eda existente, sintetizando los conocimientos actuales e identificando las lagunas en la investigaci\u00f3n.<\/p><p>\u00a0<\/p><p><strong>Revisiones sistem\u00e1ticas (RS)<\/strong><br \/>Revisiones estructuradas que abordan cuestiones de investigaci\u00f3n claramente formuladas utilizando m\u00e9todos sistem\u00e1ticos para la identificaci\u00f3n, selecci\u00f3n y evaluaci\u00f3n cr\u00edtica de los estudios.<\/p><p>\u00a0<\/p><p><strong>Art\u00edculos metodol\u00f3gicos (MA)<\/strong><br \/>Art\u00edculos que presenten nuevos m\u00e9todos, modificaciones significativas de m\u00e9todos existentes o aplicaciones innovadoras de metodolog\u00edas establecidas.<\/p><p>\u00a0<\/p><p><strong>Casos pr\u00e1cticos (CS)<\/strong><br \/>An\u00e1lisis en profundidad de casos, instituciones, situaciones o fen\u00f3menos espec\u00edficos dentro de contextos reales o te\u00f3ricos.<\/p><p>\u00a0<\/p><p><strong>Comunicaciones breves (SC)<\/strong><br \/>Informes breves que presenten resultados preliminares o estudios concisos de relevancia cient\u00edfica inmediata.<\/p><p>\u00a0<\/p><p><strong>Informes pol\u00edticos (PB)<\/strong><br \/>Documentos anal\u00edticos concisos que aborden cuestiones pol\u00edticas o institucionales, incluyendo implicaciones pr\u00e1cticas y recomendaciones basadas en pruebas.<\/p><p>\u00a0<\/p><p><strong>Rese\u00f1as de libros (BR)<\/strong><br \/>Evaluaciones cr\u00edticas de libros acad\u00e9micos de reciente publicaci\u00f3n relevantes para el \u00e1mbito de la revista.<\/p><p>\u00a0<\/p><p><strong>Art\u00edculos de traducci\u00f3n (AT)<\/strong><br \/>Traducciones autorizadas de trabajos acad\u00e9micos publicados con anterioridad, que incluyan una referencia completa a la versi\u00f3n original y un permiso documentado de los titulares de los derechos.<\/p><p>\u00a0<\/p><p><strong>Categor\u00edas adicionales (activadas seg\u00fan la demanda editorial)<\/strong><br \/>Las siguientes categor\u00edas pueden activarse en funci\u00f3n del \u00e1mbito tem\u00e1tico, los n\u00fameros especiales o la demanda editorial.<\/p><p>\u00a0<\/p><p><strong>Informes registrados (RR)<\/strong><br \/>Art\u00edculos emp\u00edricos en los que los m\u00e9todos de investigaci\u00f3n y los an\u00e1lisis propuestos son revisados por expertos antes de comenzar la recopilaci\u00f3n de datos, lo que aumenta la transparencia y el rigor metodol\u00f3gico.<\/p><p>\u00a0<\/p><p><strong>Protocolos de estudio (PE)<\/strong><br \/>Descripciones detalladas de los dise\u00f1os de los estudios de investigaci\u00f3n, incluidos los objetivos, la metodolog\u00eda y los an\u00e1lisis previstos. Los protocolos de las revisiones sistem\u00e1ticas deben registrarse con antelaci\u00f3n.<\/p><p>\u00a0<\/p><p><strong>Documentos de datos (DP)<\/strong><br \/>Descripciones revisadas por expertos de conjuntos de datos, incluidos los m\u00e9todos de recopilaci\u00f3n de datos, la estructura y la posible reutilizaci\u00f3n, sin presentar conclusiones anal\u00edticas.<\/p><p>\u00a0<\/p><p><strong>Art\u00edculos sobre herramientas de software (STA)<\/strong><br \/>Art\u00edculos que presenten el desarrollo de nuevas herramientas inform\u00e1ticas o actualizaciones significativas de herramientas existentes, incluyendo la justificaci\u00f3n metodol\u00f3gica y ejemplos de aplicaci\u00f3n.<\/p><p>\u00a0<\/p><p><strong>Art\u00edculos de perspectiva (PA)<\/strong><br \/>Reflexiones eruditas que presentan puntos de vista fundamentados sobre cuestiones o debates emergentes dentro de un campo espec\u00edfico, basados en la argumentaci\u00f3n acad\u00e9mica.<\/p><p>\u00a0<\/p><p><strong>Comentarios (COM)<\/strong><br \/>Textos breves revisados por expertos que discutan o respondan a art\u00edculos previamente publicados, contribuyendo al di\u00e1logo acad\u00e9mico.<\/p><p>\u00a0<\/p><p><strong>Declaraciones de consenso (CONS)<\/strong><br \/>Documentos elaborados por grupos de expertos que presentan recomendaciones o directrices consensuadas sobre cuestiones cient\u00edficas o profesionales espec\u00edficas.<\/p><p>\u00a0<\/p><p><strong>Estudios de replicaci\u00f3n (RS)<\/strong><br \/>Estudios dise\u00f1ados para replicar investigaciones publicadas previamente con el fin de confirmar, refinar o cuestionar los hallazgos existentes.<\/p>\t\t\t\t\t\t\t\t<\/div>\n\t\t\t\t<\/div>\n\t\t\t\t\t<\/div>\n\t\t\t\t<\/div>\n\t\t<div data-marvy_enable_drop_animation=\"false\" data-marvy_enable_fancy_rotate=\"false\" data-marvy_enable_flying_object=\"false\" data-marvy_enable_ripples_animation=\"false\" data-marvy_enable_waves_animation=\"false\" data-marvy_enable_rings_animation=\"false\" data-marvy_enable_topology_animation=\"false\" data-marvy_enable_gradient_animation=\"false\" data-marvy_enable_snow_animation=\"false\" data-marvy_enable_firework_animation=\"false\" data-marvy_enable_cloud_animation=\"false\" class=\"elementor-element elementor-element-a0e2263 e-flex e-con-boxed e-con e-parent\" data-id=\"a0e2263\" data-element_type=\"container\" data-e-type=\"container\">\n\t\t\t\t\t<div class=\"e-con-inner\">\n\t\t\t\t\t<\/div>\n\t\t\t\t<\/div>\n\t\t\t\t<\/div>","protected":false},"excerpt":{"rendered":"<p>Types of Publications Accepted Scientia International Journals publish peer-reviewed academic contributions across all areas of knowledge under an Open Peer Review model and a multilingual publication policy. All accepted articles are published in English, Spanish, and Portuguese, with metadata available in six languages. Authors are encouraged to consult the editorial guidelines before submission. Submission FormatManuscripts [&hellip;]<\/p>\n","protected":false},"author":1,"featured_media":0,"parent":798,"menu_order":0,"comment_status":"closed","ping_status":"closed","template":"elementor_header_footer","meta":{"_mo_disable_npp":"","om_disable_all_campaigns":false,"_monsterinsights_skip_tracking":false,"_monsterinsights_sitenote_active":false,"_monsterinsights_sitenote_note":"","_monsterinsights_sitenote_category":0,"_uf_show_specific_survey":0,"_uf_disable_surveys":false,"footnotes":""},"class_list":["post-1180","page","type-page","status-publish","hentry"],"yoast_head":"<!-- This site is optimized with the Yoast SEO plugin v27.4 - https:\/\/yoast.com\/product\/yoast-seo-wordpress\/ -->\n<title>Types of Publications Accepted - Scientia International<\/title>\n<meta name=\"robots\" content=\"index, follow, max-snippet:-1, max-image-preview:large, max-video-preview:-1\" \/>\n<link rel=\"canonical\" href=\"https:\/\/scientia.international\/es\/publique\/tipos-de-publicaciones-aceptadas\/\" \/>\n<meta property=\"og:locale\" content=\"es_ES\" \/>\n<meta property=\"og:type\" content=\"article\" \/>\n<meta property=\"og:title\" content=\"Types of Publications Accepted - Scientia International\" \/>\n<meta property=\"og:description\" content=\"Types of Publications Accepted Scientia International Journals publish peer-reviewed academic contributions across all areas of knowledge under an Open Peer Review model and a multilingual publication policy. All accepted articles are published in English, Spanish, and Portuguese, with metadata available in six languages. Authors are encouraged to consult the editorial guidelines before submission. Submission FormatManuscripts [&hellip;]\" \/>\n<meta property=\"og:url\" content=\"https:\/\/scientia.international\/es\/publique\/tipos-de-publicaciones-aceptadas\/\" \/>\n<meta property=\"og:site_name\" content=\"Scientia International\" \/>\n<meta property=\"article:modified_time\" content=\"2026-02-11T18:32:48+00:00\" \/>\n<meta name=\"twitter:card\" content=\"summary_large_image\" \/>\n<meta name=\"twitter:label1\" content=\"Tiempo de lectura\" \/>\n\t<meta name=\"twitter:data1\" content=\"3 minutos\" \/>\n<script type=\"application\/ld+json\" class=\"yoast-schema-graph\">{\"@context\":\"https:\\\/\\\/schema.org\",\"@graph\":[{\"@type\":\"WebPage\",\"@id\":\"https:\\\/\\\/scientia.international\\\/es\\\/publique\\\/tipos-de-publicaciones-aceptadas\\\/\",\"url\":\"https:\\\/\\\/scientia.international\\\/es\\\/publique\\\/tipos-de-publicaciones-aceptadas\\\/\",\"name\":\"Types of Publications Accepted - Scientia International\",\"isPartOf\":{\"@id\":\"https:\\\/\\\/scientia.international\\\/es\\\/#website\"},\"datePublished\":\"2024-09-19T19:06:34+00:00\",\"dateModified\":\"2026-02-11T18:32:48+00:00\",\"breadcrumb\":{\"@id\":\"https:\\\/\\\/scientia.international\\\/es\\\/publique\\\/tipos-de-publicaciones-aceptadas\\\/#breadcrumb\"},\"inLanguage\":\"es\",\"potentialAction\":[{\"@type\":\"ReadAction\",\"target\":[\"https:\\\/\\\/scientia.international\\\/es\\\/publique\\\/tipos-de-publicaciones-aceptadas\\\/\"]}]},{\"@type\":\"BreadcrumbList\",\"@id\":\"https:\\\/\\\/scientia.international\\\/es\\\/publique\\\/tipos-de-publicaciones-aceptadas\\\/#breadcrumb\",\"itemListElement\":[{\"@type\":\"ListItem\",\"position\":1,\"name\":\"Home\",\"item\":\"https:\\\/\\\/scientia.international\\\/\"},{\"@type\":\"ListItem\",\"position\":2,\"name\":\"Publish\",\"item\":\"https:\\\/\\\/scientia.international\\\/publish\\\/\"},{\"@type\":\"ListItem\",\"position\":3,\"name\":\"Types of Publications Accepted\"}]},{\"@type\":\"WebSite\",\"@id\":\"https:\\\/\\\/scientia.international\\\/es\\\/#website\",\"url\":\"https:\\\/\\\/scientia.international\\\/es\\\/\",\"name\":\"Scientia International\",\"description\":\"Global science in open access!\",\"potentialAction\":[{\"@type\":\"SearchAction\",\"target\":{\"@type\":\"EntryPoint\",\"urlTemplate\":\"https:\\\/\\\/scientia.international\\\/es\\\/?s={search_term_string}\"},\"query-input\":{\"@type\":\"PropertyValueSpecification\",\"valueRequired\":true,\"valueName\":\"search_term_string\"}}],\"inLanguage\":\"es\"}]}<\/script>\n<!-- \/ Yoast SEO plugin. -->","yoast_head_json":{"title":"Tipos de publicaciones aceptadas - Scientia Internacional","robots":{"index":"index","follow":"follow","max-snippet":"max-snippet:-1","max-image-preview":"max-image-preview:large","max-video-preview":"max-video-preview:-1"},"canonical":"https:\/\/scientia.international\/es\/publique\/tipos-de-publicaciones-aceptadas\/","og_locale":"es_ES","og_type":"article","og_title":"Types of Publications Accepted - Scientia International","og_description":"Types of Publications Accepted Scientia International Journals publish peer-reviewed academic contributions across all areas of knowledge under an Open Peer Review model and a multilingual publication policy. All accepted articles are published in English, Spanish, and Portuguese, with metadata available in six languages. Authors are encouraged to consult the editorial guidelines before submission. Submission FormatManuscripts [&hellip;]","og_url":"https:\/\/scientia.international\/es\/publique\/tipos-de-publicaciones-aceptadas\/","og_site_name":"Scientia International","article_modified_time":"2026-02-11T18:32:48+00:00","twitter_card":"summary_large_image","twitter_misc":{"Tiempo de lectura":"3 minutos"},"schema":{"@context":"https:\/\/schema.org","@graph":[{"@type":"WebPage","@id":"https:\/\/scientia.international\/es\/publique\/tipos-de-publicaciones-aceptadas\/","url":"https:\/\/scientia.international\/es\/publique\/tipos-de-publicaciones-aceptadas\/","name":"Tipos de publicaciones aceptadas - Scientia Internacional","isPartOf":{"@id":"https:\/\/scientia.international\/es\/#website"},"datePublished":"2024-09-19T19:06:34+00:00","dateModified":"2026-02-11T18:32:48+00:00","breadcrumb":{"@id":"https:\/\/scientia.international\/es\/publique\/tipos-de-publicaciones-aceptadas\/#breadcrumb"},"inLanguage":"es","potentialAction":[{"@type":"ReadAction","target":["https:\/\/scientia.international\/es\/publique\/tipos-de-publicaciones-aceptadas\/"]}]},{"@type":"BreadcrumbList","@id":"https:\/\/scientia.international\/es\/publique\/tipos-de-publicaciones-aceptadas\/#breadcrumb","itemListElement":[{"@type":"ListItem","position":1,"name":"Home","item":"https:\/\/scientia.international\/"},{"@type":"ListItem","position":2,"name":"Publish","item":"https:\/\/scientia.international\/publish\/"},{"@type":"ListItem","position":3,"name":"Types of Publications Accepted"}]},{"@type":"WebSite","@id":"https:\/\/scientia.international\/es\/#website","url":"https:\/\/scientia.international\/es\/","name":"Scientia Internacional","description":"\u00a1Ciencia global en acceso abierto!","potentialAction":[{"@type":"SearchAction","target":{"@type":"EntryPoint","urlTemplate":"https:\/\/scientia.international\/es\/?s={search_term_string}"},"query-input":{"@type":"PropertyValueSpecification","valueRequired":true,"valueName":"search_term_string"}}],"inLanguage":"es"}]}},"_links":{"self":[{"href":"https:\/\/scientia.international\/es\/wp-json\/wp\/v2\/pages\/1180","targetHints":{"allow":["GET"]}}],"collection":[{"href":"https:\/\/scientia.international\/es\/wp-json\/wp\/v2\/pages"}],"about":[{"href":"https:\/\/scientia.international\/es\/wp-json\/wp\/v2\/types\/page"}],"author":[{"embeddable":true,"href":"https:\/\/scientia.international\/es\/wp-json\/wp\/v2\/users\/1"}],"replies":[{"embeddable":true,"href":"https:\/\/scientia.international\/es\/wp-json\/wp\/v2\/comments?post=1180"}],"version-history":[{"count":7,"href":"https:\/\/scientia.international\/es\/wp-json\/wp\/v2\/pages\/1180\/revisions"}],"predecessor-version":[{"id":1920,"href":"https:\/\/scientia.international\/es\/wp-json\/wp\/v2\/pages\/1180\/revisions\/1920"}],"up":[{"embeddable":true,"href":"https:\/\/scientia.international\/es\/wp-json\/wp\/v2\/pages\/798"}],"wp:attachment":[{"href":"https:\/\/scientia.international\/es\/wp-json\/wp\/v2\/media?parent=1180"}],"curies":[{"name":"gracias","href":"https:\/\/api.w.org\/{rel}","templated":true}]}}