{"id":1191,"date":"2024-09-19T16:20:29","date_gmt":"2024-09-19T19:20:29","guid":{"rendered":"https:\/\/scientia.international\/?page_id=1191"},"modified":"2024-10-30T11:18:34","modified_gmt":"2024-10-30T14:18:34","slug":"acceso-abierto","status":"publish","type":"page","link":"https:\/\/scientia.international\/es\/publish\/open-access\/","title":{"rendered":"Acceso abierto"},"content":{"rendered":"<div data-elementor-type=\"wp-page\" data-elementor-id=\"1191\" class=\"elementor elementor-1191\" data-elementor-post-type=\"page\">\n\t\t\t\t<div data-marvy_enable_drop_animation=\"false\" data-marvy_enable_fancy_rotate=\"false\" data-marvy_enable_flying_object=\"false\" data-marvy_enable_ripples_animation=\"false\" data-marvy_enable_waves_animation=\"false\" data-marvy_enable_rings_animation=\"false\" data-marvy_enable_topology_animation=\"false\" data-marvy_enable_gradient_animation=\"false\" data-marvy_enable_snow_animation=\"false\" data-marvy_enable_firework_animation=\"false\" data-marvy_enable_cloud_animation=\"false\" class=\"elementor-element elementor-element-1d5f345 e-flex e-con-boxed e-con e-parent\" data-id=\"1d5f345\" data-element_type=\"container\" data-e-type=\"container\">\n\t\t\t\t\t<div class=\"e-con-inner\">\n\t\t<div data-marvy_enable_drop_animation=\"false\" data-marvy_enable_fancy_rotate=\"false\" data-marvy_enable_flying_object=\"false\" data-marvy_enable_ripples_animation=\"false\" data-marvy_enable_waves_animation=\"false\" data-marvy_enable_rings_animation=\"false\" data-marvy_enable_topology_animation=\"false\" data-marvy_enable_gradient_animation=\"false\" data-marvy_enable_snow_animation=\"false\" data-marvy_enable_firework_animation=\"false\" data-marvy_enable_cloud_animation=\"false\" class=\"elementor-element elementor-element-4d8b07c e-con-full e-flex e-con e-child\" data-id=\"4d8b07c\" data-element_type=\"container\" data-e-type=\"container\">\n\t\t\t\t<div class=\"elementor-element elementor-element-46f64c7 elementor-widget elementor-widget-heading\" data-id=\"46f64c7\" data-element_type=\"widget\" data-e-type=\"widget\" data-widget_type=\"heading.default\">\n\t\t\t\t\t<h2 class=\"elementor-heading-title elementor-size-default\">Acceso abierto<\/h2>\t\t\t\t<\/div>\n\t\t\t\t<div class=\"elementor-element elementor-element-81924b6 elementor-widget-divider--view-line elementor-widget elementor-widget-divider\" data-id=\"81924b6\" data-element_type=\"widget\" data-e-type=\"widget\" data-widget_type=\"divider.default\">\n\t\t\t\t\t\t\t<div class=\"elementor-divider\">\n\t\t\t<span class=\"elementor-divider-separator\">\n\t\t\t\t\t\t<\/span>\n\t\t<\/div>\n\t\t\t\t\t\t<\/div>\n\t\t\t\t<\/div>\n\t\t\t\t\t<\/div>\n\t\t\t\t<\/div>\n\t\t<div data-marvy_enable_drop_animation=\"false\" data-marvy_enable_fancy_rotate=\"false\" data-marvy_enable_flying_object=\"false\" data-marvy_enable_ripples_animation=\"false\" data-marvy_enable_waves_animation=\"false\" data-marvy_enable_rings_animation=\"false\" data-marvy_enable_topology_animation=\"false\" data-marvy_enable_gradient_animation=\"false\" data-marvy_enable_snow_animation=\"false\" data-marvy_enable_firework_animation=\"false\" data-marvy_enable_cloud_animation=\"false\" class=\"elementor-element elementor-element-44b1765 e-flex e-con-boxed e-con e-parent\" data-id=\"44b1765\" data-element_type=\"container\" data-e-type=\"container\">\n\t\t\t\t\t<div class=\"e-con-inner\">\n\t\t<div data-marvy_enable_drop_animation=\"false\" data-marvy_enable_fancy_rotate=\"false\" data-marvy_enable_flying_object=\"false\" data-marvy_enable_ripples_animation=\"false\" data-marvy_enable_waves_animation=\"false\" data-marvy_enable_rings_animation=\"false\" data-marvy_enable_topology_animation=\"false\" data-marvy_enable_gradient_animation=\"false\" data-marvy_enable_snow_animation=\"false\" data-marvy_enable_firework_animation=\"false\" data-marvy_enable_cloud_animation=\"false\" class=\"elementor-element elementor-element-21d3bb6 e-con-full e-flex e-con e-child\" data-id=\"21d3bb6\" data-element_type=\"container\" data-e-type=\"container\" data-settings=\"{&quot;background_background&quot;:&quot;classic&quot;}\">\n\t\t\t\t<div class=\"elementor-element elementor-element-3f8fb4a elementor-nav-menu__align-justify elementor-nav-menu--stretch elementor-widget__width-initial elementor-nav-menu--dropdown-tablet elementor-nav-menu__text-align-aside elementor-nav-menu--toggle elementor-nav-menu--burger elementor-widget elementor-widget-nav-menu\" data-id=\"3f8fb4a\" data-element_type=\"widget\" data-e-type=\"widget\" data-settings=\"{&quot;layout&quot;:&quot;vertical&quot;,&quot;full_width&quot;:&quot;stretch&quot;,&quot;submenu_icon&quot;:{&quot;value&quot;:&quot;&lt;svg aria-hidden=\\&quot;true\\&quot; class=\\&quot;e-font-icon-svg e-fas-caret-down\\&quot; viewBox=\\&quot;0 0 320 512\\&quot; xmlns=\\&quot;http:\\\/\\\/www.w3.org\\\/2000\\\/svg\\&quot;&gt;&lt;path d=\\&quot;M31.3 192h257.3c17.8 0 26.7 21.5 14.1 34.1L174.1 354.8c-7.8 7.8-20.5 7.8-28.3 0L17.2 226.1C4.6 213.5 13.5 192 31.3 192z\\&quot;&gt;&lt;\\\/path&gt;&lt;\\\/svg&gt;&quot;,&quot;library&quot;:&quot;fa-solid&quot;},&quot;toggle&quot;:&quot;burger&quot;}\" data-widget_type=\"nav-menu.default\">\n\t\t\t\t\t\t\t\t<nav aria-label=\"Men\u00fa\" class=\"elementor-nav-menu--main elementor-nav-menu__container elementor-nav-menu--layout-vertical e--pointer-background e--animation-fade\">\n\t\t\t\t<ul id=\"menu-1-3f8fb4a\" class=\"elementor-nav-menu sm-vertical\"><li class=\"menu-item menu-item-type-post_type menu-item-object-page menu-item-1207\"><a href=\"https:\/\/scientia.international\/es\/publish\/\" class=\"elementor-item\">Proceso editorial<\/a><\/li>\n<li class=\"menu-item menu-item-type-post_type menu-item-object-page menu-item-1211\"><a href=\"https:\/\/scientia.international\/es\/publish\/types-of-publications-accepted\/\" class=\"elementor-item\">Tipos de publicaciones aceptadas<\/a><\/li>\n<li class=\"menu-item menu-item-type-post_type menu-item-object-page menu-item-1208\"><a href=\"https:\/\/scientia.international\/es\/publish\/apc\/\" class=\"elementor-item\">Tarifas de procesamiento de art\u00edculos (APC)<\/a><\/li>\n<li class=\"menu-item menu-item-type-post_type menu-item-object-page menu-item-1210\"><a href=\"https:\/\/scientia.international\/es\/publish\/open-peer-review\/\" class=\"elementor-item\">Revisi\u00f3n paritaria abierta<\/a><\/li>\n<li class=\"menu-item menu-item-type-post_type menu-item-object-page menu-item-1209\"><a href=\"https:\/\/scientia.international\/es\/publish\/open-access\/\" class=\"elementor-item\">Acceso abierto<\/a><\/li>\n<li class=\"menu-item menu-item-type-post_type menu-item-object-page menu-item-1217\"><a href=\"https:\/\/scientia.international\/es\/publish\/code-of-ethics\/\" class=\"elementor-item\">C\u00f3digo \u00e9tico<\/a><\/li>\n<\/ul>\t\t\t<\/nav>\n\t\t\t\t\t<div class=\"elementor-menu-toggle\" role=\"button\" tabindex=\"0\" aria-label=\"Alternar men\u00fa\" aria-expanded=\"false\">\n\t\t\t<svg aria-hidden=\"true\" role=\"presentation\" class=\"elementor-menu-toggle__icon--open e-font-icon-svg e-eicon-menu-bar\" viewbox=\"0 0 1000 1000\" xmlns=\"http:\/\/www.w3.org\/2000\/svg\"><path d=\"M104 333H896C929 333 958 304 958 271S929 208 896 208H104C71 208 42 237 42 271S71 333 104 333ZM104 583H896C929 583 958 554 958 521S929 458 896 458H104C71 458 42 487 42 521S71 583 104 583ZM104 833H896C929 833 958 804 958 771S929 708 896 708H104C71 708 42 737 42 771S71 833 104 833Z\"><\/path><\/svg><svg aria-hidden=\"true\" role=\"presentation\" class=\"elementor-menu-toggle__icon--close e-font-icon-svg e-eicon-close\" viewbox=\"0 0 1000 1000\" xmlns=\"http:\/\/www.w3.org\/2000\/svg\"><path d=\"M742 167L500 408 258 167C246 154 233 150 217 150 196 150 179 158 167 167 154 179 150 196 150 212 150 229 154 242 171 254L408 500 167 742C138 771 138 800 167 829 196 858 225 858 254 829L496 587 738 829C750 842 767 846 783 846 800 846 817 842 829 829 842 817 846 804 846 783 846 767 842 750 829 737L588 500 833 258C863 229 863 200 833 171 804 137 775 137 742 167Z\"><\/path><\/svg>\t\t<\/div>\n\t\t\t\t\t<nav class=\"elementor-nav-menu--dropdown elementor-nav-menu__container\" aria-hidden=\"true\">\n\t\t\t\t<ul id=\"menu-2-3f8fb4a\" class=\"elementor-nav-menu sm-vertical\"><li class=\"menu-item menu-item-type-post_type menu-item-object-page menu-item-1207\"><a href=\"https:\/\/scientia.international\/es\/publish\/\" class=\"elementor-item\" tabindex=\"-1\">Proceso editorial<\/a><\/li>\n<li class=\"menu-item menu-item-type-post_type menu-item-object-page menu-item-1211\"><a href=\"https:\/\/scientia.international\/es\/publish\/types-of-publications-accepted\/\" class=\"elementor-item\" tabindex=\"-1\">Tipos de publicaciones aceptadas<\/a><\/li>\n<li class=\"menu-item menu-item-type-post_type menu-item-object-page menu-item-1208\"><a href=\"https:\/\/scientia.international\/es\/publish\/apc\/\" class=\"elementor-item\" tabindex=\"-1\">Tarifas de procesamiento de art\u00edculos (APC)<\/a><\/li>\n<li class=\"menu-item menu-item-type-post_type menu-item-object-page menu-item-1210\"><a href=\"https:\/\/scientia.international\/es\/publish\/open-peer-review\/\" class=\"elementor-item\" tabindex=\"-1\">Revisi\u00f3n paritaria abierta<\/a><\/li>\n<li class=\"menu-item menu-item-type-post_type menu-item-object-page menu-item-1209\"><a href=\"https:\/\/scientia.international\/es\/publish\/open-access\/\" class=\"elementor-item\" tabindex=\"-1\">Acceso abierto<\/a><\/li>\n<li class=\"menu-item menu-item-type-post_type menu-item-object-page menu-item-1217\"><a href=\"https:\/\/scientia.international\/es\/publish\/code-of-ethics\/\" class=\"elementor-item\" tabindex=\"-1\">C\u00f3digo \u00e9tico<\/a><\/li>\n<\/ul>\t\t\t<\/nav>\n\t\t\t\t\t\t<\/div>\n\t\t\t\t<\/div>\n\t\t<div data-marvy_enable_drop_animation=\"false\" data-marvy_enable_fancy_rotate=\"false\" data-marvy_enable_flying_object=\"false\" data-marvy_enable_ripples_animation=\"false\" data-marvy_enable_waves_animation=\"false\" data-marvy_enable_rings_animation=\"false\" data-marvy_enable_topology_animation=\"false\" data-marvy_enable_gradient_animation=\"false\" data-marvy_enable_snow_animation=\"false\" data-marvy_enable_firework_animation=\"false\" data-marvy_enable_cloud_animation=\"false\" class=\"elementor-element elementor-element-eb90005 e-con-full e-flex e-con e-child\" data-id=\"eb90005\" data-element_type=\"container\" data-e-type=\"container\">\n\t\t\t\t<div class=\"elementor-element elementor-element-fc280fd elementor-widget elementor-widget-heading\" data-id=\"fc280fd\" data-element_type=\"widget\" data-e-type=\"widget\" data-widget_type=\"heading.default\">\n\t\t\t\t\t<h2 class=\"elementor-heading-title elementor-size-default\">Acceso abierto<\/h2>\t\t\t\t<\/div>\n\t\t\t\t<div class=\"elementor-element elementor-element-2d89bcd elementor-widget elementor-widget-text-editor\" data-id=\"2d89bcd\" data-element_type=\"widget\" data-e-type=\"widget\" data-widget_type=\"text-editor.default\">\n\t\t\t\t\t\t\t\t\t<div class=\"elementor-element elementor-element-44b1765 e-flex e-con-boxed e-con e-parent e-lazyloaded\" data-marvy_enable_drop_animation=\"false\" data-marvy_enable_fancy_rotate=\"false\" data-marvy_enable_flying_object=\"false\" data-marvy_enable_ripples_animation=\"false\" data-marvy_enable_waves_animation=\"false\" data-marvy_enable_rings_animation=\"false\" data-marvy_enable_topology_animation=\"false\" data-marvy_enable_gradient_animation=\"false\" data-marvy_enable_snow_animation=\"false\" data-marvy_enable_firework_animation=\"false\" data-marvy_enable_cloud_animation=\"false\" data-id=\"44b1765\" data-element_type=\"container\"><div class=\"e-con-inner\"><div class=\"elementor-element elementor-element-eb90005 e-con-full e-flex e-con e-child\" data-marvy_enable_drop_animation=\"false\" data-marvy_enable_fancy_rotate=\"false\" data-marvy_enable_flying_object=\"false\" data-marvy_enable_ripples_animation=\"false\" data-marvy_enable_waves_animation=\"false\" data-marvy_enable_rings_animation=\"false\" data-marvy_enable_topology_animation=\"false\" data-marvy_enable_gradient_animation=\"false\" data-marvy_enable_snow_animation=\"false\" data-marvy_enable_firework_animation=\"false\" data-marvy_enable_cloud_animation=\"false\" data-id=\"eb90005\" data-element_type=\"container\"><div class=\"elementor-element elementor-element-2d89bcd elementor-widget elementor-widget-text-editor\" data-id=\"2d89bcd\" data-element_type=\"widget\" data-widget_type=\"text-editor.default\"><div class=\"elementor-widget-container\"><p><strong>Pol\u00edtica de difusi\u00f3n del conocimiento de acceso abierto de Scientia International<\/strong><\/p><p>En Scientia International, creemos firmemente en el poder del acceso abierto para impulsar la innovaci\u00f3n y ampliar la difusi\u00f3n del conocimiento. Para reforzar este compromiso y garantizar un acceso m\u00e1s amplio e inclusivo, hemos adoptado una pol\u00edtica de traducci\u00f3n abierta y disponibilidad de contenido.<\/p><p>Como parte de nuestra misi\u00f3n de hacer que la investigaci\u00f3n sea accesible para todos, hemos lanzado <strong>Scientia International Press<\/strong> y <strong>Revistas internacionales de Scientia<\/strong>Estas plataformas de publicaci\u00f3n aceptan art\u00edculos en cualquier idioma y se comprometen a traducirlos y publicarlos no solo en su idioma original, sino tambi\u00e9n en ingl\u00e9s, portugu\u00e9s y espa\u00f1ol, con planes de ampliar las opciones de traducci\u00f3n en el futuro.<\/p><p>Este enfoque multiling\u00fce, junto con nuestra pol\u00edtica de acceso abierto, busca garantizar que el conocimiento cient\u00edfico trascienda las barreras ling\u00fc\u00edsticas y geogr\u00e1ficas. Para promover a\u00fan m\u00e1s la inclusi\u00f3n ling\u00fc\u00edstica, los metadatos de cada art\u00edculo (como t\u00edtulos, res\u00famenes y palabras clave) estar\u00e1n disponibles en seis idiomas principales: alem\u00e1n, espa\u00f1ol, ingl\u00e9s, franc\u00e9s, mandar\u00edn y portugu\u00e9s. Esta iniciativa es solo el comienzo, y se planea seguir ampliando las opciones de traducci\u00f3n y metadatos para apoyar nuestra visi\u00f3n de una ciencia global y sin fronteras.<\/p><p>Todos los manuscritos enviados y aceptados por Scientia International son de libre acceso al p\u00fablico bajo una licencia de acceso abierto, lo que significa:<\/p><ul><li>Cualquiera puede acceder, leer y descargar el contenido completo de los manuscritos sin barreras financieras.<\/li><li>Los lectores son libres de compartir y adaptar el contenido otorgando el cr\u00e9dito correspondiente al trabajo original.<\/li><li>La publicaci\u00f3n est\u00e1 respaldada por una <strong>Cargo por procesamiento de art\u00edculos (APC)<\/strong>Financiado por los autores, sus instituciones o entidades financiadoras. Cada revista tiene sus propias tarifas de APC; consulte los portales respectivos para obtener m\u00e1s informaci\u00f3n.<\/li><\/ul><p><strong>Instrucciones de uso<\/strong><\/p><p>Scientia International permite la reutilizaci\u00f3n de contenido sin necesidad de permiso, siempre que se cite la fuente original. Bajo nuestra licencia de acceso abierto, se fomenta la reutilizaci\u00f3n de contenido siempre que se cite la fuente correctamente.<\/p><p><strong>Definici\u00f3n de acceso abierto en Scientia International<\/strong><\/p><p>En l\u00ednea con los est\u00e1ndares globales de acceso abierto, Scientia International define el acceso abierto de la siguiente manera:<\/p><ul><li>Las publicaciones revisadas por pares deber\u00edan ser accesibles para todos sin restricciones financieras.<\/li><li>Los manuscritos estar\u00e1n disponibles inmediatamente despu\u00e9s de su aceptaci\u00f3n, sin demoras.<\/li><li>Se fomenta la reutilizaci\u00f3n de contenido, siempre que se otorgue el cr\u00e9dito correspondiente.<\/li><\/ul><p><strong>Beneficios del acceso abierto para los autores en Scientia International<\/strong><\/p><ul><li><strong>Visibilidad global<\/strong>:El acceso abierto garantiza que su trabajo sea accesible para investigadores, acad\u00e9micos y el p\u00fablico de todo el mundo.<\/li><li><strong>Impacto ampliado<\/strong>:Los estudios indican que los art\u00edculos de acceso abierto tienden a ser citados con mayor frecuencia, lo que aumenta el alcance de sus hallazgos.<\/li><li><strong>Modelo rentable<\/strong>Nuestro modelo econ\u00f3mico sostenible mantiene los costos de publicaci\u00f3n al m\u00ednimo.<\/li><li><strong>Publicaci\u00f3n eficiente<\/strong>Nuestro proceso optimizado de revisi\u00f3n y publicaci\u00f3n en l\u00ednea garantiza que su trabajo se publique r\u00e1pidamente.<\/li><\/ul><p><strong>Nota importante<\/strong><\/p><p>Algunas obras pueden incluir contenido de terceros; en tales casos, los autores deben obtener los permisos correspondientes antes de enviarlas. Scientia International ofrece recursos y tutoriales para ayudar a los autores a navegar por el mundo del acceso abierto.<\/p><p>Nos comprometemos a impulsar la investigaci\u00f3n y el conocimiento de forma abierta y accesible. Si tiene alguna pregunta o desea m\u00e1s informaci\u00f3n, no dude en contactarnos.<\/p><\/div><\/div><\/div><\/div><\/div>\t\t\t\t\t\t\t\t<\/div>\n\t\t\t\t<\/div>\n\t\t\t\t\t<\/div>\n\t\t\t\t<\/div>\n\t\t<div data-marvy_enable_drop_animation=\"false\" data-marvy_enable_fancy_rotate=\"false\" data-marvy_enable_flying_object=\"false\" data-marvy_enable_ripples_animation=\"false\" data-marvy_enable_waves_animation=\"false\" data-marvy_enable_rings_animation=\"false\" data-marvy_enable_topology_animation=\"false\" data-marvy_enable_gradient_animation=\"false\" data-marvy_enable_snow_animation=\"false\" data-marvy_enable_firework_animation=\"false\" data-marvy_enable_cloud_animation=\"false\" class=\"elementor-element elementor-element-a0e2263 e-flex e-con-boxed e-con e-parent\" data-id=\"a0e2263\" data-element_type=\"container\" data-e-type=\"container\">\n\t\t\t\t\t<div class=\"e-con-inner\">\n\t\t\t\t\t<\/div>\n\t\t\t\t<\/div>\n\t\t\t\t<\/div>","protected":false},"excerpt":{"rendered":"<p>Open Access Scientia International Open Access Knowledge Dissemination Policy At Scientia International, we firmly believe in the power of open access to drive innovation and broaden knowledge dissemination. To reinforce this commitment and ensure broader and more inclusive access, we have adopted a policy of open translation and content availability. As part of our mission [&hellip;]<\/p>\n","protected":false},"author":1,"featured_media":0,"parent":798,"menu_order":0,"comment_status":"closed","ping_status":"closed","template":"elementor_header_footer","meta":{"_mo_disable_npp":"","om_disable_all_campaigns":false,"_monsterinsights_skip_tracking":false,"_monsterinsights_sitenote_active":false,"_monsterinsights_sitenote_note":"","_monsterinsights_sitenote_category":0,"_uf_show_specific_survey":0,"_uf_disable_surveys":false,"footnotes":""},"class_list":["post-1191","page","type-page","status-publish","hentry"],"yoast_head":"<!-- This site is optimized with the Yoast SEO plugin v27.4 - https:\/\/yoast.com\/product\/yoast-seo-wordpress\/ -->\n<title>Open Access - Scientia International<\/title>\n<meta name=\"robots\" content=\"index, follow, max-snippet:-1, max-image-preview:large, max-video-preview:-1\" \/>\n<link rel=\"canonical\" href=\"https:\/\/scientia.international\/es\/publique\/acceso-abierto\/\" \/>\n<meta property=\"og:locale\" content=\"es_ES\" \/>\n<meta property=\"og:type\" content=\"article\" \/>\n<meta property=\"og:title\" content=\"Open Access - Scientia International\" \/>\n<meta property=\"og:description\" content=\"Open Access Scientia International Open Access Knowledge Dissemination Policy At Scientia International, we firmly believe in the power of open access to drive innovation and broaden knowledge dissemination. To reinforce this commitment and ensure broader and more inclusive access, we have adopted a policy of open translation and content availability. As part of our mission [&hellip;]\" \/>\n<meta property=\"og:url\" content=\"https:\/\/scientia.international\/es\/publique\/acceso-abierto\/\" \/>\n<meta property=\"og:site_name\" content=\"Scientia International\" \/>\n<meta property=\"article:modified_time\" content=\"2024-10-30T14:18:34+00:00\" \/>\n<meta name=\"twitter:card\" content=\"summary_large_image\" \/>\n<meta name=\"twitter:label1\" content=\"Tiempo de lectura\" \/>\n\t<meta name=\"twitter:data1\" content=\"2 minutos\" \/>\n<script type=\"application\/ld+json\" class=\"yoast-schema-graph\">{\"@context\":\"https:\\\/\\\/schema.org\",\"@graph\":[{\"@type\":\"WebPage\",\"@id\":\"https:\\\/\\\/scientia.international\\\/publish\\\/open-access\\\/\",\"url\":\"https:\\\/\\\/scientia.international\\\/publish\\\/open-access\\\/\",\"name\":\"Open Access - Scientia International\",\"isPartOf\":{\"@id\":\"https:\\\/\\\/scientia.international\\\/es\\\/#website\"},\"datePublished\":\"2024-09-19T19:20:29+00:00\",\"dateModified\":\"2024-10-30T14:18:34+00:00\",\"breadcrumb\":{\"@id\":\"https:\\\/\\\/scientia.international\\\/publish\\\/open-access\\\/#breadcrumb\"},\"inLanguage\":\"es\",\"potentialAction\":[{\"@type\":\"ReadAction\",\"target\":[\"https:\\\/\\\/scientia.international\\\/publish\\\/open-access\\\/\"]}]},{\"@type\":\"BreadcrumbList\",\"@id\":\"https:\\\/\\\/scientia.international\\\/publish\\\/open-access\\\/#breadcrumb\",\"itemListElement\":[{\"@type\":\"ListItem\",\"position\":1,\"name\":\"Home\",\"item\":\"https:\\\/\\\/scientia.international\\\/\"},{\"@type\":\"ListItem\",\"position\":2,\"name\":\"Publish\",\"item\":\"https:\\\/\\\/scientia.international\\\/publish\\\/\"},{\"@type\":\"ListItem\",\"position\":3,\"name\":\"Open Access\"}]},{\"@type\":\"WebSite\",\"@id\":\"https:\\\/\\\/scientia.international\\\/es\\\/#website\",\"url\":\"https:\\\/\\\/scientia.international\\\/es\\\/\",\"name\":\"Scientia International\",\"description\":\"Global science in open access!\",\"potentialAction\":[{\"@type\":\"SearchAction\",\"target\":{\"@type\":\"EntryPoint\",\"urlTemplate\":\"https:\\\/\\\/scientia.international\\\/es\\\/?s={search_term_string}\"},\"query-input\":{\"@type\":\"PropertyValueSpecification\",\"valueRequired\":true,\"valueName\":\"search_term_string\"}}],\"inLanguage\":\"es\"}]}<\/script>\n<!-- \/ Yoast SEO plugin. -->","yoast_head_json":{"title":"Acceso abierto - Scientia International","robots":{"index":"index","follow":"follow","max-snippet":"max-snippet:-1","max-image-preview":"max-image-preview:large","max-video-preview":"max-video-preview:-1"},"canonical":"https:\/\/scientia.international\/es\/publique\/acceso-abierto\/","og_locale":"es_ES","og_type":"article","og_title":"Open Access - Scientia International","og_description":"Open Access Scientia International Open Access Knowledge Dissemination Policy At Scientia International, we firmly believe in the power of open access to drive innovation and broaden knowledge dissemination. To reinforce this commitment and ensure broader and more inclusive access, we have adopted a policy of open translation and content availability. As part of our mission [&hellip;]","og_url":"https:\/\/scientia.international\/es\/publique\/acceso-abierto\/","og_site_name":"Scientia International","article_modified_time":"2024-10-30T14:18:34+00:00","twitter_card":"summary_large_image","twitter_misc":{"Tiempo de lectura":"2 minutos"},"schema":{"@context":"https:\/\/schema.org","@graph":[{"@type":"WebPage","@id":"https:\/\/scientia.international\/publish\/open-access\/","url":"https:\/\/scientia.international\/publish\/open-access\/","name":"Acceso abierto - Scientia International","isPartOf":{"@id":"https:\/\/scientia.international\/es\/#website"},"datePublished":"2024-09-19T19:20:29+00:00","dateModified":"2024-10-30T14:18:34+00:00","breadcrumb":{"@id":"https:\/\/scientia.international\/publish\/open-access\/#breadcrumb"},"inLanguage":"es","potentialAction":[{"@type":"ReadAction","target":["https:\/\/scientia.international\/publish\/open-access\/"]}]},{"@type":"BreadcrumbList","@id":"https:\/\/scientia.international\/publish\/open-access\/#breadcrumb","itemListElement":[{"@type":"ListItem","position":1,"name":"Home","item":"https:\/\/scientia.international\/"},{"@type":"ListItem","position":2,"name":"Publish","item":"https:\/\/scientia.international\/publish\/"},{"@type":"ListItem","position":3,"name":"Open Access"}]},{"@type":"WebSite","@id":"https:\/\/scientia.international\/es\/#website","url":"https:\/\/scientia.international\/es\/","name":"Scientia Internacional","description":"\u00a1Ciencia global en acceso abierto!","potentialAction":[{"@type":"SearchAction","target":{"@type":"EntryPoint","urlTemplate":"https:\/\/scientia.international\/es\/?s={search_term_string}"},"query-input":{"@type":"PropertyValueSpecification","valueRequired":true,"valueName":"search_term_string"}}],"inLanguage":"es"}]}},"_links":{"self":[{"href":"https:\/\/scientia.international\/es\/wp-json\/wp\/v2\/pages\/1191","targetHints":{"allow":["GET"]}}],"collection":[{"href":"https:\/\/scientia.international\/es\/wp-json\/wp\/v2\/pages"}],"about":[{"href":"https:\/\/scientia.international\/es\/wp-json\/wp\/v2\/types\/page"}],"author":[{"embeddable":true,"href":"https:\/\/scientia.international\/es\/wp-json\/wp\/v2\/users\/1"}],"replies":[{"embeddable":true,"href":"https:\/\/scientia.international\/es\/wp-json\/wp\/v2\/comments?post=1191"}],"version-history":[{"count":4,"href":"https:\/\/scientia.international\/es\/wp-json\/wp\/v2\/pages\/1191\/revisions"}],"predecessor-version":[{"id":1614,"href":"https:\/\/scientia.international\/es\/wp-json\/wp\/v2\/pages\/1191\/revisions\/1614"}],"up":[{"embeddable":true,"href":"https:\/\/scientia.international\/es\/wp-json\/wp\/v2\/pages\/798"}],"wp:attachment":[{"href":"https:\/\/scientia.international\/es\/wp-json\/wp\/v2\/media?parent=1191"}],"curies":[{"name":"gracias","href":"https:\/\/api.w.org\/{rel}","templated":true}]}}