{"id":1237,"date":"2024-09-19T16:46:00","date_gmt":"2024-09-19T19:46:00","guid":{"rendered":"https:\/\/scientia.international\/?page_id=1237"},"modified":"2026-02-11T19:45:38","modified_gmt":"2026-02-11T22:45:38","slug":"comite-internacional-de-editores-cientificos","status":"publish","type":"page","link":"https:\/\/scientia.international\/es\/about\/international-committee-of-scientific-editors\/","title":{"rendered":"Comit\u00e9 Internacional de Editores Cient\u00edficos"},"content":{"rendered":"<div data-elementor-type=\"wp-page\" data-elementor-id=\"1237\" class=\"elementor elementor-1237\" data-elementor-post-type=\"page\">\n\t\t\t\t<div data-marvy_enable_drop_animation=\"false\" data-marvy_enable_fancy_rotate=\"false\" data-marvy_enable_flying_object=\"false\" data-marvy_enable_ripples_animation=\"false\" data-marvy_enable_waves_animation=\"false\" data-marvy_enable_rings_animation=\"false\" data-marvy_enable_topology_animation=\"false\" data-marvy_enable_gradient_animation=\"false\" data-marvy_enable_snow_animation=\"false\" data-marvy_enable_firework_animation=\"false\" data-marvy_enable_cloud_animation=\"false\" class=\"elementor-element elementor-element-1d5f345 e-flex e-con-boxed e-con e-parent\" data-id=\"1d5f345\" data-element_type=\"container\" data-e-type=\"container\">\n\t\t\t\t\t<div class=\"e-con-inner\">\n\t\t<div data-marvy_enable_drop_animation=\"false\" data-marvy_enable_fancy_rotate=\"false\" data-marvy_enable_flying_object=\"false\" data-marvy_enable_ripples_animation=\"false\" data-marvy_enable_waves_animation=\"false\" data-marvy_enable_rings_animation=\"false\" data-marvy_enable_topology_animation=\"false\" data-marvy_enable_gradient_animation=\"false\" data-marvy_enable_snow_animation=\"false\" data-marvy_enable_firework_animation=\"false\" data-marvy_enable_cloud_animation=\"false\" class=\"elementor-element elementor-element-4d8b07c e-con-full e-flex e-con e-child\" data-id=\"4d8b07c\" data-element_type=\"container\" data-e-type=\"container\">\n\t\t\t\t<div class=\"elementor-element elementor-element-46f64c7 elementor-widget elementor-widget-heading\" data-id=\"46f64c7\" data-element_type=\"widget\" data-e-type=\"widget\" data-widget_type=\"heading.default\">\n\t\t\t\t\t<h2 class=\"elementor-heading-title elementor-size-default\">Comit\u00e9 Internacional de Editores Cient\u00edficos<\/h2>\t\t\t\t<\/div>\n\t\t\t\t<div class=\"elementor-element elementor-element-81924b6 elementor-widget-divider--view-line elementor-widget elementor-widget-divider\" data-id=\"81924b6\" data-element_type=\"widget\" data-e-type=\"widget\" data-widget_type=\"divider.default\">\n\t\t\t\t\t\t\t<div class=\"elementor-divider\">\n\t\t\t<span class=\"elementor-divider-separator\">\n\t\t\t\t\t\t<\/span>\n\t\t<\/div>\n\t\t\t\t\t\t<\/div>\n\t\t\t\t<\/div>\n\t\t\t\t\t<\/div>\n\t\t\t\t<\/div>\n\t\t<div data-marvy_enable_drop_animation=\"false\" data-marvy_enable_fancy_rotate=\"false\" data-marvy_enable_flying_object=\"false\" data-marvy_enable_ripples_animation=\"false\" data-marvy_enable_waves_animation=\"false\" data-marvy_enable_rings_animation=\"false\" data-marvy_enable_topology_animation=\"false\" data-marvy_enable_gradient_animation=\"false\" data-marvy_enable_snow_animation=\"false\" data-marvy_enable_firework_animation=\"false\" data-marvy_enable_cloud_animation=\"false\" class=\"elementor-element elementor-element-44b1765 e-flex e-con-boxed e-con e-parent\" data-id=\"44b1765\" data-element_type=\"container\" data-e-type=\"container\">\n\t\t\t\t\t<div class=\"e-con-inner\">\n\t\t<div data-marvy_enable_drop_animation=\"false\" data-marvy_enable_fancy_rotate=\"false\" data-marvy_enable_flying_object=\"false\" data-marvy_enable_ripples_animation=\"false\" data-marvy_enable_waves_animation=\"false\" data-marvy_enable_rings_animation=\"false\" data-marvy_enable_topology_animation=\"false\" data-marvy_enable_gradient_animation=\"false\" data-marvy_enable_snow_animation=\"false\" data-marvy_enable_firework_animation=\"false\" data-marvy_enable_cloud_animation=\"false\" class=\"elementor-element elementor-element-21d3bb6 e-con-full e-flex e-con e-child\" data-id=\"21d3bb6\" data-element_type=\"container\" data-e-type=\"container\" data-settings=\"{&quot;background_background&quot;:&quot;classic&quot;}\">\n\t\t\t\t<div class=\"elementor-element elementor-element-3f8fb4a elementor-nav-menu__align-justify elementor-nav-menu--stretch elementor-widget__width-initial elementor-nav-menu--dropdown-tablet elementor-nav-menu__text-align-aside elementor-nav-menu--toggle elementor-nav-menu--burger elementor-widget elementor-widget-nav-menu\" data-id=\"3f8fb4a\" data-element_type=\"widget\" data-e-type=\"widget\" data-settings=\"{&quot;layout&quot;:&quot;vertical&quot;,&quot;full_width&quot;:&quot;stretch&quot;,&quot;submenu_icon&quot;:{&quot;value&quot;:&quot;&lt;svg aria-hidden=\\&quot;true\\&quot; class=\\&quot;e-font-icon-svg e-fas-caret-down\\&quot; viewBox=\\&quot;0 0 320 512\\&quot; xmlns=\\&quot;http:\\\/\\\/www.w3.org\\\/2000\\\/svg\\&quot;&gt;&lt;path d=\\&quot;M31.3 192h257.3c17.8 0 26.7 21.5 14.1 34.1L174.1 354.8c-7.8 7.8-20.5 7.8-28.3 0L17.2 226.1C4.6 213.5 13.5 192 31.3 192z\\&quot;&gt;&lt;\\\/path&gt;&lt;\\\/svg&gt;&quot;,&quot;library&quot;:&quot;fa-solid&quot;},&quot;toggle&quot;:&quot;burger&quot;}\" data-widget_type=\"nav-menu.default\">\n\t\t\t\t\t\t\t\t<nav aria-label=\"Men\u00fa\" class=\"elementor-nav-menu--main elementor-nav-menu__container elementor-nav-menu--layout-vertical e--pointer-background e--animation-fade\">\n\t\t\t\t<ul id=\"menu-1-3f8fb4a\" class=\"elementor-nav-menu sm-vertical\"><li class=\"menu-item menu-item-type-post_type menu-item-object-page menu-item-1263\"><a href=\"https:\/\/scientia.international\/es\/about\/\" class=\"elementor-item\">Sobre<\/a><\/li>\n<li class=\"menu-item menu-item-type-post_type menu-item-object-page menu-item-1269\"><a href=\"https:\/\/scientia.international\/es\/about\/editorial-team\/\" class=\"elementor-item\">Gobernanza y liderazgo<\/a><\/li>\n<li class=\"menu-item menu-item-type-post_type menu-item-object-page menu-item-1268\"><a href=\"https:\/\/scientia.international\/es\/about\/international-scientific-advisory-committee\/\" class=\"elementor-item\">Comit\u00e9 Cient\u00edfico Asesor Internacional<\/a><\/li>\n<li class=\"menu-item menu-item-type-post_type menu-item-object-page menu-item-has-children menu-item-1267\"><a href=\"https:\/\/scientia.international\/es\/about\/international-committee-of-scientific-editors\/\" class=\"elementor-item\">Comit\u00e9 Internacional de Editores Cient\u00edficos<\/a>\n<ul class=\"sub-menu elementor-nav-menu--dropdown\">\n\t<li class=\"menu-item menu-item-type-post_type menu-item-object-page menu-item-1265\"><a href=\"https:\/\/scientia.international\/es\/about\/become-an-editor\/\" class=\"elementor-sub-item\">Convi\u00e9rtase en editor<\/a><\/li>\n<\/ul>\n<\/li>\n<li class=\"menu-item menu-item-type-post_type menu-item-object-page menu-item-has-children menu-item-1266\"><a href=\"https:\/\/scientia.international\/es\/about\/international-committee-of-scientific-reviewers\/\" class=\"elementor-item\">Comit\u00e9 Internacional de Revisores Cient\u00edficos<\/a>\n<ul class=\"sub-menu elementor-nav-menu--dropdown\">\n\t<li class=\"menu-item menu-item-type-post_type menu-item-object-page menu-item-1264\"><a href=\"https:\/\/scientia.international\/es\/about\/become-a-reviewer\/\" class=\"elementor-sub-item\">Convi\u00e9rtase en revisor<\/a><\/li>\n<\/ul>\n<\/li>\n<li class=\"menu-item menu-item-type-post_type menu-item-object-page menu-item-1404\"><a href=\"https:\/\/scientia.international\/es\/scentia-international-contact\/\" class=\"elementor-item\">Contacto<\/a><\/li>\n<\/ul>\t\t\t<\/nav>\n\t\t\t\t\t<div class=\"elementor-menu-toggle\" role=\"button\" tabindex=\"0\" aria-label=\"Alternar men\u00fa\" aria-expanded=\"false\">\n\t\t\t<svg aria-hidden=\"true\" role=\"presentation\" class=\"elementor-menu-toggle__icon--open e-font-icon-svg e-eicon-menu-bar\" viewbox=\"0 0 1000 1000\" xmlns=\"http:\/\/www.w3.org\/2000\/svg\"><path d=\"M104 333H896C929 333 958 304 958 271S929 208 896 208H104C71 208 42 237 42 271S71 333 104 333ZM104 583H896C929 583 958 554 958 521S929 458 896 458H104C71 458 42 487 42 521S71 583 104 583ZM104 833H896C929 833 958 804 958 771S929 708 896 708H104C71 708 42 737 42 771S71 833 104 833Z\"><\/path><\/svg><svg aria-hidden=\"true\" role=\"presentation\" class=\"elementor-menu-toggle__icon--close e-font-icon-svg e-eicon-close\" viewbox=\"0 0 1000 1000\" xmlns=\"http:\/\/www.w3.org\/2000\/svg\"><path d=\"M742 167L500 408 258 167C246 154 233 150 217 150 196 150 179 158 167 167 154 179 150 196 150 212 150 229 154 242 171 254L408 500 167 742C138 771 138 800 167 829 196 858 225 858 254 829L496 587 738 829C750 842 767 846 783 846 800 846 817 842 829 829 842 817 846 804 846 783 846 767 842 750 829 737L588 500 833 258C863 229 863 200 833 171 804 137 775 137 742 167Z\"><\/path><\/svg>\t\t<\/div>\n\t\t\t\t\t<nav class=\"elementor-nav-menu--dropdown elementor-nav-menu__container\" aria-hidden=\"true\">\n\t\t\t\t<ul id=\"menu-2-3f8fb4a\" class=\"elementor-nav-menu sm-vertical\"><li class=\"menu-item menu-item-type-post_type menu-item-object-page menu-item-1263\"><a href=\"https:\/\/scientia.international\/es\/about\/\" class=\"elementor-item\" tabindex=\"-1\">Sobre<\/a><\/li>\n<li class=\"menu-item menu-item-type-post_type menu-item-object-page menu-item-1269\"><a href=\"https:\/\/scientia.international\/es\/about\/editorial-team\/\" class=\"elementor-item\" tabindex=\"-1\">Gobernanza y liderazgo<\/a><\/li>\n<li class=\"menu-item menu-item-type-post_type menu-item-object-page menu-item-1268\"><a href=\"https:\/\/scientia.international\/es\/about\/international-scientific-advisory-committee\/\" class=\"elementor-item\" tabindex=\"-1\">Comit\u00e9 Cient\u00edfico Asesor Internacional<\/a><\/li>\n<li class=\"menu-item menu-item-type-post_type menu-item-object-page menu-item-has-children menu-item-1267\"><a href=\"https:\/\/scientia.international\/es\/about\/international-committee-of-scientific-editors\/\" class=\"elementor-item\" tabindex=\"-1\">Comit\u00e9 Internacional de Editores Cient\u00edficos<\/a>\n<ul class=\"sub-menu elementor-nav-menu--dropdown\">\n\t<li class=\"menu-item menu-item-type-post_type menu-item-object-page menu-item-1265\"><a href=\"https:\/\/scientia.international\/es\/about\/become-an-editor\/\" class=\"elementor-sub-item\" tabindex=\"-1\">Convi\u00e9rtase en editor<\/a><\/li>\n<\/ul>\n<\/li>\n<li class=\"menu-item menu-item-type-post_type menu-item-object-page menu-item-has-children menu-item-1266\"><a href=\"https:\/\/scientia.international\/es\/about\/international-committee-of-scientific-reviewers\/\" class=\"elementor-item\" tabindex=\"-1\">Comit\u00e9 Internacional de Revisores Cient\u00edficos<\/a>\n<ul class=\"sub-menu elementor-nav-menu--dropdown\">\n\t<li class=\"menu-item menu-item-type-post_type menu-item-object-page menu-item-1264\"><a href=\"https:\/\/scientia.international\/es\/about\/become-a-reviewer\/\" class=\"elementor-sub-item\" tabindex=\"-1\">Convi\u00e9rtase en revisor<\/a><\/li>\n<\/ul>\n<\/li>\n<li class=\"menu-item menu-item-type-post_type menu-item-object-page menu-item-1404\"><a href=\"https:\/\/scientia.international\/es\/scentia-international-contact\/\" class=\"elementor-item\" tabindex=\"-1\">Contacto<\/a><\/li>\n<\/ul>\t\t\t<\/nav>\n\t\t\t\t\t\t<\/div>\n\t\t\t\t<\/div>\n\t\t<div data-marvy_enable_drop_animation=\"false\" data-marvy_enable_fancy_rotate=\"false\" data-marvy_enable_flying_object=\"false\" data-marvy_enable_ripples_animation=\"false\" data-marvy_enable_waves_animation=\"false\" data-marvy_enable_rings_animation=\"false\" data-marvy_enable_topology_animation=\"false\" data-marvy_enable_gradient_animation=\"false\" data-marvy_enable_snow_animation=\"false\" data-marvy_enable_firework_animation=\"false\" data-marvy_enable_cloud_animation=\"false\" class=\"elementor-element elementor-element-eb90005 e-con-full e-flex e-con e-child\" data-id=\"eb90005\" data-element_type=\"container\" data-e-type=\"container\">\n\t\t\t\t<div class=\"elementor-element elementor-element-fc280fd elementor-widget elementor-widget-heading\" data-id=\"fc280fd\" data-element_type=\"widget\" data-e-type=\"widget\" data-widget_type=\"heading.default\">\n\t\t\t\t\t<h2 class=\"elementor-heading-title elementor-size-default\">Comit\u00e9 Internacional de Editores Cient\u00edficos<\/h2>\t\t\t\t<\/div>\n\t\t\t\t<div class=\"elementor-element elementor-element-2d89bcd elementor-widget elementor-widget-text-editor\" data-id=\"2d89bcd\" data-element_type=\"widget\" data-e-type=\"widget\" data-widget_type=\"text-editor.default\">\n\t\t\t\t\t\t\t\t\t<p>Scientia International otorga a sus Editores Cient\u00edficos un alto nivel de responsabilidad: forman un Comit\u00e9 Internacional de destacados investigadores que velan por que la editorial sea un canal de difusi\u00f3n de la investigaci\u00f3n innovadora, realizada con rigor e integridad. Este grupo se denomina Comit\u00e9 Internacional de Editores Cient\u00edficos (CIEC).<\/p><p style=\"text-align: center;\"><a href=\"https:\/\/scientia.international\/es\/sobre\/conviertase-en-editor\/\" target=\"_blank\" rel=\"noopener\"><span style=\"color: #333399;\"><strong>\u00bfQuieres unirte a nosotros? \u00a1Inscr\u00edbete aqu\u00ed!<\/strong><\/span><\/a><\/p><p>\u00a0<\/p><p><strong>Ciencias Agrarias<\/strong><\/p><ul><li>Dharmendra Kumar Meena, India<\/li><\/ul><p>\u00a0<\/p><p><strong>Ciencias de la Tierra<\/strong><\/p><ul><li>Ringo Benjamim Vitor, Mozambique<\/li><\/ul><p>\u00a0<\/p><p><strong>Educaci\u00f3n<\/strong><\/p><ul><li>Maur\u00edcio Aires Vieira, Brasil<\/li><\/ul><p>\u00a0<\/p><p><strong>Ciencias Exactas<\/strong><\/p><ul><li>Sushant Kumar Chhotray, India<\/li><li>Mihaela Drenscko, Estados Unidos<\/li><\/ul><p>\u00a0<\/p><p><strong>Ciencias de la Salud<\/strong><\/p><ul><li>Yogita Joshi, India<\/li><\/ul><p>\u00a0<\/p><p><strong>Ciencias Humanas y Humanidades<\/strong><\/p><ul><li>Antoni Aguil\u00f3, Espa\u00f1a<\/li><li>Marco Antonio Ch\u00e1vez Aguayo, M\u00e9xico<\/li><li>Michel Goulart da Silva, Brasil<\/li><li>D\u00e9bora Alessandra Peter, Brasil<\/li><li>Ricardo Scopel Velho, Brasil<\/li><li>Mateus Gamba Torres, Brasil<\/li><\/ul><p>\u00a0<\/p><p><strong>Ciencias Sociales<\/strong><\/p><ul><li>Guilherme Pires Arbache, Brasil<\/li><li>Juliana Porto Machado, Brasil<\/li><li>Julio Paredes-Riera, Ecuador<\/li><\/ul>\t\t\t\t\t\t\t\t<\/div>\n\t\t\t\t<\/div>\n\t\t\t\t\t<\/div>\n\t\t\t\t<\/div>\n\t\t<div data-marvy_enable_drop_animation=\"false\" data-marvy_enable_fancy_rotate=\"false\" data-marvy_enable_flying_object=\"false\" data-marvy_enable_ripples_animation=\"false\" data-marvy_enable_waves_animation=\"false\" data-marvy_enable_rings_animation=\"false\" data-marvy_enable_topology_animation=\"false\" data-marvy_enable_gradient_animation=\"false\" data-marvy_enable_snow_animation=\"false\" data-marvy_enable_firework_animation=\"false\" data-marvy_enable_cloud_animation=\"false\" class=\"elementor-element elementor-element-5f85ba1 e-flex e-con-boxed e-con e-parent\" data-id=\"5f85ba1\" data-element_type=\"container\" data-e-type=\"container\">\n\t\t\t\t\t<div class=\"e-con-inner\">\n\t\t\t\t\t<\/div>\n\t\t\t\t<\/div>\n\t\t\t\t<\/div>","protected":false},"excerpt":{"rendered":"<p>International Committee of Scientific Editors Scientia International gives its Scientific Editors a high level of responsibility: they form an International Committee of prominent researchers who ensure that the publisher is a channel for disseminating innovative research, carried out with rigor and integrity. This group is called the International Committee of Scientific Editors (CIEC). Want to [&hellip;]<\/p>\n","protected":false},"author":1,"featured_media":0,"parent":1222,"menu_order":0,"comment_status":"closed","ping_status":"closed","template":"elementor_header_footer","meta":{"_mo_disable_npp":"","om_disable_all_campaigns":false,"_monsterinsights_skip_tracking":false,"_monsterinsights_sitenote_active":false,"_monsterinsights_sitenote_note":"","_monsterinsights_sitenote_category":0,"_uf_show_specific_survey":0,"_uf_disable_surveys":false,"footnotes":""},"class_list":["post-1237","page","type-page","status-publish","hentry"],"yoast_head":"<!-- This site is optimized with the Yoast SEO plugin v27.4 - https:\/\/yoast.com\/product\/yoast-seo-wordpress\/ -->\n<title>International Committee of Scientific Editors - Scientia International<\/title>\n<meta name=\"robots\" content=\"index, follow, max-snippet:-1, max-image-preview:large, max-video-preview:-1\" \/>\n<link rel=\"canonical\" href=\"https:\/\/scientia.international\/es\/sobre\/comite-internacional-de-editores-cientificos\/\" \/>\n<meta property=\"og:locale\" content=\"es_ES\" \/>\n<meta property=\"og:type\" content=\"article\" \/>\n<meta property=\"og:title\" content=\"International Committee of Scientific Editors - Scientia International\" \/>\n<meta property=\"og:description\" content=\"International Committee of Scientific Editors Scientia International gives its Scientific Editors a high level of responsibility: they form an International Committee of prominent researchers who ensure that the publisher is a channel for disseminating innovative research, carried out with rigor and integrity. This group is called the International Committee of Scientific Editors (CIEC). Want to [&hellip;]\" \/>\n<meta property=\"og:url\" content=\"https:\/\/scientia.international\/es\/sobre\/comite-internacional-de-editores-cientificos\/\" \/>\n<meta property=\"og:site_name\" content=\"Scientia International\" \/>\n<meta property=\"article:modified_time\" content=\"2026-02-11T22:45:38+00:00\" \/>\n<meta name=\"twitter:card\" content=\"summary_large_image\" \/>\n<meta name=\"twitter:label1\" content=\"Tiempo de lectura\" \/>\n\t<meta name=\"twitter:data1\" content=\"1 minuto\" \/>\n<script type=\"application\/ld+json\" class=\"yoast-schema-graph\">{\"@context\":\"https:\\\/\\\/schema.org\",\"@graph\":[{\"@type\":\"WebPage\",\"@id\":\"https:\\\/\\\/scientia.international\\\/about\\\/international-committee-of-scientific-editors\\\/\",\"url\":\"https:\\\/\\\/scientia.international\\\/about\\\/international-committee-of-scientific-editors\\\/\",\"name\":\"International Committee of Scientific Editors - Scientia International\",\"isPartOf\":{\"@id\":\"https:\\\/\\\/scientia.international\\\/es\\\/#website\"},\"datePublished\":\"2024-09-19T19:46:00+00:00\",\"dateModified\":\"2026-02-11T22:45:38+00:00\",\"breadcrumb\":{\"@id\":\"https:\\\/\\\/scientia.international\\\/about\\\/international-committee-of-scientific-editors\\\/#breadcrumb\"},\"inLanguage\":\"es\",\"potentialAction\":[{\"@type\":\"ReadAction\",\"target\":[\"https:\\\/\\\/scientia.international\\\/about\\\/international-committee-of-scientific-editors\\\/\"]}]},{\"@type\":\"BreadcrumbList\",\"@id\":\"https:\\\/\\\/scientia.international\\\/about\\\/international-committee-of-scientific-editors\\\/#breadcrumb\",\"itemListElement\":[{\"@type\":\"ListItem\",\"position\":1,\"name\":\"Home\",\"item\":\"https:\\\/\\\/scientia.international\\\/\"},{\"@type\":\"ListItem\",\"position\":2,\"name\":\"About\",\"item\":\"https:\\\/\\\/scientia.international\\\/about\\\/\"},{\"@type\":\"ListItem\",\"position\":3,\"name\":\"International Committee of Scientific Editors\"}]},{\"@type\":\"WebSite\",\"@id\":\"https:\\\/\\\/scientia.international\\\/es\\\/#website\",\"url\":\"https:\\\/\\\/scientia.international\\\/es\\\/\",\"name\":\"Scientia International\",\"description\":\"Global science in open access!\",\"potentialAction\":[{\"@type\":\"SearchAction\",\"target\":{\"@type\":\"EntryPoint\",\"urlTemplate\":\"https:\\\/\\\/scientia.international\\\/es\\\/?s={search_term_string}\"},\"query-input\":{\"@type\":\"PropertyValueSpecification\",\"valueRequired\":true,\"valueName\":\"search_term_string\"}}],\"inLanguage\":\"es\"}]}<\/script>\n<!-- \/ Yoast SEO plugin. -->","yoast_head_json":{"title":"Comit\u00e9 Internacional de Editores Cient\u00edficos - Scientia Internacional","robots":{"index":"index","follow":"follow","max-snippet":"max-snippet:-1","max-image-preview":"max-image-preview:large","max-video-preview":"max-video-preview:-1"},"canonical":"https:\/\/scientia.international\/es\/sobre\/comite-internacional-de-editores-cientificos\/","og_locale":"es_ES","og_type":"article","og_title":"International Committee of Scientific Editors - Scientia International","og_description":"International Committee of Scientific Editors Scientia International gives its Scientific Editors a high level of responsibility: they form an International Committee of prominent researchers who ensure that the publisher is a channel for disseminating innovative research, carried out with rigor and integrity. This group is called the International Committee of Scientific Editors (CIEC). Want to [&hellip;]","og_url":"https:\/\/scientia.international\/es\/sobre\/comite-internacional-de-editores-cientificos\/","og_site_name":"Scientia International","article_modified_time":"2026-02-11T22:45:38+00:00","twitter_card":"summary_large_image","twitter_misc":{"Tiempo de lectura":"1 minuto"},"schema":{"@context":"https:\/\/schema.org","@graph":[{"@type":"WebPage","@id":"https:\/\/scientia.international\/about\/international-committee-of-scientific-editors\/","url":"https:\/\/scientia.international\/about\/international-committee-of-scientific-editors\/","name":"Comit\u00e9 Internacional de Editores Cient\u00edficos - Scientia Internacional","isPartOf":{"@id":"https:\/\/scientia.international\/es\/#website"},"datePublished":"2024-09-19T19:46:00+00:00","dateModified":"2026-02-11T22:45:38+00:00","breadcrumb":{"@id":"https:\/\/scientia.international\/about\/international-committee-of-scientific-editors\/#breadcrumb"},"inLanguage":"es","potentialAction":[{"@type":"ReadAction","target":["https:\/\/scientia.international\/about\/international-committee-of-scientific-editors\/"]}]},{"@type":"BreadcrumbList","@id":"https:\/\/scientia.international\/about\/international-committee-of-scientific-editors\/#breadcrumb","itemListElement":[{"@type":"ListItem","position":1,"name":"Home","item":"https:\/\/scientia.international\/"},{"@type":"ListItem","position":2,"name":"About","item":"https:\/\/scientia.international\/about\/"},{"@type":"ListItem","position":3,"name":"International Committee of Scientific Editors"}]},{"@type":"WebSite","@id":"https:\/\/scientia.international\/es\/#website","url":"https:\/\/scientia.international\/es\/","name":"Scientia Internacional","description":"\u00a1Ciencia global en acceso abierto!","potentialAction":[{"@type":"SearchAction","target":{"@type":"EntryPoint","urlTemplate":"https:\/\/scientia.international\/es\/?s={search_term_string}"},"query-input":{"@type":"PropertyValueSpecification","valueRequired":true,"valueName":"search_term_string"}}],"inLanguage":"es"}]}},"_links":{"self":[{"href":"https:\/\/scientia.international\/es\/wp-json\/wp\/v2\/pages\/1237","targetHints":{"allow":["GET"]}}],"collection":[{"href":"https:\/\/scientia.international\/es\/wp-json\/wp\/v2\/pages"}],"about":[{"href":"https:\/\/scientia.international\/es\/wp-json\/wp\/v2\/types\/page"}],"author":[{"embeddable":true,"href":"https:\/\/scientia.international\/es\/wp-json\/wp\/v2\/users\/1"}],"replies":[{"embeddable":true,"href":"https:\/\/scientia.international\/es\/wp-json\/wp\/v2\/comments?post=1237"}],"version-history":[{"count":16,"href":"https:\/\/scientia.international\/es\/wp-json\/wp\/v2\/pages\/1237\/revisions"}],"predecessor-version":[{"id":1941,"href":"https:\/\/scientia.international\/es\/wp-json\/wp\/v2\/pages\/1237\/revisions\/1941"}],"up":[{"embeddable":true,"href":"https:\/\/scientia.international\/es\/wp-json\/wp\/v2\/pages\/1222"}],"wp:attachment":[{"href":"https:\/\/scientia.international\/es\/wp-json\/wp\/v2\/media?parent=1237"}],"curies":[{"name":"gracias","href":"https:\/\/api.w.org\/{rel}","templated":true}]}}