{"id":1390,"date":"2024-09-20T12:51:35","date_gmt":"2024-09-20T15:51:35","guid":{"rendered":"https:\/\/scientia.international\/?page_id=1390"},"modified":"2024-10-29T19:53:46","modified_gmt":"2024-10-29T22:53:46","slug":"condiciones-de-uso","status":"publish","type":"page","link":"https:\/\/scientia.international\/es\/terms-of-use\/","title":{"rendered":"Condiciones de uso"},"content":{"rendered":"<div data-elementor-type=\"wp-page\" data-elementor-id=\"1390\" class=\"elementor elementor-1390\" data-elementor-post-type=\"page\">\n\t\t\t\t<div data-marvy_enable_drop_animation=\"false\" data-marvy_enable_fancy_rotate=\"false\" data-marvy_enable_flying_object=\"false\" data-marvy_enable_ripples_animation=\"false\" data-marvy_enable_waves_animation=\"false\" data-marvy_enable_rings_animation=\"false\" data-marvy_enable_topology_animation=\"false\" data-marvy_enable_gradient_animation=\"false\" data-marvy_enable_snow_animation=\"false\" data-marvy_enable_firework_animation=\"false\" data-marvy_enable_cloud_animation=\"false\" class=\"elementor-element elementor-element-1d5f345 e-flex e-con-boxed e-con e-parent\" data-id=\"1d5f345\" data-element_type=\"container\" data-e-type=\"container\">\n\t\t\t\t\t<div class=\"e-con-inner\">\n\t\t<div data-marvy_enable_drop_animation=\"false\" data-marvy_enable_fancy_rotate=\"false\" data-marvy_enable_flying_object=\"false\" data-marvy_enable_ripples_animation=\"false\" data-marvy_enable_waves_animation=\"false\" data-marvy_enable_rings_animation=\"false\" data-marvy_enable_topology_animation=\"false\" data-marvy_enable_gradient_animation=\"false\" data-marvy_enable_snow_animation=\"false\" data-marvy_enable_firework_animation=\"false\" data-marvy_enable_cloud_animation=\"false\" class=\"elementor-element elementor-element-4d8b07c e-con-full e-flex e-con e-child\" data-id=\"4d8b07c\" data-element_type=\"container\" data-e-type=\"container\">\n\t\t\t\t<div class=\"elementor-element elementor-element-46f64c7 elementor-widget elementor-widget-heading\" data-id=\"46f64c7\" data-element_type=\"widget\" data-e-type=\"widget\" data-widget_type=\"heading.default\">\n\t\t\t\t\t<h2 class=\"elementor-heading-title elementor-size-default\">Condiciones de uso<\/h2>\t\t\t\t<\/div>\n\t\t\t\t<div class=\"elementor-element elementor-element-81924b6 elementor-widget-divider--view-line elementor-widget elementor-widget-divider\" data-id=\"81924b6\" data-element_type=\"widget\" data-e-type=\"widget\" data-widget_type=\"divider.default\">\n\t\t\t\t\t\t\t<div class=\"elementor-divider\">\n\t\t\t<span class=\"elementor-divider-separator\">\n\t\t\t\t\t\t<\/span>\n\t\t<\/div>\n\t\t\t\t\t\t<\/div>\n\t\t\t\t<\/div>\n\t\t\t\t\t<\/div>\n\t\t\t\t<\/div>\n\t\t<div data-marvy_enable_drop_animation=\"false\" data-marvy_enable_fancy_rotate=\"false\" data-marvy_enable_flying_object=\"false\" data-marvy_enable_ripples_animation=\"false\" data-marvy_enable_waves_animation=\"false\" data-marvy_enable_rings_animation=\"false\" data-marvy_enable_topology_animation=\"false\" data-marvy_enable_gradient_animation=\"false\" data-marvy_enable_snow_animation=\"false\" data-marvy_enable_firework_animation=\"false\" data-marvy_enable_cloud_animation=\"false\" class=\"elementor-element elementor-element-44b1765 e-flex e-con-boxed e-con e-parent\" data-id=\"44b1765\" data-element_type=\"container\" data-e-type=\"container\">\n\t\t\t\t\t<div class=\"e-con-inner\">\n\t\t<div data-marvy_enable_drop_animation=\"false\" data-marvy_enable_fancy_rotate=\"false\" data-marvy_enable_flying_object=\"false\" data-marvy_enable_ripples_animation=\"false\" data-marvy_enable_waves_animation=\"false\" data-marvy_enable_rings_animation=\"false\" data-marvy_enable_topology_animation=\"false\" data-marvy_enable_gradient_animation=\"false\" data-marvy_enable_snow_animation=\"false\" data-marvy_enable_firework_animation=\"false\" data-marvy_enable_cloud_animation=\"false\" class=\"elementor-element elementor-element-eb90005 e-con-full e-flex e-con e-child\" data-id=\"eb90005\" data-element_type=\"container\" data-e-type=\"container\">\n\t\t\t\t<div class=\"elementor-element elementor-element-2d89bcd elementor-widget elementor-widget-text-editor\" data-id=\"2d89bcd\" data-element_type=\"widget\" data-e-type=\"widget\" data-widget_type=\"text-editor.default\">\n\t\t\t\t\t\t\t\t\t<p><strong>\u00daltima actualizaci\u00f3n: 1 de julio de 2024<\/strong><\/p><p><strong>\u00a1Bienvenido al sitio web de Scientia International!<\/strong><\/p><p>Lea atentamente los siguientes t\u00e9rminos y condiciones antes de utilizar nuestro sitio web en <a href=\"https:\/\/scientia.international\/es\/\" target=\"_new\" rel=\"noopener\">https:\/\/scientia.international<\/a> o <a href=\"https:\/\/scientiainternational.org\" target=\"_new\" rel=\"noopener\">https:\/\/scientiainternational.org<\/a>Al acceder y usar este sitio, usted acepta estos t\u00e9rminos y condiciones y nuestra pol\u00edtica de privacidad. Si no est\u00e1 de acuerdo con estos t\u00e9rminos, le rogamos que no utilice nuestro sitio.<\/p><p><strong>1. Definiciones<\/strong><\/p><ul><li><strong>&quot;Sitio&quot;<\/strong> se refiere al sitio web de Scientia International, accesible en <a href=\"https:\/\/scientia.international\/es\/\" target=\"_new\" rel=\"noopener\">https:\/\/scientia.international<\/a> o <a href=\"https:\/\/scientiainternational.org\" target=\"_new\" rel=\"noopener\">https:\/\/scientiainternational.org<\/a>.<\/li><li><strong>&quot;Usuario&quot;<\/strong> se refiere a cualquier persona que acceda o utilice nuestro sitio.<\/li><li><strong>\u201cNosotros\u201d, \u201cnos\u201d,<\/strong> y <strong>&quot;nuestro&quot;<\/strong> consulte Scientia Internacional.<\/li><\/ul><p><strong>2. Uso del Sitio<\/strong><\/p><ul><li><strong>Elegibilidad<\/strong>Nuestro sitio est\u00e1 dirigido a personas mayores de 18 a\u00f1os. Si es menor de 18 a\u00f1os, debe obtener el permiso de un tutor antes de usar el sitio.<\/li><li><strong>Licencia de uso<\/strong>:Le otorgamos una licencia limitada, no exclusiva e intransferible para acceder y utilizar el sitio para fines personales y no comerciales.<\/li><li><strong>Prohibiciones<\/strong>:Usted acepta no utilizar el sitio para ning\u00fan prop\u00f3sito ilegal o prohibido, incluyendo, entre otros, la propagaci\u00f3n de virus, spam, contenido ofensivo o la participaci\u00f3n en cualquier actividad que interfiera con el funcionamiento del sitio.<\/li><\/ul><p><strong>3. Contenido del sitio<\/strong><\/p><ul><li><strong>Propiedad intelectual<\/strong>:Todo el contenido del sitio, incluidos textos, im\u00e1genes, videos y gr\u00e1ficos, son de nuestra propiedad o est\u00e1n licenciados a nosotros y est\u00e1n protegidos por derechos de autor y otras leyes de propiedad intelectual y tienen licencia Creative Commons Attribution 4.0 International.<\/li><li><strong>Uso del contenido<\/strong>Puede ver, descargar e imprimir el contenido del sitio para uso personal y no comercial, siempre que se respeten todos los avisos de derechos de autor y propiedad. No puede modificar, reproducir, distribuir ni utilizar el contenido con fines comerciales sin nuestra autorizaci\u00f3n por escrito.<\/li><\/ul><p><strong>4. Informaci\u00f3n personal<\/strong><\/p><ul><li><strong>Recopilaci\u00f3n y uso<\/strong>La recopilaci\u00f3n y el uso de su informaci\u00f3n personal se rigen por nuestra Pol\u00edtica de Privacidad. Al utilizar el sitio, usted consiente la recopilaci\u00f3n y el uso de su informaci\u00f3n seg\u00fan lo descrito en nuestra Pol\u00edtica de Privacidad.<\/li><li><strong>Seguridad<\/strong>Tomamos medidas de seguridad para proteger su informaci\u00f3n personal. Sin embargo, usted reconoce que no podemos garantizar la seguridad absoluta de la informaci\u00f3n transmitida por internet.<\/li><\/ul><p><strong>5. Enlaces a sitios de terceros<\/strong><\/p><ul><li><strong>Enlaces externos<\/strong>Nuestro sitio puede contener enlaces a sitios web de terceros que no operamos. No nos responsabilizamos del contenido ni de las pr\u00e1cticas de privacidad de estos sitios web.<\/li><li><strong>Descargo de responsabilidad<\/strong>La inclusi\u00f3n de enlaces a sitios web de terceros no implica la aprobaci\u00f3n ni el respaldo de su contenido. Accede a sitios de terceros bajo su propia responsabilidad.<\/li><\/ul><p><strong>6. Limitaci\u00f3n de responsabilidad<\/strong><\/p><ul><li><strong>Descargo de responsabilidad de la garant\u00eda<\/strong>:El sitio se proporciona \u201ctal cual\u201d y \u201cseg\u00fan disponibilidad\u201d, sin garant\u00edas de ning\u00fan tipo, ya sean expresas o impl\u00edcitas, incluidas, entre otras, garant\u00edas impl\u00edcitas de comerciabilidad, idoneidad para un prop\u00f3sito particular o no infracci\u00f3n.<\/li><li><strong>Limitaci\u00f3n de da\u00f1os<\/strong>:Bajo ninguna circunstancia seremos responsables de ning\u00fan da\u00f1o directo, indirecto, incidental, consecuente o punitivo que surja del uso o la imposibilidad de usar el sitio, incluso si se nos ha advertido de la posibilidad de dichos da\u00f1os.<\/li><\/ul><p><strong>7. Compra de productos virtuales<\/strong><\/p><ul><li><p><strong>7.1 Recopilaci\u00f3n de datos para la compra<\/strong>Durante el proceso de compra, recopilamos los datos personales necesarios para completar la transacci\u00f3n, incluyendo, entre otros, nombre, correo electr\u00f3nico, informaci\u00f3n de pago y direcci\u00f3n de facturaci\u00f3n. Estos datos son esenciales para la ejecuci\u00f3n del contrato de compra y se gestionan con la m\u00e1xima seguridad.<\/p><\/li><li><p><strong>7.2 Finalidad del Tratamiento de Datos<\/strong>:Los datos recopilados se utilizan para procesar y confirmar su compra, enviar recibos y confirmaciones de pago, proporcionar acceso a servicios de asesoramiento y videollamadas, y comunicar cualquier actualizaci\u00f3n o cambio en los servicios adquiridos.<\/p><\/li><li><p><strong>7.3 Pol\u00edtica de cancelaci\u00f3n y reembolso<\/strong>:<\/p><ul><li><strong>Cancelaci\u00f3n antes de la edici\u00f3n y traducci\u00f3n<\/strong>:Los usuarios pueden cancelar la compra del servicio antes de que comience el proceso de edici\u00f3n y traducci\u00f3n y recibir un reembolso completo.<\/li><li><strong>Servicio ya prestado<\/strong>:Una vez iniciados los servicios de edici\u00f3n y traducci\u00f3n, no se realizar\u00e1n reembolsos excepto en casos de fallas t\u00e9cnicas atribuibles a nuestro sitio o proveedores de servicios, que impidan la disponibilidad de la publicaci\u00f3n.<\/li><\/ul><\/li><li><p><strong>7.4 Seguridad de las transacciones<\/strong>Implementamos medidas de seguridad adecuadas para proteger su informaci\u00f3n durante las transacciones de compra. Sin embargo, los usuarios son responsables de mantener la seguridad de sus credenciales de inicio de sesi\u00f3n y de todas las actividades que se realicen en su cuenta.<\/p><\/li><li><p><strong>7.5 Atenci\u00f3n al cliente<\/strong>:Para cualquier duda o incidencia respecto a la compra de productos virtuales, los usuarios podr\u00e1n contactar con nuestro equipo de atenci\u00f3n al cliente utilizando los canales dispuestos en la secci\u00f3n \u201cContacto\u201d.<\/p><\/li><\/ul><p><strong>8. Modificaciones a los T\u00e9rminos y Condiciones<\/strong><\/p><ul><li><strong>Cambios<\/strong>Nos reservamos el derecho de modificar estos t\u00e9rminos y condiciones en cualquier momento. Los cambios se publicar\u00e1n en el sitio y entrar\u00e1n en vigor inmediatamente despu\u00e9s de su publicaci\u00f3n.<\/li><li><strong>Aceptaci\u00f3n de cambios<\/strong>:Si contin\u00faa utilizando el sitio despu\u00e9s de que se publiquen los cambios, usted acepta estar sujeto a los t\u00e9rminos y condiciones modificados.<\/li><\/ul><p><strong>9. Terminaci\u00f3n<\/strong><\/p><ul><li><strong>Derecho de rescisi\u00f3n<\/strong>Nos reservamos el derecho de suspender o terminar su acceso al sitio en cualquier momento, por cualquier motivo, incluida, entre otras, una violaci\u00f3n de estos t\u00e9rminos y condiciones.<\/li><li><strong>Consecuencias de la rescisi\u00f3n<\/strong>:En caso de terminaci\u00f3n, su licencia para usar el sitio finaliza inmediatamente y usted debe dejar de usar el sitio por completo.<\/li><\/ul><p><strong>10. Disposiciones generales<\/strong><\/p><ul><li><strong>Ley aplicable<\/strong>Estos t\u00e9rminos y condiciones se rigen por las leyes de Brasil y la Uni\u00f3n Europea (UE), en particular la Ley General de Protecci\u00f3n de Datos (LGPD) de Brasil y el Reglamento General de Protecci\u00f3n de Datos (RGPD) de la UE. Cualquier controversia derivada o relacionada con estos t\u00e9rminos se someter\u00e1 a la jurisdicci\u00f3n exclusiva de los tribunales de Brasil y Espa\u00f1a.<\/li><li><strong>Divisibilidad<\/strong>:Si un tribunal de jurisdicci\u00f3n competente considera que alguna disposici\u00f3n de estos t\u00e9rminos es inv\u00e1lida o inaplicable, las disposiciones restantes continuar\u00e1n en pleno vigor y efecto.<\/li><li><strong>Acuerdo completo<\/strong>:Estos t\u00e9rminos y condiciones constituyen el acuerdo completo entre usted y nosotros con respecto al uso del sitio y reemplazan todos los acuerdos y entendimientos anteriores o contempor\u00e1neos.<\/li><\/ul><p><strong>11. Contacto<\/strong><\/p><p>Si tiene alguna pregunta sobre estos t\u00e9rminos y condiciones, comun\u00edquese con nosotros:<\/p><p>Correo electr\u00f3nico: <a rel=\"noopener\">info@scientia.international<\/a><\/p><ul dir=\"auto\"><li>\u00a0<\/li><\/ul>\t\t\t\t\t\t\t\t<\/div>\n\t\t\t\t<\/div>\n\t\t\t\t\t<\/div>\n\t\t\t\t<\/div>\n\t\t<div data-marvy_enable_drop_animation=\"false\" data-marvy_enable_fancy_rotate=\"false\" data-marvy_enable_flying_object=\"false\" data-marvy_enable_ripples_animation=\"false\" data-marvy_enable_waves_animation=\"false\" data-marvy_enable_rings_animation=\"false\" data-marvy_enable_topology_animation=\"false\" data-marvy_enable_gradient_animation=\"false\" data-marvy_enable_snow_animation=\"false\" data-marvy_enable_firework_animation=\"false\" data-marvy_enable_cloud_animation=\"false\" class=\"elementor-element elementor-element-a0e2263 e-flex e-con-boxed e-con e-parent\" data-id=\"a0e2263\" data-element_type=\"container\" data-e-type=\"container\">\n\t\t\t\t\t<div class=\"e-con-inner\">\n\t\t\t\t\t<\/div>\n\t\t\t\t<\/div>\n\t\t\t\t<\/div>","protected":false},"excerpt":{"rendered":"<p>Last Updated: July 1, 2024 Welcome to the Scientia International Website! Please read the following terms and conditions carefully before using our website at https:\/\/scientia.international or https:\/\/scientiainternational.org. By accessing and using this site, you agree to be bound by these terms and conditions and our privacy policy. If you do not agree with these terms, [&hellip;]<\/p>\n","protected":false},"author":1,"featured_media":0,"parent":0,"menu_order":0,"comment_status":"closed","ping_status":"closed","template":"elementor_header_footer","meta":{"_mo_disable_npp":"","om_disable_all_campaigns":false,"_monsterinsights_skip_tracking":false,"_monsterinsights_sitenote_active":false,"_monsterinsights_sitenote_note":"","_monsterinsights_sitenote_category":0,"_uf_show_specific_survey":0,"_uf_disable_surveys":false,"footnotes":""},"class_list":["post-1390","page","type-page","status-publish","hentry"],"yoast_head":"<!-- This site is optimized with the Yoast SEO plugin v27.4 - https:\/\/yoast.com\/product\/yoast-seo-wordpress\/ -->\n<title>Terms of Use - Scientia International<\/title>\n<meta name=\"robots\" content=\"index, follow, max-snippet:-1, max-image-preview:large, max-video-preview:-1\" \/>\n<link rel=\"canonical\" href=\"https:\/\/scientia.international\/es\/condiciones-de-uso\/\" \/>\n<meta property=\"og:locale\" content=\"es_ES\" \/>\n<meta property=\"og:type\" content=\"article\" \/>\n<meta property=\"og:title\" content=\"Terms of Use - Scientia International\" \/>\n<meta property=\"og:description\" content=\"Last Updated: July 1, 2024 Welcome to the Scientia International Website! Please read the following terms and conditions carefully before using our website at https:\/\/scientia.international or https:\/\/scientiainternational.org. By accessing and using this site, you agree to be bound by these terms and conditions and our privacy policy. If you do not agree with these terms, [&hellip;]\" \/>\n<meta property=\"og:url\" content=\"https:\/\/scientia.international\/es\/condiciones-de-uso\/\" \/>\n<meta property=\"og:site_name\" content=\"Scientia International\" \/>\n<meta property=\"article:modified_time\" content=\"2024-10-29T22:53:46+00:00\" \/>\n<meta name=\"twitter:card\" content=\"summary_large_image\" \/>\n<meta name=\"twitter:label1\" content=\"Tiempo de lectura\" \/>\n\t<meta name=\"twitter:data1\" content=\"5 minutos\" \/>\n<script type=\"application\/ld+json\" class=\"yoast-schema-graph\">{\"@context\":\"https:\\\/\\\/schema.org\",\"@graph\":[{\"@type\":\"WebPage\",\"@id\":\"https:\\\/\\\/scientia.international\\\/terms-of-use\\\/\",\"url\":\"https:\\\/\\\/scientia.international\\\/terms-of-use\\\/\",\"name\":\"Terms of Use - Scientia International\",\"isPartOf\":{\"@id\":\"https:\\\/\\\/scientia.international\\\/es\\\/#website\"},\"datePublished\":\"2024-09-20T15:51:35+00:00\",\"dateModified\":\"2024-10-29T22:53:46+00:00\",\"breadcrumb\":{\"@id\":\"https:\\\/\\\/scientia.international\\\/terms-of-use\\\/#breadcrumb\"},\"inLanguage\":\"es\",\"potentialAction\":[{\"@type\":\"ReadAction\",\"target\":[\"https:\\\/\\\/scientia.international\\\/terms-of-use\\\/\"]}]},{\"@type\":\"BreadcrumbList\",\"@id\":\"https:\\\/\\\/scientia.international\\\/terms-of-use\\\/#breadcrumb\",\"itemListElement\":[{\"@type\":\"ListItem\",\"position\":1,\"name\":\"Home\",\"item\":\"https:\\\/\\\/scientia.international\\\/\"},{\"@type\":\"ListItem\",\"position\":2,\"name\":\"Terms of Use\"}]},{\"@type\":\"WebSite\",\"@id\":\"https:\\\/\\\/scientia.international\\\/es\\\/#website\",\"url\":\"https:\\\/\\\/scientia.international\\\/es\\\/\",\"name\":\"Scientia International\",\"description\":\"Global science in open access!\",\"potentialAction\":[{\"@type\":\"SearchAction\",\"target\":{\"@type\":\"EntryPoint\",\"urlTemplate\":\"https:\\\/\\\/scientia.international\\\/es\\\/?s={search_term_string}\"},\"query-input\":{\"@type\":\"PropertyValueSpecification\",\"valueRequired\":true,\"valueName\":\"search_term_string\"}}],\"inLanguage\":\"es\"}]}<\/script>\n<!-- \/ Yoast SEO plugin. -->","yoast_head_json":{"title":"Condiciones de uso - Scientia Internacional","robots":{"index":"index","follow":"follow","max-snippet":"max-snippet:-1","max-image-preview":"max-image-preview:large","max-video-preview":"max-video-preview:-1"},"canonical":"https:\/\/scientia.international\/es\/condiciones-de-uso\/","og_locale":"es_ES","og_type":"article","og_title":"Terms of Use - Scientia International","og_description":"Last Updated: July 1, 2024 Welcome to the Scientia International Website! Please read the following terms and conditions carefully before using our website at https:\/\/scientia.international or https:\/\/scientiainternational.org. By accessing and using this site, you agree to be bound by these terms and conditions and our privacy policy. If you do not agree with these terms, [&hellip;]","og_url":"https:\/\/scientia.international\/es\/condiciones-de-uso\/","og_site_name":"Scientia International","article_modified_time":"2024-10-29T22:53:46+00:00","twitter_card":"summary_large_image","twitter_misc":{"Tiempo de lectura":"5 minutos"},"schema":{"@context":"https:\/\/schema.org","@graph":[{"@type":"WebPage","@id":"https:\/\/scientia.international\/terms-of-use\/","url":"https:\/\/scientia.international\/terms-of-use\/","name":"Condiciones de uso - Scientia Internacional","isPartOf":{"@id":"https:\/\/scientia.international\/es\/#website"},"datePublished":"2024-09-20T15:51:35+00:00","dateModified":"2024-10-29T22:53:46+00:00","breadcrumb":{"@id":"https:\/\/scientia.international\/terms-of-use\/#breadcrumb"},"inLanguage":"es","potentialAction":[{"@type":"ReadAction","target":["https:\/\/scientia.international\/terms-of-use\/"]}]},{"@type":"BreadcrumbList","@id":"https:\/\/scientia.international\/terms-of-use\/#breadcrumb","itemListElement":[{"@type":"ListItem","position":1,"name":"Home","item":"https:\/\/scientia.international\/"},{"@type":"ListItem","position":2,"name":"Terms of Use"}]},{"@type":"WebSite","@id":"https:\/\/scientia.international\/es\/#website","url":"https:\/\/scientia.international\/es\/","name":"Scientia Internacional","description":"\u00a1Ciencia global en acceso abierto!","potentialAction":[{"@type":"SearchAction","target":{"@type":"EntryPoint","urlTemplate":"https:\/\/scientia.international\/es\/?s={search_term_string}"},"query-input":{"@type":"PropertyValueSpecification","valueRequired":true,"valueName":"search_term_string"}}],"inLanguage":"es"}]}},"_links":{"self":[{"href":"https:\/\/scientia.international\/es\/wp-json\/wp\/v2\/pages\/1390","targetHints":{"allow":["GET"]}}],"collection":[{"href":"https:\/\/scientia.international\/es\/wp-json\/wp\/v2\/pages"}],"about":[{"href":"https:\/\/scientia.international\/es\/wp-json\/wp\/v2\/types\/page"}],"author":[{"embeddable":true,"href":"https:\/\/scientia.international\/es\/wp-json\/wp\/v2\/users\/1"}],"replies":[{"embeddable":true,"href":"https:\/\/scientia.international\/es\/wp-json\/wp\/v2\/comments?post=1390"}],"version-history":[{"count":0,"href":"https:\/\/scientia.international\/es\/wp-json\/wp\/v2\/pages\/1390\/revisions"}],"wp:attachment":[{"href":"https:\/\/scientia.international\/es\/wp-json\/wp\/v2\/media?parent=1390"}],"curies":[{"name":"gracias","href":"https:\/\/api.w.org\/{rel}","templated":true}]}}