{"id":1180,"date":"2024-09-19T16:06:34","date_gmt":"2024-09-19T19:06:34","guid":{"rendered":"https:\/\/scientia.international\/?page_id=1180"},"modified":"2026-02-11T15:32:48","modified_gmt":"2026-02-11T18:32:48","slug":"tipos-de-publicacoes-aceitas","status":"publish","type":"page","link":"https:\/\/scientia.international\/pt\/publish\/types-of-publications-accepted\/","title":{"rendered":"Tipos de publica\u00e7\u00f5es aceitas"},"content":{"rendered":"<div data-elementor-type=\"wp-page\" data-elementor-id=\"1180\" class=\"elementor elementor-1180\" data-elementor-post-type=\"page\">\n\t\t\t\t<div data-marvy_enable_drop_animation=\"false\" data-marvy_enable_fancy_rotate=\"false\" data-marvy_enable_flying_object=\"false\" data-marvy_enable_ripples_animation=\"false\" data-marvy_enable_waves_animation=\"false\" data-marvy_enable_rings_animation=\"false\" data-marvy_enable_topology_animation=\"false\" data-marvy_enable_gradient_animation=\"false\" data-marvy_enable_snow_animation=\"false\" data-marvy_enable_firework_animation=\"false\" data-marvy_enable_cloud_animation=\"false\" class=\"elementor-element elementor-element-1d5f345 e-flex e-con-boxed e-con e-parent\" data-id=\"1d5f345\" data-element_type=\"container\" data-e-type=\"container\">\n\t\t\t\t\t<div class=\"e-con-inner\">\n\t\t<div data-marvy_enable_drop_animation=\"false\" data-marvy_enable_fancy_rotate=\"false\" data-marvy_enable_flying_object=\"false\" data-marvy_enable_ripples_animation=\"false\" data-marvy_enable_waves_animation=\"false\" data-marvy_enable_rings_animation=\"false\" data-marvy_enable_topology_animation=\"false\" data-marvy_enable_gradient_animation=\"false\" data-marvy_enable_snow_animation=\"false\" data-marvy_enable_firework_animation=\"false\" data-marvy_enable_cloud_animation=\"false\" class=\"elementor-element elementor-element-4d8b07c e-con-full e-flex e-con e-child\" data-id=\"4d8b07c\" data-element_type=\"container\" data-e-type=\"container\">\n\t\t\t\t<div class=\"elementor-element elementor-element-46f64c7 elementor-widget elementor-widget-heading\" data-id=\"46f64c7\" data-element_type=\"widget\" data-e-type=\"widget\" data-widget_type=\"heading.default\">\n\t\t\t\t\t<h2 class=\"elementor-heading-title elementor-size-default\">Tipos de publica\u00e7\u00f5es aceitas<\/h2>\t\t\t\t<\/div>\n\t\t\t\t<div class=\"elementor-element elementor-element-81924b6 elementor-widget-divider--view-line elementor-widget elementor-widget-divider\" data-id=\"81924b6\" data-element_type=\"widget\" data-e-type=\"widget\" data-widget_type=\"divider.default\">\n\t\t\t\t\t\t\t<div class=\"elementor-divider\">\n\t\t\t<span class=\"elementor-divider-separator\">\n\t\t\t\t\t\t<\/span>\n\t\t<\/div>\n\t\t\t\t\t\t<\/div>\n\t\t\t\t<\/div>\n\t\t\t\t\t<\/div>\n\t\t\t\t<\/div>\n\t\t<div data-marvy_enable_drop_animation=\"false\" data-marvy_enable_fancy_rotate=\"false\" data-marvy_enable_flying_object=\"false\" data-marvy_enable_ripples_animation=\"false\" data-marvy_enable_waves_animation=\"false\" data-marvy_enable_rings_animation=\"false\" data-marvy_enable_topology_animation=\"false\" data-marvy_enable_gradient_animation=\"false\" data-marvy_enable_snow_animation=\"false\" data-marvy_enable_firework_animation=\"false\" data-marvy_enable_cloud_animation=\"false\" class=\"elementor-element elementor-element-44b1765 e-flex e-con-boxed e-con e-parent\" data-id=\"44b1765\" data-element_type=\"container\" data-e-type=\"container\">\n\t\t\t\t\t<div class=\"e-con-inner\">\n\t\t<div data-marvy_enable_drop_animation=\"false\" data-marvy_enable_fancy_rotate=\"false\" data-marvy_enable_flying_object=\"false\" data-marvy_enable_ripples_animation=\"false\" data-marvy_enable_waves_animation=\"false\" data-marvy_enable_rings_animation=\"false\" data-marvy_enable_topology_animation=\"false\" data-marvy_enable_gradient_animation=\"false\" data-marvy_enable_snow_animation=\"false\" data-marvy_enable_firework_animation=\"false\" data-marvy_enable_cloud_animation=\"false\" class=\"elementor-element elementor-element-21d3bb6 e-con-full e-flex e-con e-child\" data-id=\"21d3bb6\" data-element_type=\"container\" data-e-type=\"container\" data-settings=\"{&quot;background_background&quot;:&quot;classic&quot;}\">\n\t\t\t\t<div class=\"elementor-element elementor-element-3f8fb4a elementor-nav-menu__align-justify elementor-nav-menu--stretch elementor-widget__width-initial elementor-nav-menu--dropdown-tablet elementor-nav-menu__text-align-aside elementor-nav-menu--toggle elementor-nav-menu--burger elementor-widget elementor-widget-nav-menu\" data-id=\"3f8fb4a\" data-element_type=\"widget\" data-e-type=\"widget\" data-settings=\"{&quot;layout&quot;:&quot;vertical&quot;,&quot;full_width&quot;:&quot;stretch&quot;,&quot;submenu_icon&quot;:{&quot;value&quot;:&quot;&lt;svg aria-hidden=\\&quot;true\\&quot; class=\\&quot;e-font-icon-svg e-fas-caret-down\\&quot; viewBox=\\&quot;0 0 320 512\\&quot; xmlns=\\&quot;http:\\\/\\\/www.w3.org\\\/2000\\\/svg\\&quot;&gt;&lt;path d=\\&quot;M31.3 192h257.3c17.8 0 26.7 21.5 14.1 34.1L174.1 354.8c-7.8 7.8-20.5 7.8-28.3 0L17.2 226.1C4.6 213.5 13.5 192 31.3 192z\\&quot;&gt;&lt;\\\/path&gt;&lt;\\\/svg&gt;&quot;,&quot;library&quot;:&quot;fa-solid&quot;},&quot;toggle&quot;:&quot;burger&quot;}\" data-widget_type=\"nav-menu.default\">\n\t\t\t\t\t\t\t\t<nav aria-label=\"Menu\" class=\"elementor-nav-menu--main elementor-nav-menu__container elementor-nav-menu--layout-vertical e--pointer-background e--animation-fade\">\n\t\t\t\t<ul id=\"menu-1-3f8fb4a\" class=\"elementor-nav-menu sm-vertical\"><li class=\"menu-item menu-item-type-post_type menu-item-object-page menu-item-1207\"><a href=\"https:\/\/scientia.international\/pt\/publish\/\" class=\"elementor-item\">Processo editorial<\/a><\/li>\n<li class=\"menu-item menu-item-type-post_type menu-item-object-page menu-item-1211\"><a href=\"https:\/\/scientia.international\/pt\/publish\/types-of-publications-accepted\/\" class=\"elementor-item\">Tipos de publica\u00e7\u00f5es aceitas<\/a><\/li>\n<li class=\"menu-item menu-item-type-post_type menu-item-object-page menu-item-1208\"><a href=\"https:\/\/scientia.international\/pt\/publish\/apc\/\" class=\"elementor-item\">Taxas de processamento de artigos (APC)<\/a><\/li>\n<li class=\"menu-item menu-item-type-post_type menu-item-object-page menu-item-1210\"><a href=\"https:\/\/scientia.international\/pt\/publish\/open-peer-review\/\" class=\"elementor-item\">Revis\u00e3o por pares aberta<\/a><\/li>\n<li class=\"menu-item menu-item-type-post_type menu-item-object-page menu-item-1209\"><a href=\"https:\/\/scientia.international\/pt\/publish\/open-access\/\" class=\"elementor-item\">Acesso aberto<\/a><\/li>\n<li class=\"menu-item menu-item-type-post_type menu-item-object-page menu-item-1217\"><a href=\"https:\/\/scientia.international\/pt\/publish\/code-of-ethics\/\" class=\"elementor-item\">C\u00f3digo de \u00c9tica<\/a><\/li>\n<\/ul>\t\t\t<\/nav>\n\t\t\t\t\t<div class=\"elementor-menu-toggle\" role=\"button\" tabindex=\"0\" aria-label=\"Menu Alternar\" aria-expanded=\"false\">\n\t\t\t<svg aria-hidden=\"true\" role=\"presentation\" class=\"elementor-menu-toggle__icon--open e-font-icon-svg e-eicon-menu-bar\" viewbox=\"0 0 1000 1000\" xmlns=\"http:\/\/www.w3.org\/2000\/svg\"><path d=\"M104 333H896C929 333 958 304 958 271S929 208 896 208H104C71 208 42 237 42 271S71 333 104 333ZM104 583H896C929 583 958 554 958 521S929 458 896 458H104C71 458 42 487 42 521S71 583 104 583ZM104 833H896C929 833 958 804 958 771S929 708 896 708H104C71 708 42 737 42 771S71 833 104 833Z\"><\/path><\/svg><svg aria-hidden=\"true\" role=\"presentation\" class=\"elementor-menu-toggle__icon--close e-font-icon-svg e-eicon-close\" viewbox=\"0 0 1000 1000\" xmlns=\"http:\/\/www.w3.org\/2000\/svg\"><path d=\"M742 167L500 408 258 167C246 154 233 150 217 150 196 150 179 158 167 167 154 179 150 196 150 212 150 229 154 242 171 254L408 500 167 742C138 771 138 800 167 829 196 858 225 858 254 829L496 587 738 829C750 842 767 846 783 846 800 846 817 842 829 829 842 817 846 804 846 783 846 767 842 750 829 737L588 500 833 258C863 229 863 200 833 171 804 137 775 137 742 167Z\"><\/path><\/svg>\t\t<\/div>\n\t\t\t\t\t<nav class=\"elementor-nav-menu--dropdown elementor-nav-menu__container\" aria-hidden=\"true\">\n\t\t\t\t<ul id=\"menu-2-3f8fb4a\" class=\"elementor-nav-menu sm-vertical\"><li class=\"menu-item menu-item-type-post_type menu-item-object-page menu-item-1207\"><a href=\"https:\/\/scientia.international\/pt\/publish\/\" class=\"elementor-item\" tabindex=\"-1\">Processo editorial<\/a><\/li>\n<li class=\"menu-item menu-item-type-post_type menu-item-object-page menu-item-1211\"><a href=\"https:\/\/scientia.international\/pt\/publish\/types-of-publications-accepted\/\" class=\"elementor-item\" tabindex=\"-1\">Tipos de publica\u00e7\u00f5es aceitas<\/a><\/li>\n<li class=\"menu-item menu-item-type-post_type menu-item-object-page menu-item-1208\"><a href=\"https:\/\/scientia.international\/pt\/publish\/apc\/\" class=\"elementor-item\" tabindex=\"-1\">Taxas de processamento de artigos (APC)<\/a><\/li>\n<li class=\"menu-item menu-item-type-post_type menu-item-object-page menu-item-1210\"><a href=\"https:\/\/scientia.international\/pt\/publish\/open-peer-review\/\" class=\"elementor-item\" tabindex=\"-1\">Revis\u00e3o por pares aberta<\/a><\/li>\n<li class=\"menu-item menu-item-type-post_type menu-item-object-page menu-item-1209\"><a href=\"https:\/\/scientia.international\/pt\/publish\/open-access\/\" class=\"elementor-item\" tabindex=\"-1\">Acesso aberto<\/a><\/li>\n<li class=\"menu-item menu-item-type-post_type menu-item-object-page menu-item-1217\"><a href=\"https:\/\/scientia.international\/pt\/publish\/code-of-ethics\/\" class=\"elementor-item\" tabindex=\"-1\">C\u00f3digo de \u00c9tica<\/a><\/li>\n<\/ul>\t\t\t<\/nav>\n\t\t\t\t\t\t<\/div>\n\t\t\t\t<\/div>\n\t\t<div data-marvy_enable_drop_animation=\"false\" data-marvy_enable_fancy_rotate=\"false\" data-marvy_enable_flying_object=\"false\" data-marvy_enable_ripples_animation=\"false\" data-marvy_enable_waves_animation=\"false\" data-marvy_enable_rings_animation=\"false\" data-marvy_enable_topology_animation=\"false\" data-marvy_enable_gradient_animation=\"false\" data-marvy_enable_snow_animation=\"false\" data-marvy_enable_firework_animation=\"false\" data-marvy_enable_cloud_animation=\"false\" class=\"elementor-element elementor-element-eb90005 e-con-full e-flex e-con e-child\" data-id=\"eb90005\" data-element_type=\"container\" data-e-type=\"container\">\n\t\t\t\t<div class=\"elementor-element elementor-element-fc280fd elementor-widget elementor-widget-heading\" data-id=\"fc280fd\" data-element_type=\"widget\" data-e-type=\"widget\" data-widget_type=\"heading.default\">\n\t\t\t\t\t<h2 class=\"elementor-heading-title elementor-size-default\">Tipos de publica\u00e7\u00f5es aceitas<\/h2>\t\t\t\t<\/div>\n\t\t\t\t<div class=\"elementor-element elementor-element-2d89bcd elementor-widget elementor-widget-text-editor\" data-id=\"2d89bcd\" data-element_type=\"widget\" data-e-type=\"widget\" data-widget_type=\"text-editor.default\">\n\t\t\t\t\t\t\t\t\t<p>As revistas Scientia International Journals publicam contribui\u00e7\u00f5es acad\u00eamicas revisadas por pares em todas as \u00e1reas do conhecimento sob um modelo de revis\u00e3o aberta por pares e uma pol\u00edtica de publica\u00e7\u00e3o multil\u00edngue.<\/p><p>Todos os artigos aceitos s\u00e3o publicados em ingl\u00eas, espanhol e portugu\u00eas, com metadados dispon\u00edveis em seis idiomas. Recomenda-se que os autores consultem as diretrizes editoriais antes de envi\u00e1-los.<\/p><p><br \/><strong>Formato de envio<\/strong><br \/>Os manuscritos podem ser enviados em formato DOC, DOCX ou RTF. Um modelo de formata\u00e7\u00e3o est\u00e1 dispon\u00edvel para os autores que desejarem utiliz\u00e1-lo.<\/p><p>\u00a0<\/p><p><strong>Artigos de pesquisa (RA)<\/strong><br \/>Pesquisa emp\u00edrica ou te\u00f3rica original que apresente novas descobertas com objetivos, metodologia, resultados e discuss\u00e3o claramente definidos.<\/p><p>\u00a0<\/p><p><strong>Artigos de revis\u00e3o (REV)<\/strong><br \/>An\u00e1lises abrangentes e cr\u00edticas da literatura existente, sintetizando o conhecimento atual e identificando lacunas de pesquisa.<\/p><p>\u00a0<\/p><p><strong>Revis\u00f5es sistem\u00e1ticas (RS)<\/strong><br \/>Revis\u00f5es estruturadas que abordam quest\u00f5es de pesquisa claramente formuladas, usando m\u00e9todos sistem\u00e1ticos para identifica\u00e7\u00e3o, sele\u00e7\u00e3o e avalia\u00e7\u00e3o cr\u00edtica de estudos.<\/p><p>\u00a0<\/p><p><strong>Artigos metodol\u00f3gicos (MA)<\/strong><br \/>Artigos que apresentem novos m\u00e9todos, modifica\u00e7\u00f5es significativas de m\u00e9todos existentes ou aplica\u00e7\u00f5es inovadoras de metodologias estabelecidas.<\/p><p>\u00a0<\/p><p><strong>Estudos de caso (CS)<\/strong><br \/>An\u00e1lises aprofundadas de casos, institui\u00e7\u00f5es, situa\u00e7\u00f5es ou fen\u00f4menos espec\u00edficos em contextos te\u00f3ricos ou do mundo real.<\/p><p>\u00a0<\/p><p><strong>Comunica\u00e7\u00f5es curtas (SC)<\/strong><br \/>Relat\u00f3rios breves que apresentam descobertas preliminares ou estudos concisos de relev\u00e2ncia cient\u00edfica imediata.<\/p><p>\u00a0<\/p><p><strong>Policy Briefs (PB)<\/strong><br \/>Documentos anal\u00edticos concisos que abordam quest\u00f5es pol\u00edticas ou institucionais, incluindo implica\u00e7\u00f5es pr\u00e1ticas e recomenda\u00e7\u00f5es baseadas em evid\u00eancias.<\/p><p>\u00a0<\/p><p><strong>Resenhas de livros (BR)<\/strong><br \/>Avalia\u00e7\u00f5es cr\u00edticas de livros acad\u00eamicos publicados recentemente e relevantes para o escopo da revista.<\/p><p>\u00a0<\/p><p><strong>Artigos de tradu\u00e7\u00e3o (TA)<\/strong><br \/>Tradu\u00e7\u00f5es autorizadas de trabalhos acad\u00eamicos publicados anteriormente, incluindo refer\u00eancia completa \u00e0 vers\u00e3o original e permiss\u00e3o documentada dos detentores dos direitos.<\/p><p>\u00a0<\/p><p><strong>Categorias adicionais (ativadas de acordo com a demanda editorial)<\/strong><br \/>As categorias a seguir podem ser ativadas dependendo do escopo tem\u00e1tico, das edi\u00e7\u00f5es especiais ou da demanda editorial.<\/p><p>\u00a0<\/p><p><strong>Relat\u00f3rios registrados (RR)<\/strong><br \/>Artigos emp\u00edricos nos quais os m\u00e9todos e an\u00e1lises de pesquisa propostos s\u00e3o revisados por pares antes do in\u00edcio da coleta de dados, aumentando a transpar\u00eancia e o rigor metodol\u00f3gico.<\/p><p>\u00a0<\/p><p><strong>Protocolos de estudo (SP)<\/strong><br \/>Descri\u00e7\u00f5es detalhadas de projetos de estudos de pesquisa, incluindo objetivos, metodologia e an\u00e1lises planejadas. Os protocolos para revis\u00f5es sistem\u00e1ticas devem ser registrados com anteced\u00eancia.<\/p><p>\u00a0<\/p><p><strong>Documentos de dados (DP)<\/strong><br \/>Descri\u00e7\u00f5es revisadas por pares de conjuntos de dados, incluindo m\u00e9todos de coleta de dados, estrutura e reutiliza\u00e7\u00e3o potencial, sem apresentar conclus\u00f5es anal\u00edticas.<\/p><p>\u00a0<\/p><p><strong>Artigos sobre ferramentas de software (STA)<\/strong><br \/>Artigos que apresentem o desenvolvimento de novas ferramentas de software ou atualiza\u00e7\u00f5es significativas de ferramentas existentes, incluindo justificativa metodol\u00f3gica e exemplos de aplica\u00e7\u00e3o.<\/p><p>\u00a0<\/p><p><strong>Artigos de perspectiva (PA)<\/strong><br \/>Reflex\u00f5es acad\u00eamicas que apresentam pontos de vista fundamentados sobre quest\u00f5es ou debates emergentes em um campo espec\u00edfico, com base em argumenta\u00e7\u00e3o acad\u00eamica.<\/p><p>\u00a0<\/p><p><strong>Coment\u00e1rios (COM)<\/strong><br \/>Textos curtos revisados por pares que discutem ou respondem a artigos publicados anteriormente, contribuindo para o di\u00e1logo acad\u00eamico.<\/p><p>\u00a0<\/p><p><strong>Declara\u00e7\u00f5es de consenso (CONS)<\/strong><br \/>Documentos desenvolvidos por pain\u00e9is de especialistas que apresentam recomenda\u00e7\u00f5es ou diretrizes acordadas sobre quest\u00f5es cient\u00edficas ou profissionais espec\u00edficas.<\/p><p>\u00a0<\/p><p><strong>Estudos de Replica\u00e7\u00e3o (RS)<\/strong><br \/>Estudos projetados para replicar pesquisas publicadas anteriormente a fim de confirmar, refinar ou desafiar as descobertas existentes.<\/p>\t\t\t\t\t\t\t\t<\/div>\n\t\t\t\t<\/div>\n\t\t\t\t\t<\/div>\n\t\t\t\t<\/div>\n\t\t<div data-marvy_enable_drop_animation=\"false\" data-marvy_enable_fancy_rotate=\"false\" data-marvy_enable_flying_object=\"false\" data-marvy_enable_ripples_animation=\"false\" data-marvy_enable_waves_animation=\"false\" data-marvy_enable_rings_animation=\"false\" data-marvy_enable_topology_animation=\"false\" data-marvy_enable_gradient_animation=\"false\" data-marvy_enable_snow_animation=\"false\" data-marvy_enable_firework_animation=\"false\" data-marvy_enable_cloud_animation=\"false\" class=\"elementor-element elementor-element-a0e2263 e-flex e-con-boxed e-con e-parent\" data-id=\"a0e2263\" data-element_type=\"container\" data-e-type=\"container\">\n\t\t\t\t\t<div class=\"e-con-inner\">\n\t\t\t\t\t<\/div>\n\t\t\t\t<\/div>\n\t\t\t\t<\/div>","protected":false},"excerpt":{"rendered":"<p>Types of Publications Accepted Scientia International Journals publish peer-reviewed academic contributions across all areas of knowledge under an Open Peer Review model and a multilingual publication policy. All accepted articles are published in English, Spanish, and Portuguese, with metadata available in six languages. Authors are encouraged to consult the editorial guidelines before submission. Submission FormatManuscripts [&hellip;]<\/p>\n","protected":false},"author":1,"featured_media":0,"parent":798,"menu_order":0,"comment_status":"closed","ping_status":"closed","template":"elementor_header_footer","meta":{"_mo_disable_npp":"","om_disable_all_campaigns":false,"_monsterinsights_skip_tracking":false,"_monsterinsights_sitenote_active":false,"_monsterinsights_sitenote_note":"","_monsterinsights_sitenote_category":0,"_uf_show_specific_survey":0,"_uf_disable_surveys":false,"footnotes":""},"class_list":["post-1180","page","type-page","status-publish","hentry"],"yoast_head":"<!-- This site is optimized with the Yoast SEO plugin v27.4 - https:\/\/yoast.com\/product\/yoast-seo-wordpress\/ -->\n<title>Types of Publications Accepted - Scientia International<\/title>\n<meta name=\"robots\" content=\"index, follow, max-snippet:-1, max-image-preview:large, max-video-preview:-1\" \/>\n<link rel=\"canonical\" href=\"https:\/\/scientia.international\/pt\/publique-2\/tipos-de-publicacoes-aceitas\/\" \/>\n<meta property=\"og:locale\" content=\"pt_BR\" \/>\n<meta property=\"og:type\" content=\"article\" \/>\n<meta property=\"og:title\" content=\"Types of Publications Accepted - Scientia International\" \/>\n<meta property=\"og:description\" content=\"Types of Publications Accepted Scientia International Journals publish peer-reviewed academic contributions across all areas of knowledge under an Open Peer Review model and a multilingual publication policy. All accepted articles are published in English, Spanish, and Portuguese, with metadata available in six languages. Authors are encouraged to consult the editorial guidelines before submission. Submission FormatManuscripts [&hellip;]\" \/>\n<meta property=\"og:url\" content=\"https:\/\/scientia.international\/pt\/publique-2\/tipos-de-publicacoes-aceitas\/\" \/>\n<meta property=\"og:site_name\" content=\"Scientia International\" \/>\n<meta property=\"article:modified_time\" content=\"2026-02-11T18:32:48+00:00\" \/>\n<meta name=\"twitter:card\" content=\"summary_large_image\" \/>\n<meta name=\"twitter:label1\" content=\"Est. tempo de leitura\" \/>\n\t<meta name=\"twitter:data1\" content=\"3 minutos\" \/>\n<script type=\"application\/ld+json\" class=\"yoast-schema-graph\">{\"@context\":\"https:\\\/\\\/schema.org\",\"@graph\":[{\"@type\":\"WebPage\",\"@id\":\"https:\\\/\\\/scientia.international\\\/es\\\/publique\\\/tipos-de-publicaciones-aceptadas\\\/\",\"url\":\"https:\\\/\\\/scientia.international\\\/es\\\/publique\\\/tipos-de-publicaciones-aceptadas\\\/\",\"name\":\"Types of Publications Accepted - Scientia International\",\"isPartOf\":{\"@id\":\"https:\\\/\\\/scientia.international\\\/es\\\/#website\"},\"datePublished\":\"2024-09-19T19:06:34+00:00\",\"dateModified\":\"2026-02-11T18:32:48+00:00\",\"breadcrumb\":{\"@id\":\"https:\\\/\\\/scientia.international\\\/es\\\/publique\\\/tipos-de-publicaciones-aceptadas\\\/#breadcrumb\"},\"inLanguage\":\"pt-BR\",\"potentialAction\":[{\"@type\":\"ReadAction\",\"target\":[\"https:\\\/\\\/scientia.international\\\/es\\\/publique\\\/tipos-de-publicaciones-aceptadas\\\/\"]}]},{\"@type\":\"BreadcrumbList\",\"@id\":\"https:\\\/\\\/scientia.international\\\/es\\\/publique\\\/tipos-de-publicaciones-aceptadas\\\/#breadcrumb\",\"itemListElement\":[{\"@type\":\"ListItem\",\"position\":1,\"name\":\"Home\",\"item\":\"https:\\\/\\\/scientia.international\\\/\"},{\"@type\":\"ListItem\",\"position\":2,\"name\":\"Publish\",\"item\":\"https:\\\/\\\/scientia.international\\\/publish\\\/\"},{\"@type\":\"ListItem\",\"position\":3,\"name\":\"Types of Publications Accepted\"}]},{\"@type\":\"WebSite\",\"@id\":\"https:\\\/\\\/scientia.international\\\/es\\\/#website\",\"url\":\"https:\\\/\\\/scientia.international\\\/es\\\/\",\"name\":\"Scientia International\",\"description\":\"Global science in open access!\",\"potentialAction\":[{\"@type\":\"SearchAction\",\"target\":{\"@type\":\"EntryPoint\",\"urlTemplate\":\"https:\\\/\\\/scientia.international\\\/es\\\/?s={search_term_string}\"},\"query-input\":{\"@type\":\"PropertyValueSpecification\",\"valueRequired\":true,\"valueName\":\"search_term_string\"}}],\"inLanguage\":\"pt-BR\"}]}<\/script>\n<!-- \/ Yoast SEO plugin. -->","yoast_head_json":{"title":"Tipos de publica\u00e7\u00f5es aceitas - Scientia International","robots":{"index":"index","follow":"follow","max-snippet":"max-snippet:-1","max-image-preview":"max-image-preview:large","max-video-preview":"max-video-preview:-1"},"canonical":"https:\/\/scientia.international\/pt\/publique-2\/tipos-de-publicacoes-aceitas\/","og_locale":"pt_BR","og_type":"article","og_title":"Types of Publications Accepted - Scientia International","og_description":"Types of Publications Accepted Scientia International Journals publish peer-reviewed academic contributions across all areas of knowledge under an Open Peer Review model and a multilingual publication policy. All accepted articles are published in English, Spanish, and Portuguese, with metadata available in six languages. Authors are encouraged to consult the editorial guidelines before submission. Submission FormatManuscripts [&hellip;]","og_url":"https:\/\/scientia.international\/pt\/publique-2\/tipos-de-publicacoes-aceitas\/","og_site_name":"Scientia International","article_modified_time":"2026-02-11T18:32:48+00:00","twitter_card":"summary_large_image","twitter_misc":{"Est. tempo de leitura":"3 minutos"},"schema":{"@context":"https:\/\/schema.org","@graph":[{"@type":"WebPage","@id":"https:\/\/scientia.international\/es\/publique\/tipos-de-publicaciones-aceptadas\/","url":"https:\/\/scientia.international\/es\/publique\/tipos-de-publicaciones-aceptadas\/","name":"Tipos de publica\u00e7\u00f5es aceitas - Scientia International","isPartOf":{"@id":"https:\/\/scientia.international\/es\/#website"},"datePublished":"2024-09-19T19:06:34+00:00","dateModified":"2026-02-11T18:32:48+00:00","breadcrumb":{"@id":"https:\/\/scientia.international\/es\/publique\/tipos-de-publicaciones-aceptadas\/#breadcrumb"},"inLanguage":"pt-BR","potentialAction":[{"@type":"ReadAction","target":["https:\/\/scientia.international\/es\/publique\/tipos-de-publicaciones-aceptadas\/"]}]},{"@type":"BreadcrumbList","@id":"https:\/\/scientia.international\/es\/publique\/tipos-de-publicaciones-aceptadas\/#breadcrumb","itemListElement":[{"@type":"ListItem","position":1,"name":"Home","item":"https:\/\/scientia.international\/"},{"@type":"ListItem","position":2,"name":"Publish","item":"https:\/\/scientia.international\/publish\/"},{"@type":"ListItem","position":3,"name":"Types of Publications Accepted"}]},{"@type":"WebSite","@id":"https:\/\/scientia.international\/es\/#website","url":"https:\/\/scientia.international\/es\/","name":"Scientia International","description":"Ci\u00eancia global em acesso aberto!","potentialAction":[{"@type":"SearchAction","target":{"@type":"EntryPoint","urlTemplate":"https:\/\/scientia.international\/es\/?s={search_term_string}"},"query-input":{"@type":"PropertyValueSpecification","valueRequired":true,"valueName":"search_term_string"}}],"inLanguage":"pt-BR"}]}},"_links":{"self":[{"href":"https:\/\/scientia.international\/pt\/wp-json\/wp\/v2\/pages\/1180","targetHints":{"allow":["GET"]}}],"collection":[{"href":"https:\/\/scientia.international\/pt\/wp-json\/wp\/v2\/pages"}],"about":[{"href":"https:\/\/scientia.international\/pt\/wp-json\/wp\/v2\/types\/page"}],"author":[{"embeddable":true,"href":"https:\/\/scientia.international\/pt\/wp-json\/wp\/v2\/users\/1"}],"replies":[{"embeddable":true,"href":"https:\/\/scientia.international\/pt\/wp-json\/wp\/v2\/comments?post=1180"}],"version-history":[{"count":7,"href":"https:\/\/scientia.international\/pt\/wp-json\/wp\/v2\/pages\/1180\/revisions"}],"predecessor-version":[{"id":1920,"href":"https:\/\/scientia.international\/pt\/wp-json\/wp\/v2\/pages\/1180\/revisions\/1920"}],"up":[{"embeddable":true,"href":"https:\/\/scientia.international\/pt\/wp-json\/wp\/v2\/pages\/798"}],"wp:attachment":[{"href":"https:\/\/scientia.international\/pt\/wp-json\/wp\/v2\/media?parent=1180"}],"curies":[{"name":"wp","href":"https:\/\/api.w.org\/{rel}","templated":true}]}}