{"id":1186,"date":"2024-09-19T16:14:23","date_gmt":"2024-09-19T19:14:23","guid":{"rendered":"https:\/\/scientia.international\/?page_id=1186"},"modified":"2024-10-30T11:18:16","modified_gmt":"2024-10-30T14:18:16","slug":"revisao-aberta-por-pares","status":"publish","type":"page","link":"https:\/\/scientia.international\/pt\/publish\/open-peer-review\/","title":{"rendered":"Revis\u00e3o por pares aberta"},"content":{"rendered":"<div data-elementor-type=\"wp-page\" data-elementor-id=\"1186\" class=\"elementor elementor-1186\" data-elementor-post-type=\"page\">\n\t\t\t\t<div data-marvy_enable_drop_animation=\"false\" data-marvy_enable_fancy_rotate=\"false\" data-marvy_enable_flying_object=\"false\" data-marvy_enable_ripples_animation=\"false\" data-marvy_enable_waves_animation=\"false\" data-marvy_enable_rings_animation=\"false\" data-marvy_enable_topology_animation=\"false\" data-marvy_enable_gradient_animation=\"false\" data-marvy_enable_snow_animation=\"false\" data-marvy_enable_firework_animation=\"false\" data-marvy_enable_cloud_animation=\"false\" class=\"elementor-element elementor-element-1d5f345 e-flex e-con-boxed e-con e-parent\" data-id=\"1d5f345\" data-element_type=\"container\" data-e-type=\"container\">\n\t\t\t\t\t<div class=\"e-con-inner\">\n\t\t<div data-marvy_enable_drop_animation=\"false\" data-marvy_enable_fancy_rotate=\"false\" data-marvy_enable_flying_object=\"false\" data-marvy_enable_ripples_animation=\"false\" data-marvy_enable_waves_animation=\"false\" data-marvy_enable_rings_animation=\"false\" data-marvy_enable_topology_animation=\"false\" data-marvy_enable_gradient_animation=\"false\" data-marvy_enable_snow_animation=\"false\" data-marvy_enable_firework_animation=\"false\" data-marvy_enable_cloud_animation=\"false\" class=\"elementor-element elementor-element-4d8b07c e-con-full e-flex e-con e-child\" data-id=\"4d8b07c\" data-element_type=\"container\" data-e-type=\"container\">\n\t\t\t\t<div class=\"elementor-element elementor-element-46f64c7 elementor-widget elementor-widget-heading\" data-id=\"46f64c7\" data-element_type=\"widget\" data-e-type=\"widget\" data-widget_type=\"heading.default\">\n\t\t\t\t\t<h2 class=\"elementor-heading-title elementor-size-default\">Revis\u00e3o por pares aberta<\/h2>\t\t\t\t<\/div>\n\t\t\t\t<div class=\"elementor-element elementor-element-81924b6 elementor-widget-divider--view-line elementor-widget elementor-widget-divider\" data-id=\"81924b6\" data-element_type=\"widget\" data-e-type=\"widget\" data-widget_type=\"divider.default\">\n\t\t\t\t\t\t\t<div class=\"elementor-divider\">\n\t\t\t<span class=\"elementor-divider-separator\">\n\t\t\t\t\t\t<\/span>\n\t\t<\/div>\n\t\t\t\t\t\t<\/div>\n\t\t\t\t<\/div>\n\t\t\t\t\t<\/div>\n\t\t\t\t<\/div>\n\t\t<div data-marvy_enable_drop_animation=\"false\" data-marvy_enable_fancy_rotate=\"false\" data-marvy_enable_flying_object=\"false\" data-marvy_enable_ripples_animation=\"false\" data-marvy_enable_waves_animation=\"false\" data-marvy_enable_rings_animation=\"false\" data-marvy_enable_topology_animation=\"false\" data-marvy_enable_gradient_animation=\"false\" data-marvy_enable_snow_animation=\"false\" data-marvy_enable_firework_animation=\"false\" data-marvy_enable_cloud_animation=\"false\" class=\"elementor-element elementor-element-44b1765 e-flex e-con-boxed e-con e-parent\" data-id=\"44b1765\" data-element_type=\"container\" data-e-type=\"container\">\n\t\t\t\t\t<div class=\"e-con-inner\">\n\t\t<div data-marvy_enable_drop_animation=\"false\" data-marvy_enable_fancy_rotate=\"false\" data-marvy_enable_flying_object=\"false\" data-marvy_enable_ripples_animation=\"false\" data-marvy_enable_waves_animation=\"false\" data-marvy_enable_rings_animation=\"false\" data-marvy_enable_topology_animation=\"false\" data-marvy_enable_gradient_animation=\"false\" data-marvy_enable_snow_animation=\"false\" data-marvy_enable_firework_animation=\"false\" data-marvy_enable_cloud_animation=\"false\" class=\"elementor-element elementor-element-21d3bb6 e-con-full e-flex e-con e-child\" data-id=\"21d3bb6\" data-element_type=\"container\" data-e-type=\"container\" data-settings=\"{&quot;background_background&quot;:&quot;classic&quot;}\">\n\t\t\t\t<div class=\"elementor-element elementor-element-3f8fb4a elementor-nav-menu__align-justify elementor-nav-menu--stretch elementor-widget__width-initial elementor-nav-menu--dropdown-tablet elementor-nav-menu__text-align-aside elementor-nav-menu--toggle elementor-nav-menu--burger elementor-widget elementor-widget-nav-menu\" data-id=\"3f8fb4a\" data-element_type=\"widget\" data-e-type=\"widget\" data-settings=\"{&quot;layout&quot;:&quot;vertical&quot;,&quot;full_width&quot;:&quot;stretch&quot;,&quot;submenu_icon&quot;:{&quot;value&quot;:&quot;&lt;svg aria-hidden=\\&quot;true\\&quot; class=\\&quot;e-font-icon-svg e-fas-caret-down\\&quot; viewBox=\\&quot;0 0 320 512\\&quot; xmlns=\\&quot;http:\\\/\\\/www.w3.org\\\/2000\\\/svg\\&quot;&gt;&lt;path d=\\&quot;M31.3 192h257.3c17.8 0 26.7 21.5 14.1 34.1L174.1 354.8c-7.8 7.8-20.5 7.8-28.3 0L17.2 226.1C4.6 213.5 13.5 192 31.3 192z\\&quot;&gt;&lt;\\\/path&gt;&lt;\\\/svg&gt;&quot;,&quot;library&quot;:&quot;fa-solid&quot;},&quot;toggle&quot;:&quot;burger&quot;}\" data-widget_type=\"nav-menu.default\">\n\t\t\t\t\t\t\t\t<nav aria-label=\"Menu\" class=\"elementor-nav-menu--main elementor-nav-menu__container elementor-nav-menu--layout-vertical e--pointer-background e--animation-fade\">\n\t\t\t\t<ul id=\"menu-1-3f8fb4a\" class=\"elementor-nav-menu sm-vertical\"><li class=\"menu-item menu-item-type-post_type menu-item-object-page menu-item-1207\"><a href=\"https:\/\/scientia.international\/pt\/publish\/\" class=\"elementor-item\">Processo editorial<\/a><\/li>\n<li class=\"menu-item menu-item-type-post_type menu-item-object-page menu-item-1211\"><a href=\"https:\/\/scientia.international\/pt\/publish\/types-of-publications-accepted\/\" class=\"elementor-item\">Tipos de publica\u00e7\u00f5es aceitas<\/a><\/li>\n<li class=\"menu-item menu-item-type-post_type menu-item-object-page menu-item-1208\"><a href=\"https:\/\/scientia.international\/pt\/publish\/apc\/\" class=\"elementor-item\">Taxas de processamento de artigos (APC)<\/a><\/li>\n<li class=\"menu-item menu-item-type-post_type menu-item-object-page menu-item-1210\"><a href=\"https:\/\/scientia.international\/pt\/publish\/open-peer-review\/\" class=\"elementor-item\">Revis\u00e3o por pares aberta<\/a><\/li>\n<li class=\"menu-item menu-item-type-post_type menu-item-object-page menu-item-1209\"><a href=\"https:\/\/scientia.international\/pt\/publish\/open-access\/\" class=\"elementor-item\">Acesso aberto<\/a><\/li>\n<li class=\"menu-item menu-item-type-post_type menu-item-object-page menu-item-1217\"><a href=\"https:\/\/scientia.international\/pt\/publish\/code-of-ethics\/\" class=\"elementor-item\">C\u00f3digo de \u00c9tica<\/a><\/li>\n<\/ul>\t\t\t<\/nav>\n\t\t\t\t\t<div class=\"elementor-menu-toggle\" role=\"button\" tabindex=\"0\" aria-label=\"Menu Alternar\" aria-expanded=\"false\">\n\t\t\t<svg aria-hidden=\"true\" role=\"presentation\" class=\"elementor-menu-toggle__icon--open e-font-icon-svg e-eicon-menu-bar\" viewbox=\"0 0 1000 1000\" xmlns=\"http:\/\/www.w3.org\/2000\/svg\"><path d=\"M104 333H896C929 333 958 304 958 271S929 208 896 208H104C71 208 42 237 42 271S71 333 104 333ZM104 583H896C929 583 958 554 958 521S929 458 896 458H104C71 458 42 487 42 521S71 583 104 583ZM104 833H896C929 833 958 804 958 771S929 708 896 708H104C71 708 42 737 42 771S71 833 104 833Z\"><\/path><\/svg><svg aria-hidden=\"true\" role=\"presentation\" class=\"elementor-menu-toggle__icon--close e-font-icon-svg e-eicon-close\" viewbox=\"0 0 1000 1000\" xmlns=\"http:\/\/www.w3.org\/2000\/svg\"><path d=\"M742 167L500 408 258 167C246 154 233 150 217 150 196 150 179 158 167 167 154 179 150 196 150 212 150 229 154 242 171 254L408 500 167 742C138 771 138 800 167 829 196 858 225 858 254 829L496 587 738 829C750 842 767 846 783 846 800 846 817 842 829 829 842 817 846 804 846 783 846 767 842 750 829 737L588 500 833 258C863 229 863 200 833 171 804 137 775 137 742 167Z\"><\/path><\/svg>\t\t<\/div>\n\t\t\t\t\t<nav class=\"elementor-nav-menu--dropdown elementor-nav-menu__container\" aria-hidden=\"true\">\n\t\t\t\t<ul id=\"menu-2-3f8fb4a\" class=\"elementor-nav-menu sm-vertical\"><li class=\"menu-item menu-item-type-post_type menu-item-object-page menu-item-1207\"><a href=\"https:\/\/scientia.international\/pt\/publish\/\" class=\"elementor-item\" tabindex=\"-1\">Processo editorial<\/a><\/li>\n<li class=\"menu-item menu-item-type-post_type menu-item-object-page menu-item-1211\"><a href=\"https:\/\/scientia.international\/pt\/publish\/types-of-publications-accepted\/\" class=\"elementor-item\" tabindex=\"-1\">Tipos de publica\u00e7\u00f5es aceitas<\/a><\/li>\n<li class=\"menu-item menu-item-type-post_type menu-item-object-page menu-item-1208\"><a href=\"https:\/\/scientia.international\/pt\/publish\/apc\/\" class=\"elementor-item\" tabindex=\"-1\">Taxas de processamento de artigos (APC)<\/a><\/li>\n<li class=\"menu-item menu-item-type-post_type menu-item-object-page menu-item-1210\"><a href=\"https:\/\/scientia.international\/pt\/publish\/open-peer-review\/\" class=\"elementor-item\" tabindex=\"-1\">Revis\u00e3o por pares aberta<\/a><\/li>\n<li class=\"menu-item menu-item-type-post_type menu-item-object-page menu-item-1209\"><a href=\"https:\/\/scientia.international\/pt\/publish\/open-access\/\" class=\"elementor-item\" tabindex=\"-1\">Acesso aberto<\/a><\/li>\n<li class=\"menu-item menu-item-type-post_type menu-item-object-page menu-item-1217\"><a href=\"https:\/\/scientia.international\/pt\/publish\/code-of-ethics\/\" class=\"elementor-item\" tabindex=\"-1\">C\u00f3digo de \u00c9tica<\/a><\/li>\n<\/ul>\t\t\t<\/nav>\n\t\t\t\t\t\t<\/div>\n\t\t\t\t<\/div>\n\t\t<div data-marvy_enable_drop_animation=\"false\" data-marvy_enable_fancy_rotate=\"false\" data-marvy_enable_flying_object=\"false\" data-marvy_enable_ripples_animation=\"false\" data-marvy_enable_waves_animation=\"false\" data-marvy_enable_rings_animation=\"false\" data-marvy_enable_topology_animation=\"false\" data-marvy_enable_gradient_animation=\"false\" data-marvy_enable_snow_animation=\"false\" data-marvy_enable_firework_animation=\"false\" data-marvy_enable_cloud_animation=\"false\" class=\"elementor-element elementor-element-eb90005 e-con-full e-flex e-con e-child\" data-id=\"eb90005\" data-element_type=\"container\" data-e-type=\"container\">\n\t\t\t\t<div class=\"elementor-element elementor-element-fc280fd elementor-widget elementor-widget-heading\" data-id=\"fc280fd\" data-element_type=\"widget\" data-e-type=\"widget\" data-widget_type=\"heading.default\">\n\t\t\t\t\t<h2 class=\"elementor-heading-title elementor-size-default\">Revis\u00e3o por pares aberta<\/h2>\t\t\t\t<\/div>\n\t\t\t\t<div class=\"elementor-element elementor-element-2d89bcd elementor-widget elementor-widget-text-editor\" data-id=\"2d89bcd\" data-element_type=\"widget\" data-e-type=\"widget\" data-widget_type=\"text-editor.default\">\n\t\t\t\t\t\t\t\t\t<p><strong>Compromisso com a transpar\u00eancia e a inova\u00e7\u00e3o na publica\u00e7\u00e3o acad\u00eamica<\/strong><\/p><p><strong>Vis\u00e3o geral<\/strong><\/p><p>Na Scientia International, adotamos o modelo Open Peer Review (OPR), uma abordagem progressiva do processo de revis\u00e3o por pares. Esse modelo reflete nosso compromisso com a transpar\u00eancia, o di\u00e1logo aberto e a integridade acad\u00eamica. No Open Review, tanto os autores quanto os revisores s\u00e3o identificados, e os relat\u00f3rios de revis\u00e3o s\u00e3o publicados juntamente com o artigo final.<\/p><p><strong>Por que Open Review?<\/strong><\/p><ul><li><p><strong>Aumento da transpar\u00eancia<\/strong>: A identifica\u00e7\u00e3o m\u00fatua de autores e revisores promove uma comunica\u00e7\u00e3o honesta e construtiva, incentivando um di\u00e1logo aberto e respeitoso, essencial para um processo de revis\u00e3o justo e eficaz.<\/p><\/li><li><p><strong>Responsabilidade aprimorada<\/strong>: As identidades p\u00fablicas motivam tanto os revisores quanto os autores a manter a integridade e a qualidade em seus coment\u00e1rios e respostas.<\/p><\/li><li><p><strong>Enriquecimento do conhecimento<\/strong>: A publica\u00e7\u00e3o de relat\u00f3rios de revis\u00e3o juntamente com artigos permite que os leitores entendam o contexto e a evolu\u00e7\u00e3o do trabalho, enriquecendo sua experi\u00eancia educacional.<\/p><\/li><li><p><strong>Promovendo a confian\u00e7a na ci\u00eancia<\/strong>: A transpar\u00eancia no processo de revis\u00e3o gera confian\u00e7a na pesquisa publicada, refor\u00e7ando a credibilidade dentro da comunidade cient\u00edfica.<\/p><\/li><\/ul><p><strong>Como funciona o Open Review?<\/strong><\/p><ul><li><strong>Envio e identifica\u00e7\u00e3o<\/strong>: No momento da submiss\u00e3o, os autores e revisores s\u00e3o informados sobre a natureza aberta do processo de revis\u00e3o.<\/li><li><strong>Revis\u00e3o por pares aberta<\/strong>: Os revisores s\u00e3o selecionados com base em sua experi\u00eancia, com identidades divulgadas aos autores, que tamb\u00e9m s\u00e3o identificados aos revisores.<\/li><li><strong>Feedback construtivo<\/strong>: Os revisores fornecem feedback detalhado, compartilhado abertamente com os autores, permitindo poss\u00edveis revis\u00f5es.<\/li><li><strong>Publica\u00e7\u00e3o de relat\u00f3rios de revis\u00e3o<\/strong>: Os relat\u00f3rios de revis\u00e3o, incluindo as identidades dos revisores, s\u00e3o publicados juntamente com o artigo aceito.<\/li><\/ul><p><strong>Compromisso com a integridade<\/strong><\/p><p>Na Scientia International, reconhecemos que a Open Review representa um passo ousado em dire\u00e7\u00e3o a uma maior integridade na publica\u00e7\u00e3o cient\u00edfica. Continuamos dedicados a refinar nossas pr\u00e1ticas para atender \u00e0s necessidades da comunidade acad\u00eamica e, ao mesmo tempo, manter os mais altos padr\u00f5es de excel\u00eancia.<\/p>\t\t\t\t\t\t\t\t<\/div>\n\t\t\t\t<\/div>\n\t\t\t\t\t<\/div>\n\t\t\t\t<\/div>\n\t\t<div data-marvy_enable_drop_animation=\"false\" data-marvy_enable_fancy_rotate=\"false\" data-marvy_enable_flying_object=\"false\" data-marvy_enable_ripples_animation=\"false\" data-marvy_enable_waves_animation=\"false\" data-marvy_enable_rings_animation=\"false\" data-marvy_enable_topology_animation=\"false\" data-marvy_enable_gradient_animation=\"false\" data-marvy_enable_snow_animation=\"false\" data-marvy_enable_firework_animation=\"false\" data-marvy_enable_cloud_animation=\"false\" class=\"elementor-element elementor-element-a0e2263 e-flex e-con-boxed e-con e-parent\" data-id=\"a0e2263\" data-element_type=\"container\" data-e-type=\"container\">\n\t\t\t\t\t<div class=\"e-con-inner\">\n\t\t\t\t\t<\/div>\n\t\t\t\t<\/div>\n\t\t\t\t<\/div>","protected":false},"excerpt":{"rendered":"<p>Open Peer Review Committed to Transparency and Innovation in Academic Publishing Overview At Scientia International, we embrace the Open Peer Review (OPR) model, a progressive approach to the peer review process. This model reflects our commitment to transparency, open dialogue, and academic integrity. In Open Review, both authors and reviewers are identified, and review reports [&hellip;]<\/p>\n","protected":false},"author":1,"featured_media":0,"parent":798,"menu_order":0,"comment_status":"closed","ping_status":"closed","template":"elementor_header_footer","meta":{"_mo_disable_npp":"","om_disable_all_campaigns":false,"_monsterinsights_skip_tracking":false,"_monsterinsights_sitenote_active":false,"_monsterinsights_sitenote_note":"","_monsterinsights_sitenote_category":0,"_uf_show_specific_survey":0,"_uf_disable_surveys":false,"footnotes":""},"class_list":["post-1186","page","type-page","status-publish","hentry"],"yoast_head":"<!-- This site is optimized with the Yoast SEO plugin v27.4 - https:\/\/yoast.com\/product\/yoast-seo-wordpress\/ -->\n<title>Open Peer Review - Scientia International<\/title>\n<meta name=\"robots\" content=\"index, follow, max-snippet:-1, max-image-preview:large, max-video-preview:-1\" \/>\n<link rel=\"canonical\" href=\"https:\/\/scientia.international\/pt\/publique-2\/revisao-aberta-por-pares\/\" \/>\n<meta property=\"og:locale\" content=\"pt_BR\" \/>\n<meta property=\"og:type\" content=\"article\" \/>\n<meta property=\"og:title\" content=\"Open Peer Review - Scientia International\" \/>\n<meta property=\"og:description\" content=\"Open Peer Review Committed to Transparency and Innovation in Academic Publishing Overview At Scientia International, we embrace the Open Peer Review (OPR) model, a progressive approach to the peer review process. This model reflects our commitment to transparency, open dialogue, and academic integrity. In Open Review, both authors and reviewers are identified, and review reports [&hellip;]\" \/>\n<meta property=\"og:url\" content=\"https:\/\/scientia.international\/pt\/publique-2\/revisao-aberta-por-pares\/\" \/>\n<meta property=\"og:site_name\" content=\"Scientia International\" \/>\n<meta property=\"article:modified_time\" content=\"2024-10-30T14:18:16+00:00\" \/>\n<meta name=\"twitter:card\" content=\"summary_large_image\" \/>\n<meta name=\"twitter:label1\" content=\"Est. tempo de leitura\" \/>\n\t<meta name=\"twitter:data1\" content=\"1 minuto\" \/>\n<script type=\"application\/ld+json\" class=\"yoast-schema-graph\">{\"@context\":\"https:\\\/\\\/schema.org\",\"@graph\":[{\"@type\":\"WebPage\",\"@id\":\"https:\\\/\\\/scientia.international\\\/publish\\\/open-peer-review\\\/\",\"url\":\"https:\\\/\\\/scientia.international\\\/publish\\\/open-peer-review\\\/\",\"name\":\"Open Peer Review - Scientia International\",\"isPartOf\":{\"@id\":\"https:\\\/\\\/scientia.international\\\/es\\\/#website\"},\"datePublished\":\"2024-09-19T19:14:23+00:00\",\"dateModified\":\"2024-10-30T14:18:16+00:00\",\"breadcrumb\":{\"@id\":\"https:\\\/\\\/scientia.international\\\/publish\\\/open-peer-review\\\/#breadcrumb\"},\"inLanguage\":\"pt-BR\",\"potentialAction\":[{\"@type\":\"ReadAction\",\"target\":[\"https:\\\/\\\/scientia.international\\\/publish\\\/open-peer-review\\\/\"]}]},{\"@type\":\"BreadcrumbList\",\"@id\":\"https:\\\/\\\/scientia.international\\\/publish\\\/open-peer-review\\\/#breadcrumb\",\"itemListElement\":[{\"@type\":\"ListItem\",\"position\":1,\"name\":\"Home\",\"item\":\"https:\\\/\\\/scientia.international\\\/\"},{\"@type\":\"ListItem\",\"position\":2,\"name\":\"Publish\",\"item\":\"https:\\\/\\\/scientia.international\\\/publish\\\/\"},{\"@type\":\"ListItem\",\"position\":3,\"name\":\"Open Peer Review\"}]},{\"@type\":\"WebSite\",\"@id\":\"https:\\\/\\\/scientia.international\\\/es\\\/#website\",\"url\":\"https:\\\/\\\/scientia.international\\\/es\\\/\",\"name\":\"Scientia International\",\"description\":\"Global science in open access!\",\"potentialAction\":[{\"@type\":\"SearchAction\",\"target\":{\"@type\":\"EntryPoint\",\"urlTemplate\":\"https:\\\/\\\/scientia.international\\\/es\\\/?s={search_term_string}\"},\"query-input\":{\"@type\":\"PropertyValueSpecification\",\"valueRequired\":true,\"valueName\":\"search_term_string\"}}],\"inLanguage\":\"pt-BR\"}]}<\/script>\n<!-- \/ Yoast SEO plugin. -->","yoast_head_json":{"title":"Revis\u00e3o por pares aberta - Scientia International","robots":{"index":"index","follow":"follow","max-snippet":"max-snippet:-1","max-image-preview":"max-image-preview:large","max-video-preview":"max-video-preview:-1"},"canonical":"https:\/\/scientia.international\/pt\/publique-2\/revisao-aberta-por-pares\/","og_locale":"pt_BR","og_type":"article","og_title":"Open Peer Review - Scientia International","og_description":"Open Peer Review Committed to Transparency and Innovation in Academic Publishing Overview At Scientia International, we embrace the Open Peer Review (OPR) model, a progressive approach to the peer review process. This model reflects our commitment to transparency, open dialogue, and academic integrity. In Open Review, both authors and reviewers are identified, and review reports [&hellip;]","og_url":"https:\/\/scientia.international\/pt\/publique-2\/revisao-aberta-por-pares\/","og_site_name":"Scientia International","article_modified_time":"2024-10-30T14:18:16+00:00","twitter_card":"summary_large_image","twitter_misc":{"Est. tempo de leitura":"1 minuto"},"schema":{"@context":"https:\/\/schema.org","@graph":[{"@type":"WebPage","@id":"https:\/\/scientia.international\/publish\/open-peer-review\/","url":"https:\/\/scientia.international\/publish\/open-peer-review\/","name":"Revis\u00e3o por pares aberta - Scientia International","isPartOf":{"@id":"https:\/\/scientia.international\/es\/#website"},"datePublished":"2024-09-19T19:14:23+00:00","dateModified":"2024-10-30T14:18:16+00:00","breadcrumb":{"@id":"https:\/\/scientia.international\/publish\/open-peer-review\/#breadcrumb"},"inLanguage":"pt-BR","potentialAction":[{"@type":"ReadAction","target":["https:\/\/scientia.international\/publish\/open-peer-review\/"]}]},{"@type":"BreadcrumbList","@id":"https:\/\/scientia.international\/publish\/open-peer-review\/#breadcrumb","itemListElement":[{"@type":"ListItem","position":1,"name":"Home","item":"https:\/\/scientia.international\/"},{"@type":"ListItem","position":2,"name":"Publish","item":"https:\/\/scientia.international\/publish\/"},{"@type":"ListItem","position":3,"name":"Open Peer Review"}]},{"@type":"WebSite","@id":"https:\/\/scientia.international\/es\/#website","url":"https:\/\/scientia.international\/es\/","name":"Scientia International","description":"Ci\u00eancia global em acesso aberto!","potentialAction":[{"@type":"SearchAction","target":{"@type":"EntryPoint","urlTemplate":"https:\/\/scientia.international\/es\/?s={search_term_string}"},"query-input":{"@type":"PropertyValueSpecification","valueRequired":true,"valueName":"search_term_string"}}],"inLanguage":"pt-BR"}]}},"_links":{"self":[{"href":"https:\/\/scientia.international\/pt\/wp-json\/wp\/v2\/pages\/1186","targetHints":{"allow":["GET"]}}],"collection":[{"href":"https:\/\/scientia.international\/pt\/wp-json\/wp\/v2\/pages"}],"about":[{"href":"https:\/\/scientia.international\/pt\/wp-json\/wp\/v2\/types\/page"}],"author":[{"embeddable":true,"href":"https:\/\/scientia.international\/pt\/wp-json\/wp\/v2\/users\/1"}],"replies":[{"embeddable":true,"href":"https:\/\/scientia.international\/pt\/wp-json\/wp\/v2\/comments?post=1186"}],"version-history":[{"count":3,"href":"https:\/\/scientia.international\/pt\/wp-json\/wp\/v2\/pages\/1186\/revisions"}],"predecessor-version":[{"id":1611,"href":"https:\/\/scientia.international\/pt\/wp-json\/wp\/v2\/pages\/1186\/revisions\/1611"}],"up":[{"embeddable":true,"href":"https:\/\/scientia.international\/pt\/wp-json\/wp\/v2\/pages\/798"}],"wp:attachment":[{"href":"https:\/\/scientia.international\/pt\/wp-json\/wp\/v2\/media?parent=1186"}],"curies":[{"name":"wp","href":"https:\/\/api.w.org\/{rel}","templated":true}]}}