{"id":1191,"date":"2024-09-19T16:20:29","date_gmt":"2024-09-19T19:20:29","guid":{"rendered":"https:\/\/scientia.international\/?page_id=1191"},"modified":"2024-10-30T11:18:34","modified_gmt":"2024-10-30T14:18:34","slug":"acesso-aberto","status":"publish","type":"page","link":"https:\/\/scientia.international\/pt\/publish\/open-access\/","title":{"rendered":"Acesso aberto"},"content":{"rendered":"<div data-elementor-type=\"wp-page\" data-elementor-id=\"1191\" class=\"elementor elementor-1191\" data-elementor-post-type=\"page\">\n\t\t\t\t<div data-marvy_enable_drop_animation=\"false\" data-marvy_enable_fancy_rotate=\"false\" data-marvy_enable_flying_object=\"false\" data-marvy_enable_ripples_animation=\"false\" data-marvy_enable_waves_animation=\"false\" data-marvy_enable_rings_animation=\"false\" data-marvy_enable_topology_animation=\"false\" data-marvy_enable_gradient_animation=\"false\" data-marvy_enable_snow_animation=\"false\" data-marvy_enable_firework_animation=\"false\" data-marvy_enable_cloud_animation=\"false\" class=\"elementor-element elementor-element-1d5f345 e-flex e-con-boxed e-con e-parent\" data-id=\"1d5f345\" data-element_type=\"container\" data-e-type=\"container\">\n\t\t\t\t\t<div class=\"e-con-inner\">\n\t\t<div data-marvy_enable_drop_animation=\"false\" data-marvy_enable_fancy_rotate=\"false\" data-marvy_enable_flying_object=\"false\" data-marvy_enable_ripples_animation=\"false\" data-marvy_enable_waves_animation=\"false\" data-marvy_enable_rings_animation=\"false\" data-marvy_enable_topology_animation=\"false\" data-marvy_enable_gradient_animation=\"false\" data-marvy_enable_snow_animation=\"false\" data-marvy_enable_firework_animation=\"false\" data-marvy_enable_cloud_animation=\"false\" class=\"elementor-element elementor-element-4d8b07c e-con-full e-flex e-con e-child\" data-id=\"4d8b07c\" data-element_type=\"container\" data-e-type=\"container\">\n\t\t\t\t<div class=\"elementor-element elementor-element-46f64c7 elementor-widget elementor-widget-heading\" data-id=\"46f64c7\" data-element_type=\"widget\" data-e-type=\"widget\" data-widget_type=\"heading.default\">\n\t\t\t\t\t<h2 class=\"elementor-heading-title elementor-size-default\">Acesso aberto<\/h2>\t\t\t\t<\/div>\n\t\t\t\t<div class=\"elementor-element elementor-element-81924b6 elementor-widget-divider--view-line elementor-widget elementor-widget-divider\" data-id=\"81924b6\" data-element_type=\"widget\" data-e-type=\"widget\" data-widget_type=\"divider.default\">\n\t\t\t\t\t\t\t<div class=\"elementor-divider\">\n\t\t\t<span class=\"elementor-divider-separator\">\n\t\t\t\t\t\t<\/span>\n\t\t<\/div>\n\t\t\t\t\t\t<\/div>\n\t\t\t\t<\/div>\n\t\t\t\t\t<\/div>\n\t\t\t\t<\/div>\n\t\t<div data-marvy_enable_drop_animation=\"false\" data-marvy_enable_fancy_rotate=\"false\" data-marvy_enable_flying_object=\"false\" data-marvy_enable_ripples_animation=\"false\" data-marvy_enable_waves_animation=\"false\" data-marvy_enable_rings_animation=\"false\" data-marvy_enable_topology_animation=\"false\" data-marvy_enable_gradient_animation=\"false\" data-marvy_enable_snow_animation=\"false\" data-marvy_enable_firework_animation=\"false\" data-marvy_enable_cloud_animation=\"false\" class=\"elementor-element elementor-element-44b1765 e-flex e-con-boxed e-con e-parent\" data-id=\"44b1765\" data-element_type=\"container\" data-e-type=\"container\">\n\t\t\t\t\t<div class=\"e-con-inner\">\n\t\t<div data-marvy_enable_drop_animation=\"false\" data-marvy_enable_fancy_rotate=\"false\" data-marvy_enable_flying_object=\"false\" data-marvy_enable_ripples_animation=\"false\" data-marvy_enable_waves_animation=\"false\" data-marvy_enable_rings_animation=\"false\" data-marvy_enable_topology_animation=\"false\" data-marvy_enable_gradient_animation=\"false\" data-marvy_enable_snow_animation=\"false\" data-marvy_enable_firework_animation=\"false\" data-marvy_enable_cloud_animation=\"false\" class=\"elementor-element elementor-element-21d3bb6 e-con-full e-flex e-con e-child\" data-id=\"21d3bb6\" data-element_type=\"container\" data-e-type=\"container\" data-settings=\"{&quot;background_background&quot;:&quot;classic&quot;}\">\n\t\t\t\t<div class=\"elementor-element elementor-element-3f8fb4a elementor-nav-menu__align-justify elementor-nav-menu--stretch elementor-widget__width-initial elementor-nav-menu--dropdown-tablet elementor-nav-menu__text-align-aside elementor-nav-menu--toggle elementor-nav-menu--burger elementor-widget elementor-widget-nav-menu\" data-id=\"3f8fb4a\" data-element_type=\"widget\" data-e-type=\"widget\" data-settings=\"{&quot;layout&quot;:&quot;vertical&quot;,&quot;full_width&quot;:&quot;stretch&quot;,&quot;submenu_icon&quot;:{&quot;value&quot;:&quot;&lt;svg aria-hidden=\\&quot;true\\&quot; class=\\&quot;e-font-icon-svg e-fas-caret-down\\&quot; viewBox=\\&quot;0 0 320 512\\&quot; xmlns=\\&quot;http:\\\/\\\/www.w3.org\\\/2000\\\/svg\\&quot;&gt;&lt;path d=\\&quot;M31.3 192h257.3c17.8 0 26.7 21.5 14.1 34.1L174.1 354.8c-7.8 7.8-20.5 7.8-28.3 0L17.2 226.1C4.6 213.5 13.5 192 31.3 192z\\&quot;&gt;&lt;\\\/path&gt;&lt;\\\/svg&gt;&quot;,&quot;library&quot;:&quot;fa-solid&quot;},&quot;toggle&quot;:&quot;burger&quot;}\" data-widget_type=\"nav-menu.default\">\n\t\t\t\t\t\t\t\t<nav aria-label=\"Menu\" class=\"elementor-nav-menu--main elementor-nav-menu__container elementor-nav-menu--layout-vertical e--pointer-background e--animation-fade\">\n\t\t\t\t<ul id=\"menu-1-3f8fb4a\" class=\"elementor-nav-menu sm-vertical\"><li class=\"menu-item menu-item-type-post_type menu-item-object-page menu-item-1207\"><a href=\"https:\/\/scientia.international\/pt\/publish\/\" class=\"elementor-item\">Processo editorial<\/a><\/li>\n<li class=\"menu-item menu-item-type-post_type menu-item-object-page menu-item-1211\"><a href=\"https:\/\/scientia.international\/pt\/publish\/types-of-publications-accepted\/\" class=\"elementor-item\">Tipos de publica\u00e7\u00f5es aceitas<\/a><\/li>\n<li class=\"menu-item menu-item-type-post_type menu-item-object-page menu-item-1208\"><a href=\"https:\/\/scientia.international\/pt\/publish\/apc\/\" class=\"elementor-item\">Taxas de processamento de artigos (APC)<\/a><\/li>\n<li class=\"menu-item menu-item-type-post_type menu-item-object-page menu-item-1210\"><a href=\"https:\/\/scientia.international\/pt\/publish\/open-peer-review\/\" class=\"elementor-item\">Revis\u00e3o por pares aberta<\/a><\/li>\n<li class=\"menu-item menu-item-type-post_type menu-item-object-page menu-item-1209\"><a href=\"https:\/\/scientia.international\/pt\/publish\/open-access\/\" class=\"elementor-item\">Acesso aberto<\/a><\/li>\n<li class=\"menu-item menu-item-type-post_type menu-item-object-page menu-item-1217\"><a href=\"https:\/\/scientia.international\/pt\/publish\/code-of-ethics\/\" class=\"elementor-item\">C\u00f3digo de \u00c9tica<\/a><\/li>\n<\/ul>\t\t\t<\/nav>\n\t\t\t\t\t<div class=\"elementor-menu-toggle\" role=\"button\" tabindex=\"0\" aria-label=\"Menu Alternar\" aria-expanded=\"false\">\n\t\t\t<svg aria-hidden=\"true\" role=\"presentation\" class=\"elementor-menu-toggle__icon--open e-font-icon-svg e-eicon-menu-bar\" viewbox=\"0 0 1000 1000\" xmlns=\"http:\/\/www.w3.org\/2000\/svg\"><path d=\"M104 333H896C929 333 958 304 958 271S929 208 896 208H104C71 208 42 237 42 271S71 333 104 333ZM104 583H896C929 583 958 554 958 521S929 458 896 458H104C71 458 42 487 42 521S71 583 104 583ZM104 833H896C929 833 958 804 958 771S929 708 896 708H104C71 708 42 737 42 771S71 833 104 833Z\"><\/path><\/svg><svg aria-hidden=\"true\" role=\"presentation\" class=\"elementor-menu-toggle__icon--close e-font-icon-svg e-eicon-close\" viewbox=\"0 0 1000 1000\" xmlns=\"http:\/\/www.w3.org\/2000\/svg\"><path d=\"M742 167L500 408 258 167C246 154 233 150 217 150 196 150 179 158 167 167 154 179 150 196 150 212 150 229 154 242 171 254L408 500 167 742C138 771 138 800 167 829 196 858 225 858 254 829L496 587 738 829C750 842 767 846 783 846 800 846 817 842 829 829 842 817 846 804 846 783 846 767 842 750 829 737L588 500 833 258C863 229 863 200 833 171 804 137 775 137 742 167Z\"><\/path><\/svg>\t\t<\/div>\n\t\t\t\t\t<nav class=\"elementor-nav-menu--dropdown elementor-nav-menu__container\" aria-hidden=\"true\">\n\t\t\t\t<ul id=\"menu-2-3f8fb4a\" class=\"elementor-nav-menu sm-vertical\"><li class=\"menu-item menu-item-type-post_type menu-item-object-page menu-item-1207\"><a href=\"https:\/\/scientia.international\/pt\/publish\/\" class=\"elementor-item\" tabindex=\"-1\">Processo editorial<\/a><\/li>\n<li class=\"menu-item menu-item-type-post_type menu-item-object-page menu-item-1211\"><a href=\"https:\/\/scientia.international\/pt\/publish\/types-of-publications-accepted\/\" class=\"elementor-item\" tabindex=\"-1\">Tipos de publica\u00e7\u00f5es aceitas<\/a><\/li>\n<li class=\"menu-item menu-item-type-post_type menu-item-object-page menu-item-1208\"><a href=\"https:\/\/scientia.international\/pt\/publish\/apc\/\" class=\"elementor-item\" tabindex=\"-1\">Taxas de processamento de artigos (APC)<\/a><\/li>\n<li class=\"menu-item menu-item-type-post_type menu-item-object-page menu-item-1210\"><a href=\"https:\/\/scientia.international\/pt\/publish\/open-peer-review\/\" class=\"elementor-item\" tabindex=\"-1\">Revis\u00e3o por pares aberta<\/a><\/li>\n<li class=\"menu-item menu-item-type-post_type menu-item-object-page menu-item-1209\"><a href=\"https:\/\/scientia.international\/pt\/publish\/open-access\/\" class=\"elementor-item\" tabindex=\"-1\">Acesso aberto<\/a><\/li>\n<li class=\"menu-item menu-item-type-post_type menu-item-object-page menu-item-1217\"><a href=\"https:\/\/scientia.international\/pt\/publish\/code-of-ethics\/\" class=\"elementor-item\" tabindex=\"-1\">C\u00f3digo de \u00c9tica<\/a><\/li>\n<\/ul>\t\t\t<\/nav>\n\t\t\t\t\t\t<\/div>\n\t\t\t\t<\/div>\n\t\t<div data-marvy_enable_drop_animation=\"false\" data-marvy_enable_fancy_rotate=\"false\" data-marvy_enable_flying_object=\"false\" data-marvy_enable_ripples_animation=\"false\" data-marvy_enable_waves_animation=\"false\" data-marvy_enable_rings_animation=\"false\" data-marvy_enable_topology_animation=\"false\" data-marvy_enable_gradient_animation=\"false\" data-marvy_enable_snow_animation=\"false\" data-marvy_enable_firework_animation=\"false\" data-marvy_enable_cloud_animation=\"false\" class=\"elementor-element elementor-element-eb90005 e-con-full e-flex e-con e-child\" data-id=\"eb90005\" data-element_type=\"container\" data-e-type=\"container\">\n\t\t\t\t<div class=\"elementor-element elementor-element-fc280fd elementor-widget elementor-widget-heading\" data-id=\"fc280fd\" data-element_type=\"widget\" data-e-type=\"widget\" data-widget_type=\"heading.default\">\n\t\t\t\t\t<h2 class=\"elementor-heading-title elementor-size-default\">Acesso aberto<\/h2>\t\t\t\t<\/div>\n\t\t\t\t<div class=\"elementor-element elementor-element-2d89bcd elementor-widget elementor-widget-text-editor\" data-id=\"2d89bcd\" data-element_type=\"widget\" data-e-type=\"widget\" data-widget_type=\"text-editor.default\">\n\t\t\t\t\t\t\t\t\t<div class=\"elementor-element elementor-element-44b1765 e-flex e-con-boxed e-con e-parent e-lazyloaded\" data-marvy_enable_drop_animation=\"false\" data-marvy_enable_fancy_rotate=\"false\" data-marvy_enable_flying_object=\"false\" data-marvy_enable_ripples_animation=\"false\" data-marvy_enable_waves_animation=\"false\" data-marvy_enable_rings_animation=\"false\" data-marvy_enable_topology_animation=\"false\" data-marvy_enable_gradient_animation=\"false\" data-marvy_enable_snow_animation=\"false\" data-marvy_enable_firework_animation=\"false\" data-marvy_enable_cloud_animation=\"false\" data-id=\"44b1765\" data-element_type=\"container\"><div class=\"e-con-inner\"><div class=\"elementor-element elementor-element-eb90005 e-con-full e-flex e-con e-child\" data-marvy_enable_drop_animation=\"false\" data-marvy_enable_fancy_rotate=\"false\" data-marvy_enable_flying_object=\"false\" data-marvy_enable_ripples_animation=\"false\" data-marvy_enable_waves_animation=\"false\" data-marvy_enable_rings_animation=\"false\" data-marvy_enable_topology_animation=\"false\" data-marvy_enable_gradient_animation=\"false\" data-marvy_enable_snow_animation=\"false\" data-marvy_enable_firework_animation=\"false\" data-marvy_enable_cloud_animation=\"false\" data-id=\"eb90005\" data-element_type=\"container\"><div class=\"elementor-element elementor-element-2d89bcd elementor-widget elementor-widget-text-editor\" data-id=\"2d89bcd\" data-element_type=\"widget\" data-widget_type=\"text-editor.default\"><div class=\"elementor-widget-container\"><p><strong>Pol\u00edtica de dissemina\u00e7\u00e3o de conhecimento de acesso aberto da Scientia International<\/strong><\/p><p>Na Scientia International, acreditamos firmemente no poder do acesso aberto para impulsionar a inova\u00e7\u00e3o e ampliar a dissemina\u00e7\u00e3o do conhecimento. Para refor\u00e7ar esse compromisso e garantir um acesso mais amplo e inclusivo, adotamos uma pol\u00edtica de tradu\u00e7\u00e3o aberta e disponibilidade de conte\u00fado.<\/p><p>Como parte de nossa miss\u00e3o de tornar a pesquisa acess\u00edvel a todos, lan\u00e7amos <strong>Scientia International Press<\/strong> e <strong>Scientia International Journals<\/strong>. Essas plataformas de publica\u00e7\u00e3o aceitam artigos em qualquer idioma e se comprometem a traduzi-los e public\u00e1-los n\u00e3o apenas em seu idioma original, mas tamb\u00e9m em ingl\u00eas, portugu\u00eas e espanhol, com planos de expandir as op\u00e7\u00f5es de tradu\u00e7\u00e3o no futuro.<\/p><p>Essa abordagem multil\u00edngue, juntamente com nossa pol\u00edtica de acesso aberto, visa a garantir que o conhecimento cient\u00edfico ultrapasse barreiras lingu\u00edsticas e geogr\u00e1ficas. Para promover ainda mais a inclus\u00e3o lingu\u00edstica, os metadados de cada artigo - como t\u00edtulos, resumos e palavras-chave - estar\u00e3o dispon\u00edveis em seis idiomas principais: Alem\u00e3o, espanhol, ingl\u00eas, franc\u00eas, mandarim e portugu\u00eas. Essa iniciativa \u00e9 apenas o come\u00e7o, com planos de continuar expandindo as op\u00e7\u00f5es de tradu\u00e7\u00e3o e metadados para apoiar nossa vis\u00e3o de ci\u00eancia global e sem fronteiras.<\/p><p>Todos os manuscritos enviados e aceitos pela Scientia International podem ser acessados abertamente pelo p\u00fablico sob uma licen\u00e7a de acesso aberto, ou seja, o senhor pode acessar os manuscritos de acordo com a lei:<\/p><ul><li>Qualquer pessoa pode acessar, ler e baixar o conte\u00fado completo dos manuscritos sem barreiras financeiras.<\/li><li>Os leitores s\u00e3o livres para compartilhar e adaptar o conte\u00fado com o devido cr\u00e9dito ao trabalho original.<\/li><li>A publica\u00e7\u00e3o \u00e9 apoiada por um <strong>Taxa de processamento de artigos (APC)<\/strong>A revista \u00e9 financiada pelos autores, suas institui\u00e7\u00f5es ou entidades de financiamento. Cada revista tem taxas de APC distintas; consulte os respectivos portais para obter detalhes.<\/li><\/ul><p><strong>Diretrizes de uso<\/strong><\/p><p>A Scientia International permite a reutiliza\u00e7\u00e3o de conte\u00fado sem a necessidade de permiss\u00e3o, desde que a fonte original seja devidamente citada. De acordo com nossa licen\u00e7a de acesso aberto, a reutiliza\u00e7\u00e3o do conte\u00fado \u00e9 incentivada, desde que a atribui\u00e7\u00e3o apropriada seja feita.<\/p><p><strong>Definindo o acesso aberto na Scientia International<\/strong><\/p><p>Alinhada aos padr\u00f5es globais de acesso aberto, a Scientia International define o acesso aberto da seguinte forma:<\/p><ul><li>As publica\u00e7\u00f5es revisadas por pares devem ser acess\u00edveis a todos, sem restri\u00e7\u00f5es financeiras.<\/li><li>Os manuscritos s\u00e3o disponibilizados imediatamente ap\u00f3s a aceita\u00e7\u00e3o, sem atrasos.<\/li><li>A reutiliza\u00e7\u00e3o do conte\u00fado \u00e9 incentivada, desde que seja dado o devido cr\u00e9dito.<\/li><\/ul><p><strong>Benef\u00edcios do acesso aberto para os autores na Scientia International<\/strong><\/p><ul><li><strong>Visibilidade global<\/strong>: O acesso aberto garante que seu trabalho seja acess\u00edvel a pesquisadores, acad\u00eamicos e ao p\u00fablico em todo o mundo.<\/li><li><strong>Impacto ampliado<\/strong>: Estudos indicam que os artigos de acesso aberto tendem a ser citados com mais frequ\u00eancia, aumentando o alcance de suas descobertas.<\/li><li><strong>Modelo econ\u00f4mico<\/strong>: Nosso modelo econ\u00f4mico sustent\u00e1vel mant\u00e9m os custos de publica\u00e7\u00e3o em um n\u00edvel m\u00ednimo.<\/li><li><strong>Publica\u00e7\u00e3o eficiente<\/strong>: Nosso processo otimizado de revis\u00e3o e publica\u00e7\u00e3o on-line garante que seu trabalho seja publicado rapidamente.<\/li><\/ul><p><strong>Observa\u00e7\u00e3o importante<\/strong><\/p><p>Alguns trabalhos podem incluir conte\u00fado de terceiros; nesses casos, os autores devem obter as devidas permiss\u00f5es antes do envio. A Scientia International oferece recursos e tutoriais para ajudar os autores a navegar no mundo do acesso aberto.<\/p><p>Estamos comprometidos com o avan\u00e7o da pesquisa e do conhecimento de forma aberta e acess\u00edvel. Em caso de d\u00favidas ou informa\u00e7\u00f5es adicionais, sinta-se \u00e0 vontade para entrar em contato conosco.<\/p><\/div><\/div><\/div><\/div><\/div>\t\t\t\t\t\t\t\t<\/div>\n\t\t\t\t<\/div>\n\t\t\t\t\t<\/div>\n\t\t\t\t<\/div>\n\t\t<div data-marvy_enable_drop_animation=\"false\" data-marvy_enable_fancy_rotate=\"false\" data-marvy_enable_flying_object=\"false\" data-marvy_enable_ripples_animation=\"false\" data-marvy_enable_waves_animation=\"false\" data-marvy_enable_rings_animation=\"false\" data-marvy_enable_topology_animation=\"false\" data-marvy_enable_gradient_animation=\"false\" data-marvy_enable_snow_animation=\"false\" data-marvy_enable_firework_animation=\"false\" data-marvy_enable_cloud_animation=\"false\" class=\"elementor-element elementor-element-a0e2263 e-flex e-con-boxed e-con e-parent\" data-id=\"a0e2263\" data-element_type=\"container\" data-e-type=\"container\">\n\t\t\t\t\t<div class=\"e-con-inner\">\n\t\t\t\t\t<\/div>\n\t\t\t\t<\/div>\n\t\t\t\t<\/div>","protected":false},"excerpt":{"rendered":"<p>Open Access Scientia International Open Access Knowledge Dissemination Policy At Scientia International, we firmly believe in the power of open access to drive innovation and broaden knowledge dissemination. To reinforce this commitment and ensure broader and more inclusive access, we have adopted a policy of open translation and content availability. As part of our mission [&hellip;]<\/p>\n","protected":false},"author":1,"featured_media":0,"parent":798,"menu_order":0,"comment_status":"closed","ping_status":"closed","template":"elementor_header_footer","meta":{"_mo_disable_npp":"","om_disable_all_campaigns":false,"_monsterinsights_skip_tracking":false,"_monsterinsights_sitenote_active":false,"_monsterinsights_sitenote_note":"","_monsterinsights_sitenote_category":0,"_uf_show_specific_survey":0,"_uf_disable_surveys":false,"footnotes":""},"class_list":["post-1191","page","type-page","status-publish","hentry"],"yoast_head":"<!-- This site is optimized with the Yoast SEO plugin v27.4 - https:\/\/yoast.com\/product\/yoast-seo-wordpress\/ -->\n<title>Open Access - Scientia International<\/title>\n<meta name=\"robots\" content=\"index, follow, max-snippet:-1, max-image-preview:large, max-video-preview:-1\" \/>\n<link rel=\"canonical\" href=\"https:\/\/scientia.international\/pt\/publique-2\/acesso-aberto\/\" \/>\n<meta property=\"og:locale\" content=\"pt_BR\" \/>\n<meta property=\"og:type\" content=\"article\" \/>\n<meta property=\"og:title\" content=\"Open Access - Scientia International\" \/>\n<meta property=\"og:description\" content=\"Open Access Scientia International Open Access Knowledge Dissemination Policy At Scientia International, we firmly believe in the power of open access to drive innovation and broaden knowledge dissemination. To reinforce this commitment and ensure broader and more inclusive access, we have adopted a policy of open translation and content availability. As part of our mission [&hellip;]\" \/>\n<meta property=\"og:url\" content=\"https:\/\/scientia.international\/pt\/publique-2\/acesso-aberto\/\" \/>\n<meta property=\"og:site_name\" content=\"Scientia International\" \/>\n<meta property=\"article:modified_time\" content=\"2024-10-30T14:18:34+00:00\" \/>\n<meta name=\"twitter:card\" content=\"summary_large_image\" \/>\n<meta name=\"twitter:label1\" content=\"Est. tempo de leitura\" \/>\n\t<meta name=\"twitter:data1\" content=\"2 minutos\" \/>\n<script type=\"application\/ld+json\" class=\"yoast-schema-graph\">{\"@context\":\"https:\\\/\\\/schema.org\",\"@graph\":[{\"@type\":\"WebPage\",\"@id\":\"https:\\\/\\\/scientia.international\\\/publish\\\/open-access\\\/\",\"url\":\"https:\\\/\\\/scientia.international\\\/publish\\\/open-access\\\/\",\"name\":\"Open Access - Scientia International\",\"isPartOf\":{\"@id\":\"https:\\\/\\\/scientia.international\\\/es\\\/#website\"},\"datePublished\":\"2024-09-19T19:20:29+00:00\",\"dateModified\":\"2024-10-30T14:18:34+00:00\",\"breadcrumb\":{\"@id\":\"https:\\\/\\\/scientia.international\\\/publish\\\/open-access\\\/#breadcrumb\"},\"inLanguage\":\"pt-BR\",\"potentialAction\":[{\"@type\":\"ReadAction\",\"target\":[\"https:\\\/\\\/scientia.international\\\/publish\\\/open-access\\\/\"]}]},{\"@type\":\"BreadcrumbList\",\"@id\":\"https:\\\/\\\/scientia.international\\\/publish\\\/open-access\\\/#breadcrumb\",\"itemListElement\":[{\"@type\":\"ListItem\",\"position\":1,\"name\":\"Home\",\"item\":\"https:\\\/\\\/scientia.international\\\/\"},{\"@type\":\"ListItem\",\"position\":2,\"name\":\"Publish\",\"item\":\"https:\\\/\\\/scientia.international\\\/publish\\\/\"},{\"@type\":\"ListItem\",\"position\":3,\"name\":\"Open Access\"}]},{\"@type\":\"WebSite\",\"@id\":\"https:\\\/\\\/scientia.international\\\/es\\\/#website\",\"url\":\"https:\\\/\\\/scientia.international\\\/es\\\/\",\"name\":\"Scientia International\",\"description\":\"Global science in open access!\",\"potentialAction\":[{\"@type\":\"SearchAction\",\"target\":{\"@type\":\"EntryPoint\",\"urlTemplate\":\"https:\\\/\\\/scientia.international\\\/es\\\/?s={search_term_string}\"},\"query-input\":{\"@type\":\"PropertyValueSpecification\",\"valueRequired\":true,\"valueName\":\"search_term_string\"}}],\"inLanguage\":\"pt-BR\"}]}<\/script>\n<!-- \/ Yoast SEO plugin. -->","yoast_head_json":{"title":"Acesso aberto - Scientia International","robots":{"index":"index","follow":"follow","max-snippet":"max-snippet:-1","max-image-preview":"max-image-preview:large","max-video-preview":"max-video-preview:-1"},"canonical":"https:\/\/scientia.international\/pt\/publique-2\/acesso-aberto\/","og_locale":"pt_BR","og_type":"article","og_title":"Open Access - Scientia International","og_description":"Open Access Scientia International Open Access Knowledge Dissemination Policy At Scientia International, we firmly believe in the power of open access to drive innovation and broaden knowledge dissemination. To reinforce this commitment and ensure broader and more inclusive access, we have adopted a policy of open translation and content availability. As part of our mission [&hellip;]","og_url":"https:\/\/scientia.international\/pt\/publique-2\/acesso-aberto\/","og_site_name":"Scientia International","article_modified_time":"2024-10-30T14:18:34+00:00","twitter_card":"summary_large_image","twitter_misc":{"Est. tempo de leitura":"2 minutos"},"schema":{"@context":"https:\/\/schema.org","@graph":[{"@type":"WebPage","@id":"https:\/\/scientia.international\/publish\/open-access\/","url":"https:\/\/scientia.international\/publish\/open-access\/","name":"Acesso aberto - Scientia International","isPartOf":{"@id":"https:\/\/scientia.international\/es\/#website"},"datePublished":"2024-09-19T19:20:29+00:00","dateModified":"2024-10-30T14:18:34+00:00","breadcrumb":{"@id":"https:\/\/scientia.international\/publish\/open-access\/#breadcrumb"},"inLanguage":"pt-BR","potentialAction":[{"@type":"ReadAction","target":["https:\/\/scientia.international\/publish\/open-access\/"]}]},{"@type":"BreadcrumbList","@id":"https:\/\/scientia.international\/publish\/open-access\/#breadcrumb","itemListElement":[{"@type":"ListItem","position":1,"name":"Home","item":"https:\/\/scientia.international\/"},{"@type":"ListItem","position":2,"name":"Publish","item":"https:\/\/scientia.international\/publish\/"},{"@type":"ListItem","position":3,"name":"Open Access"}]},{"@type":"WebSite","@id":"https:\/\/scientia.international\/es\/#website","url":"https:\/\/scientia.international\/es\/","name":"Scientia International","description":"Ci\u00eancia global em acesso aberto!","potentialAction":[{"@type":"SearchAction","target":{"@type":"EntryPoint","urlTemplate":"https:\/\/scientia.international\/es\/?s={search_term_string}"},"query-input":{"@type":"PropertyValueSpecification","valueRequired":true,"valueName":"search_term_string"}}],"inLanguage":"pt-BR"}]}},"_links":{"self":[{"href":"https:\/\/scientia.international\/pt\/wp-json\/wp\/v2\/pages\/1191","targetHints":{"allow":["GET"]}}],"collection":[{"href":"https:\/\/scientia.international\/pt\/wp-json\/wp\/v2\/pages"}],"about":[{"href":"https:\/\/scientia.international\/pt\/wp-json\/wp\/v2\/types\/page"}],"author":[{"embeddable":true,"href":"https:\/\/scientia.international\/pt\/wp-json\/wp\/v2\/users\/1"}],"replies":[{"embeddable":true,"href":"https:\/\/scientia.international\/pt\/wp-json\/wp\/v2\/comments?post=1191"}],"version-history":[{"count":4,"href":"https:\/\/scientia.international\/pt\/wp-json\/wp\/v2\/pages\/1191\/revisions"}],"predecessor-version":[{"id":1614,"href":"https:\/\/scientia.international\/pt\/wp-json\/wp\/v2\/pages\/1191\/revisions\/1614"}],"up":[{"embeddable":true,"href":"https:\/\/scientia.international\/pt\/wp-json\/wp\/v2\/pages\/798"}],"wp:attachment":[{"href":"https:\/\/scientia.international\/pt\/wp-json\/wp\/v2\/media?parent=1191"}],"curies":[{"name":"wp","href":"https:\/\/api.w.org\/{rel}","templated":true}]}}