{"id":798,"date":"2024-08-22T14:00:58","date_gmt":"2024-08-22T17:00:58","guid":{"rendered":"https:\/\/scientia.international\/?page_id=798"},"modified":"2024-10-29T20:51:18","modified_gmt":"2024-10-29T23:51:18","slug":"publique-2","status":"publish","type":"page","link":"https:\/\/scientia.international\/pt\/publish\/","title":{"rendered":"Publique"},"content":{"rendered":"<div data-elementor-type=\"wp-page\" data-elementor-id=\"798\" class=\"elementor elementor-798\" data-elementor-post-type=\"page\">\n\t\t\t\t<div data-marvy_enable_drop_animation=\"false\" data-marvy_enable_fancy_rotate=\"false\" data-marvy_enable_flying_object=\"false\" data-marvy_enable_ripples_animation=\"false\" data-marvy_enable_waves_animation=\"false\" data-marvy_enable_rings_animation=\"false\" data-marvy_enable_topology_animation=\"false\" data-marvy_enable_gradient_animation=\"false\" data-marvy_enable_snow_animation=\"false\" data-marvy_enable_firework_animation=\"false\" data-marvy_enable_cloud_animation=\"false\" class=\"elementor-element elementor-element-1d5f345 e-flex e-con-boxed e-con e-parent\" data-id=\"1d5f345\" data-element_type=\"container\" data-e-type=\"container\">\n\t\t\t\t\t<div class=\"e-con-inner\">\n\t\t<div data-marvy_enable_drop_animation=\"false\" data-marvy_enable_fancy_rotate=\"false\" data-marvy_enable_flying_object=\"false\" data-marvy_enable_ripples_animation=\"false\" data-marvy_enable_waves_animation=\"false\" data-marvy_enable_rings_animation=\"false\" data-marvy_enable_topology_animation=\"false\" data-marvy_enable_gradient_animation=\"false\" data-marvy_enable_snow_animation=\"false\" data-marvy_enable_firework_animation=\"false\" data-marvy_enable_cloud_animation=\"false\" class=\"elementor-element elementor-element-4d8b07c e-con-full e-flex e-con e-child\" data-id=\"4d8b07c\" data-element_type=\"container\" data-e-type=\"container\">\n\t\t\t\t<div class=\"elementor-element elementor-element-46f64c7 elementor-widget elementor-widget-heading\" data-id=\"46f64c7\" data-element_type=\"widget\" data-e-type=\"widget\" data-widget_type=\"heading.default\">\n\t\t\t\t\t<h2 class=\"elementor-heading-title elementor-size-default\">Publique<\/h2>\t\t\t\t<\/div>\n\t\t\t\t<div class=\"elementor-element elementor-element-81924b6 elementor-widget-divider--view-line elementor-widget elementor-widget-divider\" data-id=\"81924b6\" data-element_type=\"widget\" data-e-type=\"widget\" data-widget_type=\"divider.default\">\n\t\t\t\t\t\t\t<div class=\"elementor-divider\">\n\t\t\t<span class=\"elementor-divider-separator\">\n\t\t\t\t\t\t<\/span>\n\t\t<\/div>\n\t\t\t\t\t\t<\/div>\n\t\t\t\t<\/div>\n\t\t\t\t\t<\/div>\n\t\t\t\t<\/div>\n\t\t<div data-marvy_enable_drop_animation=\"false\" data-marvy_enable_fancy_rotate=\"false\" data-marvy_enable_flying_object=\"false\" data-marvy_enable_ripples_animation=\"false\" data-marvy_enable_waves_animation=\"false\" data-marvy_enable_rings_animation=\"false\" data-marvy_enable_topology_animation=\"false\" data-marvy_enable_gradient_animation=\"false\" data-marvy_enable_snow_animation=\"false\" data-marvy_enable_firework_animation=\"false\" data-marvy_enable_cloud_animation=\"false\" class=\"elementor-element elementor-element-44b1765 e-flex e-con-boxed e-con e-parent\" data-id=\"44b1765\" data-element_type=\"container\" data-e-type=\"container\">\n\t\t\t\t\t<div class=\"e-con-inner\">\n\t\t<div data-marvy_enable_drop_animation=\"false\" data-marvy_enable_fancy_rotate=\"false\" data-marvy_enable_flying_object=\"false\" data-marvy_enable_ripples_animation=\"false\" data-marvy_enable_waves_animation=\"false\" data-marvy_enable_rings_animation=\"false\" data-marvy_enable_topology_animation=\"false\" data-marvy_enable_gradient_animation=\"false\" data-marvy_enable_snow_animation=\"false\" data-marvy_enable_firework_animation=\"false\" data-marvy_enable_cloud_animation=\"false\" class=\"elementor-element elementor-element-21d3bb6 e-con-full e-flex e-con e-child\" data-id=\"21d3bb6\" data-element_type=\"container\" data-e-type=\"container\" data-settings=\"{&quot;background_background&quot;:&quot;classic&quot;}\">\n\t\t\t\t<div class=\"elementor-element elementor-element-3f8fb4a elementor-nav-menu__align-justify elementor-nav-menu--stretch elementor-widget__width-initial elementor-nav-menu--dropdown-tablet elementor-nav-menu__text-align-aside elementor-nav-menu--toggle elementor-nav-menu--burger elementor-widget elementor-widget-nav-menu\" data-id=\"3f8fb4a\" data-element_type=\"widget\" data-e-type=\"widget\" data-settings=\"{&quot;layout&quot;:&quot;vertical&quot;,&quot;full_width&quot;:&quot;stretch&quot;,&quot;submenu_icon&quot;:{&quot;value&quot;:&quot;&lt;svg aria-hidden=\\&quot;true\\&quot; class=\\&quot;e-font-icon-svg e-fas-caret-down\\&quot; viewBox=\\&quot;0 0 320 512\\&quot; xmlns=\\&quot;http:\\\/\\\/www.w3.org\\\/2000\\\/svg\\&quot;&gt;&lt;path d=\\&quot;M31.3 192h257.3c17.8 0 26.7 21.5 14.1 34.1L174.1 354.8c-7.8 7.8-20.5 7.8-28.3 0L17.2 226.1C4.6 213.5 13.5 192 31.3 192z\\&quot;&gt;&lt;\\\/path&gt;&lt;\\\/svg&gt;&quot;,&quot;library&quot;:&quot;fa-solid&quot;},&quot;toggle&quot;:&quot;burger&quot;}\" data-widget_type=\"nav-menu.default\">\n\t\t\t\t\t\t\t\t<nav aria-label=\"Menu\" class=\"elementor-nav-menu--main elementor-nav-menu__container elementor-nav-menu--layout-vertical e--pointer-background e--animation-fade\">\n\t\t\t\t<ul id=\"menu-1-3f8fb4a\" class=\"elementor-nav-menu sm-vertical\"><li class=\"menu-item menu-item-type-post_type menu-item-object-page menu-item-1207\"><a href=\"https:\/\/scientia.international\/pt\/publish\/\" class=\"elementor-item\">Processo editorial<\/a><\/li>\n<li class=\"menu-item menu-item-type-post_type menu-item-object-page menu-item-1211\"><a href=\"https:\/\/scientia.international\/pt\/publish\/types-of-publications-accepted\/\" class=\"elementor-item\">Tipos de publica\u00e7\u00f5es aceitas<\/a><\/li>\n<li class=\"menu-item menu-item-type-post_type menu-item-object-page menu-item-1208\"><a href=\"https:\/\/scientia.international\/pt\/publish\/apc\/\" class=\"elementor-item\">Taxas de processamento de artigos (APC)<\/a><\/li>\n<li class=\"menu-item menu-item-type-post_type menu-item-object-page menu-item-1210\"><a href=\"https:\/\/scientia.international\/pt\/publish\/open-peer-review\/\" class=\"elementor-item\">Revis\u00e3o por pares aberta<\/a><\/li>\n<li class=\"menu-item menu-item-type-post_type menu-item-object-page menu-item-1209\"><a href=\"https:\/\/scientia.international\/pt\/publish\/open-access\/\" class=\"elementor-item\">Acesso aberto<\/a><\/li>\n<li class=\"menu-item menu-item-type-post_type menu-item-object-page menu-item-1217\"><a href=\"https:\/\/scientia.international\/pt\/publish\/code-of-ethics\/\" class=\"elementor-item\">C\u00f3digo de \u00c9tica<\/a><\/li>\n<\/ul>\t\t\t<\/nav>\n\t\t\t\t\t<div class=\"elementor-menu-toggle\" role=\"button\" tabindex=\"0\" aria-label=\"Menu Alternar\" aria-expanded=\"false\">\n\t\t\t<svg aria-hidden=\"true\" role=\"presentation\" class=\"elementor-menu-toggle__icon--open e-font-icon-svg e-eicon-menu-bar\" viewbox=\"0 0 1000 1000\" xmlns=\"http:\/\/www.w3.org\/2000\/svg\"><path d=\"M104 333H896C929 333 958 304 958 271S929 208 896 208H104C71 208 42 237 42 271S71 333 104 333ZM104 583H896C929 583 958 554 958 521S929 458 896 458H104C71 458 42 487 42 521S71 583 104 583ZM104 833H896C929 833 958 804 958 771S929 708 896 708H104C71 708 42 737 42 771S71 833 104 833Z\"><\/path><\/svg><svg aria-hidden=\"true\" role=\"presentation\" class=\"elementor-menu-toggle__icon--close e-font-icon-svg e-eicon-close\" viewbox=\"0 0 1000 1000\" xmlns=\"http:\/\/www.w3.org\/2000\/svg\"><path d=\"M742 167L500 408 258 167C246 154 233 150 217 150 196 150 179 158 167 167 154 179 150 196 150 212 150 229 154 242 171 254L408 500 167 742C138 771 138 800 167 829 196 858 225 858 254 829L496 587 738 829C750 842 767 846 783 846 800 846 817 842 829 829 842 817 846 804 846 783 846 767 842 750 829 737L588 500 833 258C863 229 863 200 833 171 804 137 775 137 742 167Z\"><\/path><\/svg>\t\t<\/div>\n\t\t\t\t\t<nav class=\"elementor-nav-menu--dropdown elementor-nav-menu__container\" aria-hidden=\"true\">\n\t\t\t\t<ul id=\"menu-2-3f8fb4a\" class=\"elementor-nav-menu sm-vertical\"><li class=\"menu-item menu-item-type-post_type menu-item-object-page menu-item-1207\"><a href=\"https:\/\/scientia.international\/pt\/publish\/\" class=\"elementor-item\" tabindex=\"-1\">Processo editorial<\/a><\/li>\n<li class=\"menu-item menu-item-type-post_type menu-item-object-page menu-item-1211\"><a href=\"https:\/\/scientia.international\/pt\/publish\/types-of-publications-accepted\/\" class=\"elementor-item\" tabindex=\"-1\">Tipos de publica\u00e7\u00f5es aceitas<\/a><\/li>\n<li class=\"menu-item menu-item-type-post_type menu-item-object-page menu-item-1208\"><a href=\"https:\/\/scientia.international\/pt\/publish\/apc\/\" class=\"elementor-item\" tabindex=\"-1\">Taxas de processamento de artigos (APC)<\/a><\/li>\n<li class=\"menu-item menu-item-type-post_type menu-item-object-page menu-item-1210\"><a href=\"https:\/\/scientia.international\/pt\/publish\/open-peer-review\/\" class=\"elementor-item\" tabindex=\"-1\">Revis\u00e3o por pares aberta<\/a><\/li>\n<li class=\"menu-item menu-item-type-post_type menu-item-object-page menu-item-1209\"><a href=\"https:\/\/scientia.international\/pt\/publish\/open-access\/\" class=\"elementor-item\" tabindex=\"-1\">Acesso aberto<\/a><\/li>\n<li class=\"menu-item menu-item-type-post_type menu-item-object-page menu-item-1217\"><a href=\"https:\/\/scientia.international\/pt\/publish\/code-of-ethics\/\" class=\"elementor-item\" tabindex=\"-1\">C\u00f3digo de \u00c9tica<\/a><\/li>\n<\/ul>\t\t\t<\/nav>\n\t\t\t\t\t\t<\/div>\n\t\t\t\t<\/div>\n\t\t<div data-marvy_enable_drop_animation=\"false\" data-marvy_enable_fancy_rotate=\"false\" data-marvy_enable_flying_object=\"false\" data-marvy_enable_ripples_animation=\"false\" data-marvy_enable_waves_animation=\"false\" data-marvy_enable_rings_animation=\"false\" data-marvy_enable_topology_animation=\"false\" data-marvy_enable_gradient_animation=\"false\" data-marvy_enable_snow_animation=\"false\" data-marvy_enable_firework_animation=\"false\" data-marvy_enable_cloud_animation=\"false\" class=\"elementor-element elementor-element-eb90005 e-con-full e-flex e-con e-child\" data-id=\"eb90005\" data-element_type=\"container\" data-e-type=\"container\">\n\t\t\t\t<div class=\"elementor-element elementor-element-fc280fd elementor-widget elementor-widget-heading\" data-id=\"fc280fd\" data-element_type=\"widget\" data-e-type=\"widget\" data-widget_type=\"heading.default\">\n\t\t\t\t\t<h2 class=\"elementor-heading-title elementor-size-default\">Processo editorial<\/h2>\t\t\t\t<\/div>\n\t\t\t\t<div class=\"elementor-element elementor-element-2d89bcd elementor-widget elementor-widget-text-editor\" data-id=\"2d89bcd\" data-element_type=\"widget\" data-e-type=\"widget\" data-widget_type=\"text-editor.default\">\n\t\t\t\t\t\t\t\t\t<div class=\"elementor-element elementor-element-44b1765 e-flex e-con-boxed e-con e-parent e-lazyloaded\" data-marvy_enable_drop_animation=\"false\" data-marvy_enable_fancy_rotate=\"false\" data-marvy_enable_flying_object=\"false\" data-marvy_enable_ripples_animation=\"false\" data-marvy_enable_waves_animation=\"false\" data-marvy_enable_rings_animation=\"false\" data-marvy_enable_topology_animation=\"false\" data-marvy_enable_gradient_animation=\"false\" data-marvy_enable_snow_animation=\"false\" data-marvy_enable_firework_animation=\"false\" data-marvy_enable_cloud_animation=\"false\" data-id=\"44b1765\" data-element_type=\"container\"><div class=\"e-con-inner\"><div class=\"elementor-element elementor-element-eb90005 e-con-full e-flex e-con e-child\" data-marvy_enable_drop_animation=\"false\" data-marvy_enable_fancy_rotate=\"false\" data-marvy_enable_flying_object=\"false\" data-marvy_enable_ripples_animation=\"false\" data-marvy_enable_waves_animation=\"false\" data-marvy_enable_rings_animation=\"false\" data-marvy_enable_topology_animation=\"false\" data-marvy_enable_gradient_animation=\"false\" data-marvy_enable_snow_animation=\"false\" data-marvy_enable_firework_animation=\"false\" data-marvy_enable_cloud_animation=\"false\" data-id=\"eb90005\" data-element_type=\"container\"><div class=\"elementor-element elementor-element-2d89bcd elementor-widget elementor-widget-text-editor\" data-id=\"2d89bcd\" data-element_type=\"widget\" data-widget_type=\"text-editor.default\"><div class=\"elementor-widget-container\"><p><strong>Vis\u00e3o geral<\/strong><\/p><p>Na Scientia International, temos o compromisso de manter padr\u00f5es editoriais rigorosos e transparentes para garantir a excel\u00eancia acad\u00eamica. Nosso processo de revis\u00e3o \u00e9 conduzido por especialistas renomados em suas respectivas \u00e1reas.<\/p><ul><li>Publica\u00e7\u00e3o de livros: <a href=\"https:\/\/press.scientia.international\" target=\"_new\" rel=\"noopener\">https:\/\/press.scientia.international<\/a><\/li><li>Publica\u00e7\u00e3o de artigos em peri\u00f3dicos: <a href=\"https:\/\/journals.scientia.international\" target=\"_new\" rel=\"noopener\">https:\/\/journals.scientia.international<\/a><\/li><\/ul><p><strong>Nossos princ\u00edpios<\/strong><\/p><p>Acreditamos que uma revis\u00e3o eficaz e completa \u00e9 essencial para garantir a integridade e a qualidade de nossas publica\u00e7\u00f5es. Nosso objetivo \u00e9 proporcionar um processo justo, eficiente e construtivo para todos os envolvidos.<\/p><p><strong>Compromisso com a agilidade e a excel\u00eancia<\/strong><\/p><p>Na Scientia International, entendemos a import\u00e2ncia da publica\u00e7\u00e3o em tempo h\u00e1bil sem comprometer a qualidade. Estabelecemos uma meta ambiciosa de publicar artigos em at\u00e9 45 dias \u00fateis, garantindo que descobertas importantes sejam rapidamente compartilhadas com a comunidade cient\u00edfica. Nossa efici\u00eancia n\u00e3o sacrifica a integridade; cada artigo passa por um rigoroso processo de revis\u00e3o dupla para garantir sua relev\u00e2ncia e qualidade. Nosso objetivo n\u00e3o \u00e9 apenas sermos r\u00e1pidos, mas tamb\u00e9m meticulosos, confi\u00e1veis e dedicados \u00e0 excel\u00eancia na publica\u00e7\u00e3o acad\u00eamica.<\/p><p><strong>Etapas do processo editorial<\/strong><\/p><ul><li><p><strong>Avalia\u00e7\u00e3o inicial<\/strong>:<br \/>Ap\u00f3s o envio, nossa equipe editorial realiza uma avalia\u00e7\u00e3o preliminar para determinar:<\/p><ul><li>A relev\u00e2ncia do manuscrito para a revista ou livro;<\/li><li>Conformidade com padr\u00f5es \u00e9ticos e de qualidade;<\/li><li>A solidez metodol\u00f3gica e cient\u00edfica do trabalho.<\/li><\/ul><\/li><li><p><strong>Avalia\u00e7\u00e3o de especialistas<\/strong>:<br \/>Cada manuscrito \u00e9 avaliado por pelo menos dois revisores independentes em um processo aberto, com a identifica\u00e7\u00e3o dos autores e dos revisores. Os revisores s\u00e3o escolhidos com base em sua experi\u00eancia no campo de estudo do manuscrito.<\/p><\/li><li><p><strong>Feedback e revis\u00f5es<\/strong>:<br \/>Os autores recebem feedback detalhado e muitas vezes s\u00e3o solicitados a revisar seu trabalho com base nos coment\u00e1rios dos revisores. Em casos de opini\u00f5es divergentes dos revisores, um terceiro especialista pode ser consultado.<\/p><\/li><li><p><strong>Revis\u00e3o aberta<\/strong>:<br \/>Na Scientia International, a transpar\u00eancia \u00e9 uma prioridade. Publicamos relat\u00f3rios de revis\u00e3o juntamente com o artigo, proporcionando maior clareza e confian\u00e7a aos nossos leitores.<\/p><\/li><li><p><strong>Decis\u00e3o editorial<\/strong>:<br \/>Com base nas avalia\u00e7\u00f5es dos revisores e na relev\u00e2ncia do trabalho, o editor acad\u00eamico respons\u00e1vel toma uma decis\u00e3o final, que pode incluir a aceita\u00e7\u00e3o do manuscrito, a solicita\u00e7\u00e3o de revis\u00f5es menores ou maiores ou a rejei\u00e7\u00e3o.<\/p><\/li><li><p><strong>Produ\u00e7\u00e3o, tradu\u00e7\u00e3o e publica\u00e7\u00e3o<\/strong>:<br \/>Uma vez aceito, o manuscrito passa por revis\u00e3o, tradu\u00e7\u00e3o e formata\u00e7\u00e3o. Em seguida, ele \u00e9 publicado em nossa plataforma com os relat\u00f3rios dos revisores, tornando-o acess\u00edvel aos pesquisadores e ao p\u00fablico.<\/p><\/li><\/ul><p><strong>\u00c9tica e integridade<\/strong><\/p><p>A Scientia International \u00e9 membro de organiza\u00e7\u00f5es internacionais de \u00e9tica editorial e adere a diretrizes rigorosas para garantir a integridade e a transpar\u00eancia em todo o processo editorial.<\/p><p><strong>Compromisso com a excel\u00eancia<\/strong><\/p><p>Nosso objetivo \u00e9 publicar pesquisas de alta qualidade que promovam avan\u00e7os significativos no conhecimento em v\u00e1rios campos. Estamos constantemente aprimorando nossos processos para atender \u00e0s expectativas de nossos autores, revisores e leitores.<\/p><\/div><\/div><\/div><\/div><\/div>\t\t\t\t\t\t\t\t<\/div>\n\t\t\t\t<\/div>\n\t\t\t\t\t<\/div>\n\t\t\t\t<\/div>\n\t\t<div data-marvy_enable_drop_animation=\"false\" data-marvy_enable_fancy_rotate=\"false\" data-marvy_enable_flying_object=\"false\" data-marvy_enable_ripples_animation=\"false\" data-marvy_enable_waves_animation=\"false\" data-marvy_enable_rings_animation=\"false\" data-marvy_enable_topology_animation=\"false\" data-marvy_enable_gradient_animation=\"false\" data-marvy_enable_snow_animation=\"false\" data-marvy_enable_firework_animation=\"false\" data-marvy_enable_cloud_animation=\"false\" class=\"elementor-element elementor-element-a0e2263 e-flex e-con-boxed e-con e-parent\" data-id=\"a0e2263\" data-element_type=\"container\" data-e-type=\"container\">\n\t\t\t\t\t<div class=\"e-con-inner\">\n\t\t\t\t\t<\/div>\n\t\t\t\t<\/div>\n\t\t\t\t<\/div>","protected":false},"excerpt":{"rendered":"<p>Editorial Process Overview At Scientia International, we are committed to maintaining rigorous and transparent editorial standards to ensure academic excellence. Our review process is conducted by renowned experts in their respective fields. Book publishing: https:\/\/press.scientia.international Publication of articles in journals: https:\/\/journals.scientia.international Our Principles We believe that effective and thorough review is essential to ensuring the [&hellip;]<\/p>\n","protected":false},"author":4,"featured_media":0,"parent":0,"menu_order":0,"comment_status":"closed","ping_status":"closed","template":"elementor_header_footer","meta":{"_mo_disable_npp":"","om_disable_all_campaigns":false,"_monsterinsights_skip_tracking":false,"_monsterinsights_sitenote_active":false,"_monsterinsights_sitenote_note":"","_monsterinsights_sitenote_category":0,"_uf_show_specific_survey":0,"_uf_disable_surveys":false,"footnotes":""},"class_list":["post-798","page","type-page","status-publish","hentry"],"yoast_head":"<!-- This site is optimized with the Yoast SEO plugin v27.3 - https:\/\/yoast.com\/product\/yoast-seo-wordpress\/ -->\n<title>Publish - Scientia International<\/title>\n<meta name=\"robots\" content=\"index, follow, max-snippet:-1, max-image-preview:large, max-video-preview:-1\" \/>\n<link rel=\"canonical\" href=\"https:\/\/scientia.international\/pt\/publique-2\/\" \/>\n<meta property=\"og:locale\" content=\"pt_BR\" \/>\n<meta property=\"og:type\" content=\"article\" \/>\n<meta property=\"og:title\" content=\"Publish - Scientia International\" \/>\n<meta property=\"og:description\" content=\"Editorial Process Overview At Scientia International, we are committed to maintaining rigorous and transparent editorial standards to ensure academic excellence. Our review process is conducted by renowned experts in their respective fields. Book publishing: https:\/\/press.scientia.international Publication of articles in journals: https:\/\/journals.scientia.international Our Principles We believe that effective and thorough review is essential to ensuring the [&hellip;]\" \/>\n<meta property=\"og:url\" content=\"https:\/\/scientia.international\/pt\/publique-2\/\" \/>\n<meta property=\"og:site_name\" content=\"Scientia International\" \/>\n<meta property=\"article:modified_time\" content=\"2024-10-29T23:51:18+00:00\" \/>\n<meta name=\"twitter:card\" content=\"summary_large_image\" \/>\n<meta name=\"twitter:label1\" content=\"Est. tempo de leitura\" \/>\n\t<meta name=\"twitter:data1\" content=\"2 minutos\" \/>\n<script type=\"application\/ld+json\" class=\"yoast-schema-graph\">{\"@context\":\"https:\\\/\\\/schema.org\",\"@graph\":[{\"@type\":\"WebPage\",\"@id\":\"https:\\\/\\\/scientia.international\\\/publish\\\/\",\"url\":\"https:\\\/\\\/scientia.international\\\/publish\\\/\",\"name\":\"Publish - Scientia International\",\"isPartOf\":{\"@id\":\"https:\\\/\\\/scientia.international\\\/es\\\/#website\"},\"datePublished\":\"2024-08-22T17:00:58+00:00\",\"dateModified\":\"2024-10-29T23:51:18+00:00\",\"breadcrumb\":{\"@id\":\"https:\\\/\\\/scientia.international\\\/publish\\\/#breadcrumb\"},\"inLanguage\":\"pt-BR\",\"potentialAction\":[{\"@type\":\"ReadAction\",\"target\":[\"https:\\\/\\\/scientia.international\\\/publish\\\/\"]}]},{\"@type\":\"BreadcrumbList\",\"@id\":\"https:\\\/\\\/scientia.international\\\/publish\\\/#breadcrumb\",\"itemListElement\":[{\"@type\":\"ListItem\",\"position\":1,\"name\":\"Home\",\"item\":\"https:\\\/\\\/scientia.international\\\/\"},{\"@type\":\"ListItem\",\"position\":2,\"name\":\"Publish\"}]},{\"@type\":\"WebSite\",\"@id\":\"https:\\\/\\\/scientia.international\\\/es\\\/#website\",\"url\":\"https:\\\/\\\/scientia.international\\\/es\\\/\",\"name\":\"Scientia International\",\"description\":\"Global science in open access!\",\"potentialAction\":[{\"@type\":\"SearchAction\",\"target\":{\"@type\":\"EntryPoint\",\"urlTemplate\":\"https:\\\/\\\/scientia.international\\\/es\\\/?s={search_term_string}\"},\"query-input\":{\"@type\":\"PropertyValueSpecification\",\"valueRequired\":true,\"valueName\":\"search_term_string\"}}],\"inLanguage\":\"pt-BR\"}]}<\/script>\n<!-- \/ Yoast SEO plugin. -->","yoast_head_json":{"title":"Publicar - Scientia International","robots":{"index":"index","follow":"follow","max-snippet":"max-snippet:-1","max-image-preview":"max-image-preview:large","max-video-preview":"max-video-preview:-1"},"canonical":"https:\/\/scientia.international\/pt\/publique-2\/","og_locale":"pt_BR","og_type":"article","og_title":"Publish - Scientia International","og_description":"Editorial Process Overview At Scientia International, we are committed to maintaining rigorous and transparent editorial standards to ensure academic excellence. Our review process is conducted by renowned experts in their respective fields. Book publishing: https:\/\/press.scientia.international Publication of articles in journals: https:\/\/journals.scientia.international Our Principles We believe that effective and thorough review is essential to ensuring the [&hellip;]","og_url":"https:\/\/scientia.international\/pt\/publique-2\/","og_site_name":"Scientia International","article_modified_time":"2024-10-29T23:51:18+00:00","twitter_card":"summary_large_image","twitter_misc":{"Est. tempo de leitura":"2 minutos"},"schema":{"@context":"https:\/\/schema.org","@graph":[{"@type":"WebPage","@id":"https:\/\/scientia.international\/publish\/","url":"https:\/\/scientia.international\/publish\/","name":"Publicar - Scientia International","isPartOf":{"@id":"https:\/\/scientia.international\/es\/#website"},"datePublished":"2024-08-22T17:00:58+00:00","dateModified":"2024-10-29T23:51:18+00:00","breadcrumb":{"@id":"https:\/\/scientia.international\/publish\/#breadcrumb"},"inLanguage":"pt-BR","potentialAction":[{"@type":"ReadAction","target":["https:\/\/scientia.international\/publish\/"]}]},{"@type":"BreadcrumbList","@id":"https:\/\/scientia.international\/publish\/#breadcrumb","itemListElement":[{"@type":"ListItem","position":1,"name":"Home","item":"https:\/\/scientia.international\/"},{"@type":"ListItem","position":2,"name":"Publish"}]},{"@type":"WebSite","@id":"https:\/\/scientia.international\/es\/#website","url":"https:\/\/scientia.international\/es\/","name":"Scientia International","description":"Ci\u00eancia global em acesso aberto!","potentialAction":[{"@type":"SearchAction","target":{"@type":"EntryPoint","urlTemplate":"https:\/\/scientia.international\/es\/?s={search_term_string}"},"query-input":{"@type":"PropertyValueSpecification","valueRequired":true,"valueName":"search_term_string"}}],"inLanguage":"pt-BR"}]}},"_links":{"self":[{"href":"https:\/\/scientia.international\/pt\/wp-json\/wp\/v2\/pages\/798","targetHints":{"allow":["GET"]}}],"collection":[{"href":"https:\/\/scientia.international\/pt\/wp-json\/wp\/v2\/pages"}],"about":[{"href":"https:\/\/scientia.international\/pt\/wp-json\/wp\/v2\/types\/page"}],"author":[{"embeddable":true,"href":"https:\/\/scientia.international\/pt\/wp-json\/wp\/v2\/users\/4"}],"replies":[{"embeddable":true,"href":"https:\/\/scientia.international\/pt\/wp-json\/wp\/v2\/comments?post=798"}],"version-history":[{"count":0,"href":"https:\/\/scientia.international\/pt\/wp-json\/wp\/v2\/pages\/798\/revisions"}],"wp:attachment":[{"href":"https:\/\/scientia.international\/pt\/wp-json\/wp\/v2\/media?parent=798"}],"curies":[{"name":"wp","href":"https:\/\/api.w.org\/{rel}","templated":true}]}}